{"id":3146,"date":"2022-09-05T17:18:16","date_gmt":"2022-09-05T15:18:16","guid":{"rendered":"https:\/\/www.kidstoo.ch\/?page_id=3146"},"modified":"2023-01-13T08:30:28","modified_gmt":"2023-01-13T07:30:28","slug":"institutions-et-partenaires","status":"publish","type":"page","link":"https:\/\/www.kidstoo.ch\/it\/a-propos\/institutions-et-partenaires\/","title":{"rendered":"Institutions et partenaires"},"content":{"rendered":"\n<p>Esiste un gran numero di istituzioni, enti e associazioni che si occupano di violenza in generale, violenza domestica, violenza coniugale con o senza figli.<br>Con questo elenco, KidsToo vuole facilitare la ricerca, l&#8217;identificazione delle istituzioni in termini di ubicazione, attivit\u00e0 o per parola chiave.<br>Se desiderate aggiungere una nuova voce, aggiungere\/correggere le attivit\u00e0 fornite e\/o proporre nuove parole chiave, fatecelo sapere <a href=\"https:\/\/www.kidstoo.ch\/a-propos\/contact_institutions\/\">qui<\/a>.<\/p>\n\n\n\n        <div class=\"institutions-filters  with-results\" data-maxPost=\"8\">\n        <div class=\"\">\n                            <h2>Istituzioni e partner<\/h2>\n                                    <div class=\"row\">\n                <div class=\"col-md-12\">\n                    <form action=\"\" method=\"post\">\n                                                <select name=\"region\" class=\"region-filter\"><option value=\"\">Ordina per regione<\/option><option value=\"258\" >Argovia<\/option><option value=\"262\" >Basilea Citt\u00e0<\/option><option value=\"260\" >Basilea-Landia<\/option><option value=\"185\" >Europa<\/option><option value=\"164\" >Internet<\/option><option value=\"167\" >Internet CH<\/option><option value=\"324\" >Liechtenstein<\/option><option value=\"170\" >Mondo<\/option><option value=\"222\" >Soletta<\/option><option value=\"193\" >Svizzera<\/option><option value=\"203\" >Svizzera francese<\/option><option value=\"196\" >Svizzera tedesca<\/option><option value=\"293\" >Ticino<\/option><\/select>\n\n                                                    <select name=\"activity\" class=\"activity-filter\"><option value=\"\">Ordina per attivit\u00e0<\/option><option value=\"305\" >Alloggi per donne<\/option><option value=\"412\" >Ascolto<\/option><option value=\"434\" >Consigli<\/option><option value=\"299\" >Consigli alle vittime<\/option><option value=\"336\" >Formazione<\/option><option value=\"303\" >Ospitalit\u00e0<\/option><option value=\"311\" >Struttura intercantonale<\/option><option value=\"312\" >Terapie<\/option><option value=\"317\" >Terapie Reati<\/option><\/select>                        <select name=\"keywords\" class=\"keywords-filter\"><option value=\"\">Ordina per parole chiave<\/option><option value=\"268\" >24\/7<\/option><option value=\"276\" >Ascolto<\/option><option value=\"277\" >LAV<\/option><option value=\"441\" >LAVI<\/option><option value=\"360\" >Quizz<\/option><option value=\"280\" >Rifugio par donne<\/option><option value=\"282\" >Supporto<\/option><\/select>                        <button type=\"submit\" class=\"btn\">Ricerca<\/button>\n                    <\/form>\n                <\/div>\n            <\/div>\n        <\/div>\n                    <div class=\"\">\n                <div class=\"institutions-by-category-list row\">\n                    \n<div class=\"col-lg-6\">\n    <div class=\"institutions-card\">\n        <div class=\"post-content-top\">\n                            <div class=\"categories\">\n                                            <span>Svizzera<\/span>\n                                    <\/div>\n                        <h4>147.ch ti rende pi\u00f9 forte \/ Projuventute<\/h4>\n                            <a href=\"tel:147\"><span>T<\/span>147<\/a><br>\n                                                    <a href=\"https:\/\/www.147.ch\/it\/il-tuo-contatto-con-noi\/telefono-147\/\"><span>W<\/span>https:\/\/www.147.ch\/it\/il-tuo-contatto-con-noi\/telefono-147\/<\/a><br>\n            \n            <i class=\"icon-angle-down-light open-content\"><\/i>\n        <\/div>\n        <div class=\"post-content\">\n            <p>Il modo pi\u00f9 veloce per metterti in contatto con noi \u00e8 chiamare il numero gratuito 147.<\/p>\n<div class=\"contactbox__text\">\n<p>Ecco come funziona:<\/p>\n<ol>\n<li>quando ci chiami, sentirai un breve testo di accoglienza registrato, poi a noi squiller\u00e0 il telefono;<\/li>\n<li>fai un bel respiro profondo e vedrai che di l\u00ec a poco risponderemo alla tua chiamata;<\/li>\n<li>non pensare troppo a quello che vorrai dirci. Sicuramente riusciremo a capirci, poco importa se il tuo problema \u00e8 piccolo o grande.<\/li>\n<\/ol>\n<\/div>\n        <\/div>\n\n    <\/div>\n<\/div>\n<div class=\"col-lg-6\">\n    <div class=\"institutions-card\">\n        <div class=\"post-content-top\">\n                            <div class=\"categories\">\n                                            <span>Internet CH<\/span>\n                                            <span>Svizzera<\/span>\n                                    <\/div>\n                        <h4>Aiuto-alle-vittime<\/h4>\n                                                    <a href=\"https:\/\/www.aide-aux-victimes.ch\/it\/\"><span>W<\/span>https:\/\/www.aide-aux-victimes.ch\/it\/<\/a><br>\n            \n            <i class=\"icon-angle-down-light open-content\"><\/i>\n        <\/div>\n        <div class=\"post-content\">\n            <p>Vi forniamo consulenza gratuita, confidenziale e anonima in tutta la Svizzera<\/p>\n<p>Elenco dei centri di assistenza alle vittime per cantone.<\/p>\n        <\/div>\n\n    <\/div>\n<\/div>\n<div class=\"col-lg-6\">\n    <div class=\"institutions-card\">\n        <div class=\"post-content-top\">\n                            <div class=\"categories\">\n                                            <span>Ticino<\/span>\n                                    <\/div>\n                        <h4>Casa Arm\u00f2nia (Sopraceneri)<\/h4>\n                            <a href=\"tel:+41.848.33.47.33\"><span>T<\/span>+41.848.33.47.33<\/a><br>\n                                                    <a href=\"https:\/\/www.associazionearmonia.ch\/\"><span>W<\/span>https:\/\/www.associazionearmonia.ch\/<\/a><br>\n            \n            <i class=\"icon-angle-down-light open-content\"><\/i>\n        <\/div>\n        <div class=\"post-content\">\n            <p>Associazione Arm\u00f2nia dispone di una struttura, Casa Arm\u00f2nia, che ospita le donne e i loro bambini per un periodo di tempo determinato. I contatti avvengono attraverso il picchetto telefonico, attivo giorno e notte, dal luned\u00ec alla domenica.<\/p>\n        <\/div>\n\n    <\/div>\n<\/div>\n<div class=\"col-lg-6\">\n    <div class=\"institutions-card\">\n        <div class=\"post-content-top\">\n                            <div class=\"categories\">\n                                            <span>Ticino<\/span>\n                                    <\/div>\n                        <h4>Casa delle Donne (Sottoceneri)<\/h4>\n                            <a href=\"tel:+41.78.624.90.70\"><span>T<\/span>+41.78.624.90.70<\/a><br>\n                                    \n            <i class=\"icon-angle-down-light open-content\"><\/i>\n        <\/div>\n        <div class=\"post-content\">\n            <p>Case protette per vittime di violenza domestica (donne con o senza figli)<\/p>\n        <\/div>\n\n    <\/div>\n<\/div>\n<div class=\"col-lg-6\">\n    <div class=\"institutions-card\">\n        <div class=\"post-content-top\">\n                            <div class=\"categories\">\n                                            <span>Svizzera<\/span>\n                                    <\/div>\n                        <h4>Conferenza Svizzera contro la Violenza Domestica (CSVD)<\/h4>\n                                                    <a href=\"https:\/\/csvd.ch\/it\/\"><span>W<\/span>https:\/\/csvd.ch\/it\/<\/a><br>\n            \n            <i class=\"icon-angle-down-light open-content\"><\/i>\n        <\/div>\n        <div class=\"post-content\">\n            <p>\u00e8 la riunione dei responsabili dei servizi cantonali di intervento e coordinamento contro la violenza domestica, garantisce lo scambio di informazioni fra i Cantoni, elabora dossier intercantonali e organizza un incontro nazionale annuale.<\/p>\n<p>La CSVD si impegna per la tolleranza zero della violenza domestica in ogni sua forma, la prevenzione della violenza domestica, la protezione delle vittime di violenza domestica, il sostegno alle persone interessate, sia bambini che adulti e il conseguente perseguimento penale della violenza domestica.<\/p>\n        <\/div>\n\n    <\/div>\n<\/div>\n<div class=\"col-lg-6\">\n    <div class=\"institutions-card\">\n        <div class=\"post-content-top\">\n                            <div class=\"categories\">\n                                            <span>Liechtenstein<\/span>\n                                            <span>Svizzera<\/span>\n                                    <\/div>\n                        <h4>DAO, l\u2019organizzazione mantello delle case protette per donne della Svizzera e del Liechtenstein<\/h4>\n                            <a href=\"tel:+41 77 535 56 25\"><span>T<\/span>+41 77 535 56 25<\/a><br>\n                                        <a href=\"mailto:dao@frauenhaus-schweiz.ch\"><span>E<\/span>dao@frauenhaus-schweiz.ch<\/a><br>\n                                        <a href=\"https:\/\/www.frauenhaeuser.ch\/it\"><span>W<\/span>https:\/\/www.frauenhaeuser.ch\/it<\/a><br>\n            \n            <i class=\"icon-angle-down-light open-content\"><\/i>\n        <\/div>\n        <div class=\"post-content\">\n            <p>La DAO, l\u2019organizzazione mantello delle case protette per donne della Svizzera e del Liechtenstein,<br \/>\nmette a disposizione le conoscenze specialistiche accumulate nel corso di lunghi anni sul tema della violenza domestica.<\/p>\n<p>Indirizzo:<br \/>\nDachorganisation der Frauenh\u00e4user Schweiz und Liechtenstein<br \/>\nCasella postale 2309<br \/>\n3001 Berna<\/p>\n        <\/div>\n\n    <\/div>\n<\/div>\n<div class=\"col-lg-6\">\n    <div class=\"institutions-card\">\n        <div class=\"post-content-top\">\n                            <div class=\"categories\">\n                                            <span>Ticino<\/span>\n                                    <\/div>\n                        <h4>Fondazione ASPI Aiuto, sostegno e protezione dell\u2019infanzia<\/h4>\n                            <a href=\"tel:+41.91.943.57.47\"><span>T<\/span>+41.91.943.57.47<\/a><br>\n                                                    <a href=\"https:\/\/www2.aspi.ch\/\"><span>W<\/span>https:\/\/www2.aspi.ch\/<\/a><br>\n            \n            <i class=\"icon-angle-down-light open-content\"><\/i>\n        <\/div>\n        <div class=\"post-content\">\n            <p>La prerogativa principale della Fondazione \u00e8 di prevenire gli abusi sessuali e i maltrattamenti sui minori.<\/p>\n<p>Adresse:<br \/>\nvia Povr\u00f2 16<br \/>\n6932 Breganzona (Massagno)<\/p>\n        <\/div>\n\n    <\/div>\n<\/div>\n<div class=\"col-lg-6\">\n    <div class=\"institutions-card\">\n        <div class=\"post-content-top\">\n                            <div class=\"categories\">\n                                            <span>Argovia<\/span>\n                                            <span>Soletta<\/span>\n                                    <\/div>\n                        <h4>Frauenhaus Aargau-Solothurn<\/h4>\n                            <a href=\"tel:+41 62 823 86 00\"><span>T<\/span>+41 62 823 86 00<\/a><br>\n                                        <a href=\"mailto:info@frauenhaus-ag-so.ch\"><span>E<\/span>info@frauenhaus-ag-so.ch<\/a><br>\n                                        <a href=\"https:\/\/www.frauenhaus-ag-so.ch\/\"><span>W<\/span>https:\/\/www.frauenhaus-ag-so.ch\/<\/a><br>\n            \n            <i class=\"icon-angle-down-light open-content\"><\/i>\n        <\/div>\n        <div class=\"post-content\">\n            <p>Con noi \u00e8 al sicuro, e trover\u00e0 pace e tranquillit\u00e0, per pianificare i passi successivi con il nostro sostegno. La informeremo e la consiglieremo sulle Sue possibilit\u00e0 dal punto di vista legale, La accompagneremo agli appuntamenti e La metteremo in contatto con altri esperti. La diamo supporto nelle questioni di tipo educativo, e i bambini sono regolarmente seguiti da personale specializzato.<\/p>\n<p>Adresse:<br \/>\nPostfach 2329<br \/>\n5001 Aarau<\/p>\n        <\/div>\n\n    <\/div>\n<\/div>\n                                    <\/div>\n                                    <div class=\"text-center spinner\">\n                        <img decoding=\"async\" src=\"https:\/\/www.kidstoo.ch\/app\/themes\/child\/assets\/images\/spinner.svg\" class=\"load-more-btn\" data-count-post=\"8\" data-post-per-page=\"8\">\n                    <\/div>\n                            <\/div>\n            <\/div>\n    \n    ","protected":false},"excerpt":{"rendered":"<p>Esiste un gran numero di istituzioni, enti e associazioni che si occupano di violenza in generale, violenza domestica, violenza coniugale con o senza figli.Con questo elenco, KidsToo vuole facilitare la ricerca, l&#8217;identificazione delle istituzioni in termini di ubicazione, attivit\u00e0 o per parola chiave.Se desiderate aggiungere una nuova voce, aggiungere\/correggere le attivit\u00e0 fornite e\/o proporre nuove [&hellip;]<\/p>\n","protected":false},"author":8,"featured_media":0,"parent":3195,"menu_order":3,"comment_status":"closed","ping_status":"closed","template":"","meta":{"_acf_changed":false,"footnotes":""},"class_list":["post-3146","page","type-page","status-publish","hentry"],"acf":[],"aioseo_notices":[],"_links":{"self":[{"href":"https:\/\/www.kidstoo.ch\/it\/wp-json\/wp\/v2\/pages\/3146","targetHints":{"allow":["GET"]}}],"collection":[{"href":"https:\/\/www.kidstoo.ch\/it\/wp-json\/wp\/v2\/pages"}],"about":[{"href":"https:\/\/www.kidstoo.ch\/it\/wp-json\/wp\/v2\/types\/page"}],"author":[{"embeddable":true,"href":"https:\/\/www.kidstoo.ch\/it\/wp-json\/wp\/v2\/users\/8"}],"replies":[{"embeddable":true,"href":"https:\/\/www.kidstoo.ch\/it\/wp-json\/wp\/v2\/comments?post=3146"}],"version-history":[{"count":2,"href":"https:\/\/www.kidstoo.ch\/it\/wp-json\/wp\/v2\/pages\/3146\/revisions"}],"predecessor-version":[{"id":3148,"href":"https:\/\/www.kidstoo.ch\/it\/wp-json\/wp\/v2\/pages\/3146\/revisions\/3148"}],"up":[{"embeddable":true,"href":"https:\/\/www.kidstoo.ch\/it\/wp-json\/wp\/v2\/pages\/3195"}],"wp:attachment":[{"href":"https:\/\/www.kidstoo.ch\/it\/wp-json\/wp\/v2\/media?parent=3146"}],"curies":[{"name":"wp","href":"https:\/\/api.w.org\/{rel}","templated":true}]}}