{"id":6385,"date":"2024-07-11T14:37:09","date_gmt":"2024-07-11T12:37:09","guid":{"rendered":"https:\/\/www.kidstoo.ch\/projets-2\/couts-de-la-violence-domestique\/"},"modified":"2024-11-12T11:19:35","modified_gmt":"2024-11-12T10:19:35","slug":"couts-de-la-violence-domestique","status":"publish","type":"page","link":"https:\/\/www.kidstoo.ch\/en\/projets-2\/couts-de-la-violence-domestique\/","title":{"rendered":"Co\u00fbts de la violence domestique"},"content":{"rendered":"\n<h2 class=\"wp-block-heading\">Domestic violence has a cost<\/h2>\n\n\n\n<div class=\"wp-block-group is-style-box-color has-black-color has-white-background-color has-text-color has-background is-layout-flow wp-block-group-is-layout-flow\">\n<h3 class=\"wp-block-heading\">Political choices and the costs of domestic violence<\/h3>\n\n\n\n<p class=\"is-style-heading-p\">At the level of political decision-makers, it makes sense to allocate the resources available, whether in terms of personnel, structures or infrastructure, in line with political objectives or international commitments.<\/p>\n\n\n\n<p>To this end, if the political objectives or international commitments are relatively easy to define or identify, the appropriate allocation depends on the quality of the information available.<\/p>\n\n\n\n<p class=\"is-style-heading-p\">The Federal Office for Gender Equality ( FOGE ) lists a large number of reports, studies, etc. relating to domestic violence (lin<a href=\"https:\/\/www.ebg.admin.ch\/en\/publications-violence-en\" title=\"\">https:\/\/www.ebg.admin.ch\/en\/publications-violence-en<\/a>k).<\/p>\n\n\n\n<h4 class=\"wp-block-heading\">2013 study on the costs of violence in relationships (2011 figures)<\/h4>\n\n\n\n<p>In Switzerland, the costs of domestic violence were estimated in a 2013 study commissioned from INFRAS by the Federal Office for Gender Equality. This report is available in <a href=\"https:\/\/www.kidstoo.ch\/app\/uploads\/Couts_ViolDom_Couple_2013_Long_FR.pdf\">long form <\/a>or as a <a href=\"https:\/\/www.kidstoo.ch\/app\/uploads\/Couts_ViolDom_Couple_2013_Court_FR.pdf\">summary<\/a>).<\/p>\n\n\n\n<blockquote class=\"wp-block-quote is-layout-flow wp-block-quote-is-layout-flow\">\n<p>&#8220;Tous les co\u00fbts occasionn\u00e9s par la violence dans les relations de couple n\u2019ont pas pu \u00eatre calcul\u00e9s dans le cadre de cette recherche. Il manque en effet notamment les bases de donn\u00e9es n\u00e9cessaires pour d\u00e9terminer les co\u00fbts des proc\u00e9dures judiciaires, les co\u00fbts des offres de soutien destin\u00e9es aux enfants expos\u00e9s \u00e0 la violence conjugale, y compris les probl\u00e8mes de sant\u00e9 qui d\u00e9coulent de cette violence. Or, il pourrait s\u2019agir de montants non n\u00e9gligeables, car l\u2019exposition \u00e0 la violence a de vastes r\u00e9percussions, qui peuvent durer toute une vie. Sans oublier que les enfants ainsi expos\u00e9s encourent un risque tr\u00e8s important de devenir \u00e0 leur tour victimes ou auteur\u00b7e\u00b7s d\u2019actes de violence \u00e0 l\u2019\u00e2ge adulte.&#8221;<\/p>\n<cite>Extract from the foreword by the Director of the FOGE<\/cite><\/blockquote>\n\n\n\n<div class=\"wp-block-buttons is-layout-flex wp-block-buttons-is-layout-flex\">\n<div class=\"wp-block-button is-style-btn-secondary\"><a class=\"wp-block-button__link has-black-color has-luminous-vivid-amber-background-color has-text-color has-background wp-element-button\" href=\"https:\/\/www.kidstoo.ch\/en\/projets-2\/couts-lies-aux-enfants\/\">Children-related costs<\/a><\/div>\n<\/div>\n\n\n\n<div class=\"wp-block-group is-style-box-color has-black-color has-text-color is-layout-flow wp-block-group-is-layout-flow\">\n<h5 class=\"wp-block-heading\">Results of the study in figures<\/h5>\n\n\n\n<p>The main costs calculated are<\/p>\n\n\n\n<figure class=\"wp-block-table\"><table class=\"has-black-color has-text-color\"><thead><tr><th>Type of cost for domestic violence within a couple<\/th><th class=\"has-text-align-right\" data-align=\"right\">Estimated amount<br>in millions of CHF<\/th><\/tr><\/thead><tbody><tr><td>Direct tangible costs for 2011<\/td><td class=\"has-text-align-right\" data-align=\"right\">124 &#8211; 186<\/td><\/tr><tr><td>Indirect tangible costs for 2011<\/td><td class=\"has-text-align-right\" data-align=\"right\">40 &#8211; 102<\/td><\/tr><tr><td><strong>Total tangible costs (annual costs for 2011)<\/strong><\/td><td class=\"has-text-align-right\" data-align=\"right\"><strong>164 &#8211; 287<\/strong><\/td><\/tr><tr><td><strong>Intangible costs (loss of quality of life, lifelong costs)<\/strong><\/td><td class=\"has-text-align-right\" data-align=\"right\"><strong>1969<\/strong><\/td><\/tr><tr><td>Total annual costs of domestic violence within a couple<\/td><td class=\"has-text-align-right\" data-align=\"right\">n\/a<\/td><\/tr><\/tbody><\/table><\/figure>\n\n\n\n<p>The authors of the report point out that tangible costs (for one year) and intangible costs (over a lifetime) cannot be added together.<\/p>\n\n\n\n<p>This is why, in political presentations of the annual costs of domestic\/domestic violence, figures of between 164 and 287 million are used rather than an annual cost of between 2&#8217;133 and 2&#8217;256 million.<\/p>\n<\/div>\n\n\n\n<div class=\"wp-block-group is-style-box-color has-black-color has-text-color is-layout-flow wp-block-group-is-layout-flow\">\n<h4 class=\"wp-block-heading\">Extrapolation to the costs of domestic violence<\/h4>\n\n\n\n<p>In the method used by the authors of the 2013 study, they used an average factor of 75% to represent the costs within the couple compared with the costs of domestic violence.<\/p>\n\n\n\n<p>In addition, in an exchange of e-mails with the INFRAS institute in November 2020, the latter admitted that, if the tangible and intangible costs cannot be added together, <em><strong>all other things being equal<\/strong><\/em>, it is legitimate to add them together. The BFEG was then informed of this possibility.<\/p>\n\n\n\n<figure class=\"wp-block-table\"><table class=\"has-black-color has-text-color\"><thead><tr><th>Type of cost for <em>domestic<\/em> violence<\/th><th class=\"has-text-align-right\" data-align=\"right\">Estimated amount<br>in millions of CHF<\/th><\/tr><\/thead><tbody><tr><td>Direct tangible costs for 2011<\/td><td class=\"has-text-align-right\" data-align=\"right\">165 &#8211; 248<\/td><\/tr><tr><td>Indirect tangible costs for 2011<\/td><td class=\"has-text-align-right\" data-align=\"right\">53 &#8211; 136<\/td><\/tr><tr><td><strong>Total tangible costs (annual costs for 2011)<\/strong><\/td><td class=\"has-text-align-right\" data-align=\"right\"><strong>218 &#8211; 384<\/strong><\/td><\/tr><tr><td><strong>Intangible costs (loss of quality of life, lifelong costs)<\/strong><\/td><td class=\"has-text-align-right\" data-align=\"right\"><strong>2&#8217;625<\/strong><\/td><\/tr><tr><td><strong><em>Total annual costs of domestic violence (all other things being equal in 2011)<\/em><\/strong><\/td><td class=\"has-text-align-right\" data-align=\"right\"><strong><em>2&#8217;843 &#8211; 3&#8217;009<\/em><\/strong><\/td><\/tr><\/tbody><\/table><\/figure>\n\n\n\n<p>Domestic violence generates annual costs of at least 3 billion, although it has not been possible to put a figure on all the costs (see the quote from the President of the FOGE mentioned above).<\/p>\n<\/div>\n<\/div>\n\n\n\n<p class=\"has-red-color-background-color has-background\">Between the figures used at political level and the estimate, the latter is ten times more costly to society. Economically, it makes sense to allocate substantial resources to studying and preventing domestic violence and punishing the perpetrators.<\/p>\n","protected":false},"excerpt":{"rendered":"<p>Domestic violence has a cost Political choices and the costs of domestic violence At the level of political decision-makers, it makes sense to allocate the resources available, whether in terms of personnel, structures or infrastructure, in line with political objectives or international commitments. To this end, if the political objectives or international commitments are relatively [&hellip;]<\/p>\n","protected":false},"author":8,"featured_media":0,"parent":6312,"menu_order":2,"comment_status":"closed","ping_status":"closed","template":"","meta":{"_acf_changed":false,"footnotes":""},"class_list":["post-6385","page","type-page","status-publish","hentry"],"acf":[],"aioseo_notices":[],"_links":{"self":[{"href":"https:\/\/www.kidstoo.ch\/en\/wp-json\/wp\/v2\/pages\/6385","targetHints":{"allow":["GET"]}}],"collection":[{"href":"https:\/\/www.kidstoo.ch\/en\/wp-json\/wp\/v2\/pages"}],"about":[{"href":"https:\/\/www.kidstoo.ch\/en\/wp-json\/wp\/v2\/types\/page"}],"author":[{"embeddable":true,"href":"https:\/\/www.kidstoo.ch\/en\/wp-json\/wp\/v2\/users\/8"}],"replies":[{"embeddable":true,"href":"https:\/\/www.kidstoo.ch\/en\/wp-json\/wp\/v2\/comments?post=6385"}],"version-history":[{"count":2,"href":"https:\/\/www.kidstoo.ch\/en\/wp-json\/wp\/v2\/pages\/6385\/revisions"}],"predecessor-version":[{"id":6397,"href":"https:\/\/www.kidstoo.ch\/en\/wp-json\/wp\/v2\/pages\/6385\/revisions\/6397"}],"up":[{"embeddable":true,"href":"https:\/\/www.kidstoo.ch\/en\/wp-json\/wp\/v2\/pages\/6312"}],"wp:attachment":[{"href":"https:\/\/www.kidstoo.ch\/en\/wp-json\/wp\/v2\/media?parent=6385"}],"curies":[{"name":"wp","href":"https:\/\/api.w.org\/{rel}","templated":true}]}}