{"id":6372,"date":"2024-02-24T17:54:02","date_gmt":"2024-02-24T16:54:02","guid":{"rendered":"https:\/\/www.kidstoo.ch\/projets-2\/couts-lies-aux-enfants\/"},"modified":"2024-11-11T17:57:13","modified_gmt":"2024-11-11T16:57:13","slug":"couts-lies-aux-enfants","status":"publish","type":"page","link":"https:\/\/www.kidstoo.ch\/en\/projets-2\/couts-lies-aux-enfants\/","title":{"rendered":"Co\u00fbts li\u00e9s aux enfants"},"content":{"rendered":"\n<h2 class=\"wp-block-heading\">Children-related costs<\/h2>\n\n\n\n    <div class=\"accordions \">\n                        <div class=\"accordion-item\">\n                    <div class=\"accordion-header\">\n                        <h3>Extracts from the recommendations of the 2013 FOGE study<\/h3>\n                    <\/div>\n                    <div class=\"accordion-content\">\n                        <p>Dans son avant-propos de la Pr\u00e9sidente du BFEG, mentionnait (le passage mis en gras est du fait de la fondation):<\/p>\n<blockquote><p>Il est \u00e0 noter que tous les co\u00fbts occasionn\u00e9s par la violence dans les relations de couple n\u2019ont pas pu \u00eatre calcul\u00e9s dans le cadre de cette recherche. Il manque en effet notamment les bases de donn\u00e9es n\u00e9cessaires pour d\u00e9terminer les co\u00fbts des proc\u00e9dures judiciaires, les co\u00fbts des offres de soutien destin\u00e9es aux enfants expos\u00e9s \u00e0 la violence conjugale, y compris les probl\u00e8mes de sant\u00e9 qui d\u00e9coulent de cette violence. Or, il pourrait s\u2019agir de montants non n\u00e9gligeables, car l\u2019exposition \u00e0 la violence a de vastes r\u00e9percussions, qui peuvent durer toute une vie. <strong>Sans oublier que les enfants ainsi expos\u00e9s encourent un risque tr\u00e8s important de devenir \u00e0 leur tour victimes ou auteur\u00b7e\u00b7s d\u2019actes de violence \u00e0 l\u2019\u00e2ge adulte.<\/strong><\/p><\/blockquote>\n<p>Dans les conclusions et recommandations de cette \u00e9tude, il ressort que:<\/p>\n<blockquote><p>Faute de donn\u00e9es, nous n\u2019avons pas pu calculer les co\u00fbts encourus dans certains domaines tr\u00e8s importants, en particulier les charges des autorit\u00e9s de protection de l\u2019enfant et de l\u2019adulte, ainsi que les frais de soutien et de sant\u00e9 des enfants expos\u00e9s \u00e0 la violence.<\/p>\n<p><em>Pour la protection de l&#8217;enfant et de l&#8217;adulte<\/em>: Dans ce domaine, nous pr\u00e9sumons que les co\u00fbts dus \u00e0 la violence dans les relations de couple sont assez \u00e9lev\u00e9s, mais il n\u2019existe pour ainsi dire pas de donn\u00e9es \u00e0 ce sujet.<br \/>\n\u203a La statistique relative \u00e0 la protection de l\u2019enfant et de l\u2019adulte (nouvelle statistique \u00e0 partir de 2013)<span style=\"color: #ff0000;\">*<\/span> devrait recenser aussi les donn\u00e9es relatives aux mesures de protection de l\u2019enfant en rapport avec la violence dans les relations de couple. Il faudrait pouvoir indiquer comme cause principale \u00ab violence domestique \u00bb ou \u00ab violence entre partenaires \u00bb. A ce jour, les seules mentions possibles sont \u00ab maltraitance \u00bb, \u00ab conflits d\u2019autonomie \u00bb, \u00ab probl\u00e8mes de droit de visite \u00bb, \u00ab contribution d\u2019entretien \u00e0 r\u00e9gler \u00bb, \u00ab probl\u00e8mes d\u2019\u00e9ducation \u00bb, \u00ab troubles du comportement \u00bb , \u00ab autres motifs \u00bb ou \u00ab pas encore d\u00e9termin\u00e9 \u00bb.<\/p>\n<p><em>Pour les offres de soutien et prise en charge m\u00e9dicale des enfants<\/em>: Les donn\u00e9es sur les enfants expos\u00e9s \u00e0 la violence conjugale sont insuffisantes.<br \/>\n\u203a Il faudrait effectuer une recherche approfondie sur l\u2019ampleur de l\u2019exposition \u00e0 la violence et son impact ainsi que sur les traitements m\u00e9dicaux et autres prestations de soutien dispens\u00e9s \u00e0 ces enfants. On pourrait en tirer des recommandations utiles pour la collecte de donn\u00e9es \u00e0 l\u2019avenir.<\/p><\/blockquote>\n<p><span style=\"color: #ff0000;\">*<\/span>KidsToo n&#8217;a pas trouv\u00e9 les donn\u00e9es de cette nouvelle statistique.<\/p>\n                    <\/div>\n                <\/div>\n            <\/div>\n\n\n\n\n<div class=\"wp-block-group is-style-box-color has-black-color has-white-background-color has-text-color has-background is-layout-flow wp-block-group-is-layout-flow\">\n<h3 class=\"wp-block-heading has-light-red-color-background-color has-background\">Feasibility study<\/h3>\n\n\n\n<p>KidsToo commissioned <a href=\"https:\/\/www.socialinsight.ch\/index.php\/francais\">Social Insight<\/a> to carry out a feasibility study<\/p>\n\n\n\n<h4 class=\"wp-block-heading\">Objectives<\/h4>\n\n\n\n<p>The study is available here <a href=\"https:\/\/www.kidstoo.ch\/app\/uploads\/Couts_Enfants_SI2022_FR.pdf\">(FR,<\/a> <a href=\"https:\/\/www.kidstoo.ch\/app\/uploads\/Machbarkeitsstudie-Social-Insight_DE.pdf\">DE<\/a>).<\/p>\n<p><strong>International literature search:<\/strong><\/p>\n<p>&#8211; What international and national studies have been carried out on this topic? What are the conclusions of these studies?<\/p>\n<p>&#8211; Where and in what areas are costs specific to children generated?<\/p>\n<p><strong>Examination of the situation in Switzerland:<\/strong><\/p>\n<p>&#8211; What is the situation in Switzerland from the point of view of a study on the costs of violence in couples focusing on children? What are the opportunities and difficulties? What interests are involved, who are the stakeholders and what are the strategic considerations?<\/p>\n<p>&#8211; What are the forms of data collection relating to children in the various fields? What is the current quality and accessibility of data, and what statistics are available? Are there any exemplary studies\/data files that provide a basis and knowledge for a cost study?<\/p>\n\n\n\n<h4 class=\"wp-block-heading\">Conclusion in a nutshell<\/h4>\n\n\n\n<p>The feasibility study concludes that<strong>a cost study on the social costs of violence in relationships and in relation to children cannot be carried out on its own<\/strong>, i.e. on the basis of standard data and existing statistics from those involved in this field. Nevertheless, if we wish to carry out an initial cost study, we cannot avoid, at least in part, undertaking additional specific research and developing basic data for the necessary calculations; in other words, obtaining certain data by means of our own primary surveys and\/or targeted secondary analyses. Whether in terms of numbers of cases or costs per case. As a result, the feasibility of a cost study implies that the investment in time and money for implementation is higher than if we could work with existing data\/sets. On the other hand, a targeted selection and judicious delimitation of the problems and cost areas to be studied are necessary to keep the study within a manageable framework.<\/p>\n<\/div>\n\n\n\n<div class=\"wp-block-group is-style-box-color has-black-color has-white-background-color has-text-color has-background is-layout-flow wp-block-group-is-layout-flow\">\n<h4 class=\"wp-block-heading\" id=\"Co\u00fbtsSocial_Insight_Variantes\">Possible variations<\/h4>\n\n\n\n<div class=\"wp-block-group is-style-box-color has-black-color has-white-background-color has-text-color has-background is-layout-flow wp-block-group-is-layout-flow\">\n<p><strong>1) Retrospective study of the costs of real-time interventions by specialist services.<\/strong><\/p>\n\n\n\n<p>The quantities and costs are relatively easy for these services to understand; a willingness to cooperate can often be expected; extrapolations for the whole of Switzerland are possible to a certain extent; the cost items that can be calculated are those relating to short-term expenditure.<\/p>\n\n\n\n<p><strong>2) Exemplary cost calculations based on specific cases.<\/strong><\/p>\n\n\n\n<p>For this work, which also uses a qualitative methodology, it is essential to ensure good cooperation with the data collection services; for example, two to four cases (or more) per age group (infants, middle-aged and older children; \u2018simple\u2019 and \u2018serious\u2019 cases).<\/p>\n\n\n\n<p><strong>3) Prospective research: occurrence and costs in different fields of intervention.<\/strong><\/p>\n\n\n\n<p>A costly study, as a large number of baselines (in various fields) need to be developed for the survey; the study could uncover a great deal of new knowledge for the field of child-related costs; it needs to be assessed whether this is worthwhile or whether the political route should take precedence, i.e. that in future the relevant services should be obliged to collect data via the policy. During the interviews, it was also suggested that the subject should be extended to <em>all <\/em>forms of endangerment of children&#8217;s well-being (in addition to the co-incidence of parental violence within the couple, psychological violence, physical violence, neglect and sexual violence should also be included).<\/p>\n\n\n\n<p><strong>4) Cost estimates based on health prevalence studies (top-down approach).<\/strong><\/p>\n\n\n\n<p>Some of the experts interviewed felt that the top-down approach was more relevant than the bottom-up proposals, which were also described as \u2018pea-counting\u2019. It is important to substantiate the assumptions of the top-down approach (number of people affected, type of loads, treatment costs) in discussions with experts, so that valid calculations can be made.<\/p>\n\n\n\n<p><strong>5) Micro-study: costs of access, regulation and enforcement.<\/strong><\/p>\n\n\n\n<p>According to the experts interviewed, this topic is necessary because major problems are often observed in the area of \u2018access rights\u2019 and considerable costs are generated; this is further exacerbated when violence in the parents&#8217; relationship continues after separation.<\/p>\n\n\n\n<p><strong>6) Budgeting study<\/strong>.<\/p>\n\n\n\n<p>A study using the budgeting approach would be a novelty in Switzerland; an expert drew our attention to this approach. According to our information, there are as yet no studies of this type in Europe, as the subject is more commonly addressed in the South. Such a study would therefore be an innovative approach.<\/p>\n<\/div>\n\n\n\n<p class=\"has-light-red-color-background-color has-background\">The KidsToo Council has decided to carry out a study in line with the proposal on custody and visiting rights. This project is presented <a href=\"https:\/\/www.kidstoo.ch\/en\/projets-2\/les-enfants-de-la-violence-domestique\/\" title=\"\">here<\/a>.<\/p>\n<\/div>\n\n\n\n<p><\/p>\n","protected":false},"excerpt":{"rendered":"<p>Children-related costs Feasibility study KidsToo commissioned Social Insight to carry out a feasibility study Objectives The study is available here (FR, DE). International literature search: &#8211; What international and national studies have been carried out on this topic? What are the conclusions of these studies? &#8211; Where and in what areas are costs specific to [&hellip;]<\/p>\n","protected":false},"author":8,"featured_media":0,"parent":6312,"menu_order":0,"comment_status":"closed","ping_status":"closed","template":"","meta":{"_acf_changed":false,"footnotes":""},"class_list":["post-6372","page","type-page","status-publish","hentry"],"acf":[],"aioseo_notices":[],"_links":{"self":[{"href":"https:\/\/www.kidstoo.ch\/en\/wp-json\/wp\/v2\/pages\/6372","targetHints":{"allow":["GET"]}}],"collection":[{"href":"https:\/\/www.kidstoo.ch\/en\/wp-json\/wp\/v2\/pages"}],"about":[{"href":"https:\/\/www.kidstoo.ch\/en\/wp-json\/wp\/v2\/types\/page"}],"author":[{"embeddable":true,"href":"https:\/\/www.kidstoo.ch\/en\/wp-json\/wp\/v2\/users\/8"}],"replies":[{"embeddable":true,"href":"https:\/\/www.kidstoo.ch\/en\/wp-json\/wp\/v2\/comments?post=6372"}],"version-history":[{"count":1,"href":"https:\/\/www.kidstoo.ch\/en\/wp-json\/wp\/v2\/pages\/6372\/revisions"}],"predecessor-version":[{"id":6390,"href":"https:\/\/www.kidstoo.ch\/en\/wp-json\/wp\/v2\/pages\/6372\/revisions\/6390"}],"up":[{"embeddable":true,"href":"https:\/\/www.kidstoo.ch\/en\/wp-json\/wp\/v2\/pages\/6312"}],"wp:attachment":[{"href":"https:\/\/www.kidstoo.ch\/en\/wp-json\/wp\/v2\/media?parent=6372"}],"curies":[{"name":"wp","href":"https:\/\/api.w.org\/{rel}","templated":true}]}}