{"id":3027,"date":"2021-09-17T08:29:42","date_gmt":"2021-09-17T08:29:42","guid":{"rendered":"https:\/\/www.kidstoo.ch\/privacy-policy\/"},"modified":"2021-09-17T08:29:42","modified_gmt":"2021-09-17T08:29:42","slug":"privacy-policy","status":"publish","type":"page","link":"https:\/\/www.kidstoo.ch\/en\/privacy-policy\/","title":{"rendered":"Conditions d&#8217;utilisation"},"content":{"rendered":"\n<h3 class=\"wp-block-heading\">Fondation KidsToo, reconnue d&#8217;utilit\u00e9 publique<\/h3>\n\n\n\n<p>Notre site internet: www.kidstoo.ch<\/p>\n\n\n\n<h4 class=\"wp-block-heading\">Commentaires<\/h4>\n\n\n\n<p>Lorsque des visiteurs laissent un commentaire sur notre site, nous collectons les donn\u00e9es indiqu\u00e9es dans le formulaire des commentaires ainsi que l&#8217;adresse IP, et du navigateur utilis\u00e9 dans le but de faciliter la d\u00e9tection de pourriel (spam).<\/p>\n\n\n\n<p>Un string anonymis\u00e9, cr\u00e9\u00e9 \u00e0 partir de votre adresse email, peut \u00eatre transis au service Gravatar pour savoir si vous utiliser ce service. La politique de confidentialit\u00e9 de Gravatar est disponible <a href=\"https:\/\/automattic.com\/privacy\/\">ici<\/a>. Une fois votre commentaire approuv\u00e9, votre photo de profil est visible en liaison avec votre commentaire.<\/p>\n\n\n\n<h4 class=\"wp-block-heading\">Media<\/h4>\n\n\n\n<p>Si vous chargez des images dans le site web, vous devez \u00e9viter d&#8217;int\u00e9grer des fichiers contenant des donn\u00e9es de localisation int\u00e9gr\u00e9es (EXIF GPS). Des visiteurs du site peuvent t\u00e9l\u00e9charger et extraire toute donn\u00e9e de localisation des images pr\u00e9sentes sur le site internet de la fondation.<\/p>\n\n\n\n<h4 class=\"wp-block-heading\">Cookies<\/h4>\n\n\n\n<p>Lorsque vous acc\u00e9dez \u00e0 notre site, nous enregistrons un cookie temporaire pour d\u00e9terminer si nous devons \u00e0 nouveau afficher la fen\u00eatre traitant de la navigation priv\u00e9e.<\/p>\n\n\n\n<p>Vous avez aussi le choix d&#8217;accepter ou refuser l&#8217;enregistrement de cookies non n\u00e9cessaires au fonctionnement du site mais qui permettent \u00e0 la fondation de l&#8217;am\u00e9liorer dans le futur. <\/p>\n\n\n\n<h4 class=\"wp-block-heading\">Contenu int\u00e9gr\u00e9 d&#8217;autres sites internet<\/h4>\n\n\n\n<p>Des articles de ce site peuvent contenir des contenus int\u00e9gr\u00e9s (p. ex. vid\u00e9os, images, articles, etc.). Le contenu int\u00e9gr\u00e9 d&#8217;autres sites fonctionne exactement de la m\u00eame mani\u00e8re que si le visiteur visitait l&#8217;autre site.<\/p>\n\n\n\n<p>These websites may collect data about you, use cookies, embed additional third-party tracking, and monitor your interaction with that embedded content, including tracking your interaction with the embedded content if you have an account and are logged in to that website.<\/p>\n\n\n\n<h4 class=\"wp-block-heading\">Combien de temps conservons-nous vos donn\u00e9es<\/h4>\n\n\n\n<p>Si vous laissez un commentaire, celui-ci et les donn\u00e9es associ\u00e9es (metadata) sont conserv\u00e9s ind\u00e9finiment. Ceci pour nous permettre \u00e9ventuellement de reconna\u00eetre et approuver des commentaires subs\u00e9quents de mani\u00e8re automatique au lieu des les retenir dans un tampon de mod\u00e9ration.<\/p>\n\n\n\n<h4 class=\"wp-block-heading\">Quels sont vos droits quant \u00e0 vos donn\u00e9es<\/h4>\n\n\n\n<p>Vos droits correspondent \u00e0 la loi suisse de la protection des donn\u00e9es en vigueur.<\/p>\n\n\n\n<h4 class=\"wp-block-heading\">O\u00f9 envoyons-nous vos donn\u00e9es<\/h4>\n\n\n\n<p>Les commentaires de visiteurs peuvent \u00eatre analys\u00e9s via un service de d\u00e9tection automatique de pourriel (spam).<\/p>\n","protected":false},"excerpt":{"rendered":"<p>Fondation KidsToo, reconnue d&#8217;utilit\u00e9 publique Notre site internet: www.kidstoo.ch Commentaires Lorsque des visiteurs laissent un commentaire sur notre site, nous collectons les donn\u00e9es indiqu\u00e9es dans le formulaire des commentaires ainsi que l&#8217;adresse IP, et du navigateur utilis\u00e9 dans le but de faciliter la d\u00e9tection de pourriel (spam). Un string anonymis\u00e9, cr\u00e9\u00e9 \u00e0 partir de votre [&hellip;]<\/p>\n","protected":false},"author":1,"featured_media":0,"parent":0,"menu_order":0,"comment_status":"closed","ping_status":"open","template":"","meta":{"_acf_changed":false,"footnotes":""},"class_list":["post-3027","page","type-page","status-publish","hentry"],"acf":[],"aioseo_notices":[],"_links":{"self":[{"href":"https:\/\/www.kidstoo.ch\/en\/wp-json\/wp\/v2\/pages\/3027","targetHints":{"allow":["GET"]}}],"collection":[{"href":"https:\/\/www.kidstoo.ch\/en\/wp-json\/wp\/v2\/pages"}],"about":[{"href":"https:\/\/www.kidstoo.ch\/en\/wp-json\/wp\/v2\/types\/page"}],"author":[{"embeddable":true,"href":"https:\/\/www.kidstoo.ch\/en\/wp-json\/wp\/v2\/users\/1"}],"replies":[{"embeddable":true,"href":"https:\/\/www.kidstoo.ch\/en\/wp-json\/wp\/v2\/comments?post=3027"}],"version-history":[{"count":0,"href":"https:\/\/www.kidstoo.ch\/en\/wp-json\/wp\/v2\/pages\/3027\/revisions"}],"wp:attachment":[{"href":"https:\/\/www.kidstoo.ch\/en\/wp-json\/wp\/v2\/media?parent=3027"}],"curies":[{"name":"wp","href":"https:\/\/api.w.org\/{rel}","templated":true}]}}