{"id":851,"date":"2022-10-06T10:44:58","date_gmt":"2022-10-06T08:44:58","guid":{"rendered":"https:\/\/www.kidstoo.ch\/?page_id=851"},"modified":"2025-09-23T08:41:51","modified_gmt":"2025-09-23T06:41:51","slug":"la-fondation","status":"publish","type":"page","link":"https:\/\/www.kidstoo.ch\/de\/a-propos-2\/la-fondation\/","title":{"rendered":"La fondation"},"content":{"rendered":"\n<div class=\"wp-block-group is-style-box-color has-black-color has-white-background-color has-text-color has-background is-layout-flow wp-block-group-is-layout-flow\">\n<h1 class=\"wp-block-heading\" style=\"text-transform:capitalize\">Die Stiftung<\/h1>\n\n\n\n<p>Die Stiftung KidsToo wurde am 11. Dezember 2020 gegr\u00fcndet und am 23. Februar 2021 in <a href=\"https:\/\/www.kidstoo.ch\/app\/uploads\/CHE-336.399.020_RC-1.pdf\" title=\"\">Handelsregister <\/a>eingetragen. Am 30. M\u00e4rz 2021 wurde die Stiftung KidsToo von der jurassischen Steuerbeh\u00f6rde als gemeinn\u00fctzig anerkannt und ist somit von s\u00e4mtlichen Steuern befreit.<\/p>\n\n\n\n<p>Die Stiftung KidsToo unterliegt der Kontrolle der Eidgen\u00f6ssischen Stiftungsaufsicht (ESA), welche die <a href=\"https:\/\/www.kidstoo.ch\/app\/uploads\/ConstitutionFondation.pdf\" title=\"\">Stiftungsstatuten <\/a>und das <a href=\"https:\/\/www.kidstoo.ch\/app\/uploads\/ROG.pdf\" title=\"\">Organisationsreglement<\/a> genehmigt hat.<\/p>\n\n\n\n<p>Die Organe der Stiftung sind der <a href=\"https:\/\/www.kidstoo.ch\/app\/uploads\/CompositionConseil_updated_Sept2025.pdf\" title=\"\">Stiftungsrat <\/a>(3 bis 7 Mitgliedern) sowie die Revisionstelle.<\/p>\n<\/div>\n\n\n\n<div class=\"wp-block-group is-style-box-color has-black-color has-white-background-color has-text-color has-background is-layout-flow wp-block-group-is-layout-flow\">\n<h2 class=\"wp-block-heading\">Unsere Ziele<\/h2>\n\n\n\n<p>Die Stiftung verfolgt den gemeinn\u00fctzigen Zweck, &#8220;offiziellen&#8221; Akteuren und der \u00d6ffentlichkeit Hilfe\/Unterst\u00fctzung in F\u00e4llen von erg\u00e4nzender oder bestrafender h\u00e4uslicher Gewalt in Ehe und Partnerschaft anzubieten, insbesondere wenn Kinder betroffen sind.<\/p>\n\n\n\n<h2 class=\"wp-block-heading\">Unsere Vision<\/h2>\n\n\n\n<p>Kinder sch\u00fctzen, indem die psychologischen Auswirkungen h\u00e4uslicher Gewalt, der sie in der Ehe und im Haushalt ausgesetzt sind, verringert werden.<\/p>\n\n\n\n<h2 class=\"wp-block-heading\">Unsere Mission<\/h2>\n\n\n\n<p>Wir k\u00e4mpfen f\u00fcr eine Justiz, die den Opfern h\u00e4uslicher Gewalt mehr entgegenkommt. Wir k\u00e4mpfen f\u00fcr die Verringerung der Auswirkungen dieser Gewalt, die wiederum und oftmals irreversibel Kinder betrifft. Wir k\u00e4mpfen daf\u00fcr, ihren Schutz zu verbessern. Wir tun dies, indem wir politische Vertreter, Schweizer Beh\u00f6rden und Gerichte auf \u00fcberzeugende Weise informieren und sensibilisieren. Wir tun dies mit dem Ziel, ihre Einstellung zu h\u00e4uslicher Gewalt zu ver\u00e4ndern.<\/p>\n<\/div>\n\n\n\n<div class=\"wp-block-group is-style-box-color has-black-color has-white-background-color has-text-color has-background is-layout-flow wp-block-group-is-layout-flow\">\n<h2 class=\"wp-block-heading\">Unsere Position\/Haltung<\/h2>\n\n\n\n<p>Die Stiftung KidsToo ist zutiefst ersch\u00fcttert und ber\u00fchrt, ob der festgestellten Situation und leidet mit den Kindern, die die vergessenen Opfer h\u00e4uslicher Gewalt sind. Selbst wenn sie nicht selbst direkt Opfer dieser Gewalt sind, erleben Kinder, die Gewalt zwischen ihren Eltern oder Bezugspersonen mit, was sie nachhaltig beeintr\u00e4chtigt und ihre Entwicklung st\u00f6rt. Sie leiden unter psychischen St\u00f6rungen (Angst, Entmutigung, Hilflosigkeit) und tragen dauerhaft an den Folgen.<\/p>\n\n\n\n<p>Die Stiftung KidsToo hat ein offenes Ohr f\u00fcr die Situation und die Gef\u00fchle dieser Kinder. Wir sind sensibel f\u00fcr das, was sie erleben und f\u00fcr das Leid, das sie tragen. Es ist f\u00fcr uns unertr\u00e4glich, dass Kinder unter h\u00e4uslicher Gewalt leiden k\u00f6nnen, und wir setzen uns f\u00fcr ihr Wohlergehen ein, damit sie diesen Schmerz nicht mehr erleben m\u00fcssen. Wir wollen sie vor den Folgen h\u00e4uslicher Gewalt sch\u00fctzen.<\/p>\n\n\n\n<p>Unsere Betroffenheit \u00fcber die Erlebnisse von Kindern, die mit h\u00e4uslicher Gewalt konfrontiert sind, wandeln wir in Entschlossenheit um. Eine unersch\u00fctterliche Entschlossenheit. Eine Entschlossenheit, die Dinge zu \u00e4ndern. Je mehr unsere Forschung \u00fcber die Auswirkungen h\u00e4uslicher Gewalt auf Kinder voranschreitet, desto klarer wird uns der Ernst der Lage. Wir m\u00fcssen reagieren. Und wir m\u00fcssen jetzt reagieren.<\/p>\n\n\n\n<p>Deshalb k\u00e4mpfen wir daf\u00fcr, dass sich etwas \u00e4ndert. Wir k\u00e4mpfen daf\u00fcr, die Auswirkungen h\u00e4uslicher Gewalt auf Kinder zu verringern und ihren Alltag zu verbessern. Wir treten f\u00fcr eine Kultur des Schutzes ein und unterst\u00fctzen eine angemessene Verwendung \u00f6ffentlicher Mittel zugunsten der Opfer im Justizsystem. Ein Rechtssystem, das sich f\u00fcr die Opfer und nicht f\u00fcr die T\u00e4ter einsetzt. Ein Justizsystem, das die Rechte dieser Opfer anerkennt. Wir setzen alles daran, dass Kinder nicht l\u00e4nger unter den Folgen einer unangemessenen Justiz leiden m\u00fcssen, dass sie so weit wie m\u00f6glich gesch\u00fctzt werden und dass sie unter den besten Bedingungen begleitet werden.<\/p>\n\n\n\n<p>Wir k\u00f6nnen nur dann etwas erreichen, wenn wir unsere Emotionen kontrollieren und unsere Wut kanalisieren. Wir n\u00e4hern uns der Thematik der h\u00e4uslichen Gewalt aus einer rationalen, pragmatischen und strukturierten Perspektive. Wir werfen einen neuen Blick auf die h\u00e4usliche Gewalt, indem wir die Bedeutung der h\u00e4uslichen Gewalt in der Schweiz anhand von Studien und neuen Indikatoren realistisch erfassen, dokumentieren und offenlegen. Eine Bedeutung, die bislang weitgehend untersch\u00e4tzt und unterbewertet wurde.<\/p>\n\n\n\n<p>Wir streben eine gerechte Justiz an. Wir konzentrieren uns auf das Justizsystem und identifizieren seine Fehlfunktionen und M\u00e4ngel, um es zu beschleunigen, zu vereinfachen und zu verbessern. Wir sensibilisieren unsere politischen Vertreter und Regierungen (Bund, Kantone) f\u00fcr die direkten Folgen von Missst\u00e4nden, die Opfer und im weiteren Sinne auch Kinder, die h\u00e4uslicher Gewalt ausgesetzt sind, benachteiligen. Dadurch positionieren wir uns als kompetenter, glaubw\u00fcrdiger und unbestrittener Ansprechpartner im Bereich der h\u00e4uslichen Gewalt. Wir sind ein Ansprechpartner f\u00fcr administrative und politische Beh\u00f6rden, wenn es um h\u00e4usliche und systematische Gewalt mit oder ohne Kinder geht.<\/p>\n\n\n\n<p class=\"has-text-align-center\"><strong>In K\u00fcrze&nbsp;:<\/strong><\/p>\n\n\n\n<p>Indem KidsToo einen neuen Blick auf das Ausma\u00df und die Folgen h\u00e4uslicher Gewalt in der Schweiz wirft, m\u00f6chte das Unternehmen ein wichtiger Ansprechpartner f\u00fcr Verwaltungsbeh\u00f6rden und Politiker sein.<\/p>\n\n\n\n<p>Ziel der Stiftung ist es, das Rechtssystem zu vereinfachen und zu verbessern, um die Auswirkungen von h\u00e4uslicher Gewalt auf Kinder zu verringern.<\/p>\n\n\n\n<p>KidsToo setzt sich f\u00fcr eine opferfreundliche Justiz ein und vertritt eine Kultur des Schutzes, damit Kinder nicht l\u00e4nger unter den Folgen einer unangemessenen Justiz leiden m\u00fcssen.<\/p>\n<\/div>\n","protected":false},"excerpt":{"rendered":"<p>Die Stiftung Die Stiftung KidsToo wurde am 11. Dezember 2020 gegr\u00fcndet und am 23. Februar 2021 in Handelsregister eingetragen. Am 30. M\u00e4rz 2021 wurde die Stiftung KidsToo von der jurassischen Steuerbeh\u00f6rde als gemeinn\u00fctzig anerkannt und ist somit von s\u00e4mtlichen Steuern befreit. Die Stiftung KidsToo unterliegt der Kontrolle der Eidgen\u00f6ssischen Stiftungsaufsicht (ESA), welche die Stiftungsstatuten und [&hellip;]<\/p>\n","protected":false},"author":8,"featured_media":0,"parent":2423,"menu_order":1,"comment_status":"closed","ping_status":"closed","template":"","meta":{"_acf_changed":false,"footnotes":""},"class_list":["post-851","page","type-page","status-publish","hentry"],"acf":[],"aioseo_notices":[],"_links":{"self":[{"href":"https:\/\/www.kidstoo.ch\/de\/wp-json\/wp\/v2\/pages\/851","targetHints":{"allow":["GET"]}}],"collection":[{"href":"https:\/\/www.kidstoo.ch\/de\/wp-json\/wp\/v2\/pages"}],"about":[{"href":"https:\/\/www.kidstoo.ch\/de\/wp-json\/wp\/v2\/types\/page"}],"author":[{"embeddable":true,"href":"https:\/\/www.kidstoo.ch\/de\/wp-json\/wp\/v2\/users\/8"}],"replies":[{"embeddable":true,"href":"https:\/\/www.kidstoo.ch\/de\/wp-json\/wp\/v2\/comments?post=851"}],"version-history":[{"count":33,"href":"https:\/\/www.kidstoo.ch\/de\/wp-json\/wp\/v2\/pages\/851\/revisions"}],"predecessor-version":[{"id":10261,"href":"https:\/\/www.kidstoo.ch\/de\/wp-json\/wp\/v2\/pages\/851\/revisions\/10261"}],"up":[{"embeddable":true,"href":"https:\/\/www.kidstoo.ch\/de\/wp-json\/wp\/v2\/pages\/2423"}],"wp:attachment":[{"href":"https:\/\/www.kidstoo.ch\/de\/wp-json\/wp\/v2\/media?parent=851"}],"curies":[{"name":"wp","href":"https:\/\/api.w.org\/{rel}","templated":true}]}}