{"id":8041,"date":"2025-01-29T14:05:50","date_gmt":"2025-01-29T13:05:50","guid":{"rendered":"https:\/\/www.kidstoo.ch\/ressources\/"},"modified":"2025-02-12T15:02:37","modified_gmt":"2025-02-12T14:02:37","slug":"ressources","status":"publish","type":"page","link":"https:\/\/www.kidstoo.ch\/de\/ressources\/","title":{"rendered":"Ressourcen"},"content":{"rendered":"\n<h1 class=\"wp-block-heading\">Ressourcen<\/h1>\n\n\n\n    <div class=\"posts-by-category is-ressources with-filter \" data-maxPost=\"6\">\n        <div class=\"row\">\n            <div class=\"col-lg-8 results-col\">\n                <div class=\"posts-by-category-list row\">\n                                            <div class=\"col-md-6\">\n                            <a href=\"https:\/\/www.kidstoo.ch\/de\/ressources\/visite-virtuelle-du-ministere-public-geneve\/\">\n    <div class=\"card\" style=\"background-image: url(https:\/\/www.kidstoo.ch\/app\/uploads\/LAVI_LOGO_2X-800x251.jpg);\">\n\n        <div class=\"post-content\">\n            <div class=\"post-content-box\">\n                <div class=\"post-meta\">\n                                        <span class=\"date\">19.09.2026<\/span>\n                                                                    <span class=\"category\">Infografik<\/span>\n                                    <\/div>\n\n                <h3>Visite virtuelle du Minist\u00e8re public &#8211; Gen\u00e8ve<\/h3>\n            <\/div>\n        <\/div>\n    <\/div>\n<\/a>                        <\/div>\n\n                                            <div class=\"col-md-6\">\n                            <a href=\"https:\/\/www.kidstoo.ch\/de\/ressources\/la-violence-quon-ne-voit-pas-et-qui-tue\/\">\n    <div class=\"card\" style=\"background-image: url(https:\/\/www.kidstoo.ch\/app\/uploads\/EC4847AF6BDBAA2D2B40CB56FCD1A97B6C45328A_364_front_248x364.jpeg);\">\n\n        <div class=\"post-content\">\n            <div class=\"post-content-box\">\n                <div class=\"post-meta\">\n                                        <span class=\"date\">01.03.2026<\/span>\n                                                                    <span class=\"category\">Buch<\/span>\n                                    <\/div>\n\n                <h3>La violence qu&#8217;on ne voit pas&#8230; et qui tue<\/h3>\n            <\/div>\n        <\/div>\n    <\/div>\n<\/a>                        <\/div>\n\n                                            <div class=\"col-md-6\">\n                            <a href=\"https:\/\/www.kidstoo.ch\/de\/ressources\/reperage-et-prise-en-charge-des-enfants-exposes-au-controle-coercitif\/\">\n    <div class=\"card\" style=\"background-image: url(https:\/\/www.kidstoo.ch\/app\/uploads\/6BBC95FC5752AD2B5800C644805A1990277DDE82_364_front_257x364.jpeg);\">\n\n        <div class=\"post-content\">\n            <div class=\"post-content-box\">\n                <div class=\"post-meta\">\n                                        <span class=\"date\">01.03.2026<\/span>\n                                                                    <span class=\"category\">Buch<\/span>\n                                    <\/div>\n\n                <h3>Rep\u00e9rage et prise en charge des enfants expos\u00e9s au contr\u00f4le coercitif<\/h3>\n            <\/div>\n        <\/div>\n    <\/div>\n<\/a>                        <\/div>\n\n                                            <div class=\"col-md-6\">\n                            <a href=\"https:\/\/www.kidstoo.ch\/de\/ressources\/vom-glucksballon-in-meinem-bauch\/\">\n    <div class=\"card\" style=\"background-image: url(https:\/\/www.kidstoo.ch\/app\/uploads\/202512-gluecksb-2-768x787-3-768x440.png);\">\n\n        <div class=\"post-content\">\n            <div class=\"post-content-box\">\n                <div class=\"post-meta\">\n                                        <span class=\"date\">11.12.2025<\/span>\n                                                                    <span class=\"category\">Buch<\/span>\n                                    <\/div>\n\n                <h3>Vom Gl\u00fccksballon in meinem Bauch<\/h3>\n            <\/div>\n        <\/div>\n    <\/div>\n<\/a>                        <\/div>\n\n                                            <div class=\"col-md-6\">\n                            <a href=\"https:\/\/www.kidstoo.ch\/de\/ressources\/jai-traverse-leurope-pour-comprendre-ce-qui-leur-arrive-vraiment\/\">\n    <div class=\"card\" style=\"background-image: url(https:\/\/www.kidstoo.ch\/app\/uploads\/Ccz8OwxfqnsAr1W2fH2NNA-800x440.jpg);\">\n\n        <div class=\"post-content\">\n            <div class=\"post-content-box\">\n                <div class=\"post-meta\">\n                                        <span class=\"date\">23.11.2025<\/span>\n                                                                    <span class=\"category\">Dokumentation \/ Reportage<\/span>\n                                    <\/div>\n\n                <h3>J&#8217;ai travers\u00e9 l&#8217;Europe pour comprendre ce qui leur arrive vraiment<\/h3>\n            <\/div>\n        <\/div>\n    <\/div>\n<\/a>                        <\/div>\n\n                                            <div class=\"col-md-6\">\n                            <a href=\"https:\/\/www.kidstoo.ch\/de\/ressources\/je-vais-te-tuer\/\">\n    <div class=\"card\" style=\"background-image: url(https:\/\/www.kidstoo.ch\/app\/uploads\/359379dc8423f251659ea772e0949aaab6e81e58-800x440.webp);\">\n\n        <div class=\"post-content\">\n            <div class=\"post-content-box\">\n                <div class=\"post-meta\">\n                                        <span class=\"date\">17.11.2025<\/span>\n                                                                    <span class=\"category\">Dokumentation \/ Reportage<\/span>\n                                    <\/div>\n\n                <h3>Je vais te tuer<\/h3>\n            <\/div>\n        <\/div>\n    <\/div>\n<\/a>                        <\/div>\n\n                    \n                                    <\/div>\n                                    <div class=\"text-center spinner \">\n                        <img decoding=\"async\" src=\"https:\/\/www.kidstoo.ch\/app\/themes\/child\/assets\/images\/spinner.svg\" class=\"load-more-btn \" data-count-post=\"6\" data-post-per-page=\"6\">\n                    <\/div>\n                            <\/div>\n                            <div class=\"col-lg-4  filter-col\">\n                    <a href=\"#\" class=\"filter-col-mobile-btn btn btn-secondary\">Filter<\/a>\n                    <div class=\"filter-content\">\n                                                    <div class=\"categories-filter filter\">\n                                <h4>Media types<\/h4>\n                                <ul>\n                                                                                <li><a href=\"#\" data-value=\"607\">Ausstellung<\/a><\/li>\n                                                                                <li><a href=\"#\" data-value=\"541\">Buch<\/a><\/li>\n                                                                                <li><a href=\"#\" data-value=\"604\">Dokumentation \/ Reportage<\/a><\/li>\n                                                                                <li><a href=\"#\" data-value=\"588\">Erfahrungsbericht<\/a><\/li>\n                                                                                <li><a href=\"#\" data-value=\"611\">Infografik<\/a><\/li>\n                                                                                <li><a href=\"#\" data-value=\"593\">Konferenz \/ Webinar<\/a><\/li>\n                                                                                <li><a href=\"#\" data-value=\"612\">Plattform \/ Website \/ App<\/a><\/li>\n                                                                                <li><a href=\"#\" data-value=\"545\">Podcast \/ Radio<\/a><\/li>\n                                                                                <li><a href=\"#\" data-value=\"608\">Praxisleitfaden \/ Schulung<\/a><\/li>\n                                                                                <li><a href=\"#\" data-value=\"598\">Tool \/ Kampagne zur Pr\u00e4vention \/ Sensibilisierung<\/a><\/li>\n                                                                                <li><a href=\"#\" data-value=\"589\">Video\/Film<\/a><\/li>\n                                                                    <\/ul>\n                            <\/div>\n                                                    <div class=\"tags-filter filter\">\n                                <h4>Tags<\/h4>\n                                <ul>\n                                                                                <li><a href=\"#\" data-value=\"647\">auteurs de violence<\/a><\/li>\n                                                                                <li><a href=\"#\" data-value=\"584\">Co-Abh\u00e4ngigkeit<\/a><\/li>\n                                                                                <li><a href=\"#\" data-value=\"562\">Comic<\/a><\/li>\n                                                                                <li><a href=\"#\" data-value=\"575\">deutsch<\/a><\/li>\n                                                                                <li><a href=\"#\" data-value=\"616\">devoir conjugal<\/a><\/li>\n                                                                                <li><a href=\"#\" data-value=\"619\">diagnostic<\/a><\/li>\n                                                                                <li><a href=\"#\" data-value=\"628\">emprise<\/a><\/li>\n                                                                                <li><a href=\"#\" data-value=\"552\">englisch<\/a><\/li>\n                                                                                <li><a href=\"#\" data-value=\"625\">f\u00e9minicide<\/a><\/li>\n                                                                                <li><a href=\"#\" data-value=\"667\">f\u00e9minicides<\/a><\/li>\n                                                                                <li><a href=\"#\" data-value=\"553\">Genre<\/a><\/li>\n                                                                                <li><a href=\"#\" data-value=\"563\">Gewalt<\/a><\/li>\n                                                                                <li><a href=\"#\" data-value=\"557\">Gewaltmanagement<\/a><\/li>\n                                                                                <li><a href=\"#\" data-value=\"554\">h\u00e4usliche Gewalt<\/a><\/li>\n                                                                                <li><a href=\"#\" data-value=\"648\">hommes<\/a><\/li>\n                                                                                <li><a href=\"#\" data-value=\"652\">hommes violents<\/a><\/li>\n                                                                                <li><a href=\"#\" data-value=\"578\">Justiz<\/a><\/li>\n                                                                                <li><a href=\"#\" data-value=\"566\">Kinder<\/a><\/li>\n                                                                                <li><a href=\"#\" data-value=\"599\">Kinderbuch<\/a><\/li>\n                                                                                <li><a href=\"#\" data-value=\"660\">LAVI<\/a><\/li>\n                                                                                <li><a href=\"#\" data-value=\"642\">masculinit\u00e9<\/a><\/li>\n                                                                                <li><a href=\"#\" data-value=\"594\">master class<\/a><\/li>\n                                                                                <li><a href=\"#\" data-value=\"581\">Misshandlung<\/a><\/li>\n                                                                                <li><a href=\"#\" data-value=\"622\">perversion narcissique<\/a><\/li>\n                                                                                <li><a href=\"#\" data-value=\"661\">proc\u00e9dure p\u00e9nale<\/a><\/li>\n                                                                                <li><a href=\"#\" data-value=\"634\">questionnaire<\/a><\/li>\n                                                                                <li><a href=\"#\" data-value=\"569\">Recht<\/a><\/li>\n                                                                                <li><a href=\"#\" data-value=\"572\">Roman<\/a><\/li>\n                                                                                <li><a href=\"#\" data-value=\"670\">trauma<\/a><\/li>\n                                                                                <li><a href=\"#\" data-value=\"543\">Zwangskontrolle<\/a><\/li>\n                                                                    <\/ul>\n                            <\/div>\n                        \n                                                    <div class=\"years-filter filter\">\n                                <h4>Jahre<\/h4>\n                                <ul>\n                                                                                                                        <li><a href=\"#\" data-value=\"2026\">2026<\/a><\/li>\n                                                                                                                        <li><a href=\"#\" data-value=\"2025\">2025<\/a><\/li>\n                                                                                                                        <li><a href=\"#\" data-value=\"2024\">2024<\/a><\/li>\n                                                                                                                        <li><a href=\"#\" data-value=\"2023\">2023<\/a><\/li>\n                                                                                                                        <li><a href=\"#\" data-value=\"2022\">2022<\/a><\/li>\n                                                                                                                        <li><a href=\"#\" data-value=\"2021\">2021<\/a><\/li>\n                                                                                                                        <li><a href=\"#\" data-value=\"2020\">2020<\/a><\/li>\n                                                                                                                        <li><a href=\"#\" data-value=\"2019\">2019<\/a><\/li>\n                                                                                                                        <li><a href=\"#\" data-value=\"2018\">2018<\/a><\/li>\n                                                                                                                        <li><a href=\"#\" data-value=\"2014\">2014<\/a><\/li>\n                                                                                                                        <li><a href=\"#\" data-value=\"2013\">2013<\/a><\/li>\n                                                                                                                        <li><a href=\"#\" data-value=\"2012\">2012<\/a><\/li>\n                                                                                                                        <li><a href=\"#\" data-value=\"2009\">2009<\/a><\/li>\n                                                                                                                        <li><a href=\"#\" data-value=\"2005\">2005<\/a><\/li>\n                                                                                                                        <li><a href=\"#\" data-value=\"2000\">2000<\/a><\/li>\n                                                                                                                        <li><a href=\"#\" data-value=\"1970\">1970<\/a><\/li>\n                                                                    <\/ul>\n                            <\/div>\n\n                            <h4>Sort<\/h4>\n                            <select name=\"order\" class=\"order-filter\">\n                                <option value=\"1\" selected>Descending<\/option>\n                                <option value=\"2\">Ascending<\/option>\n                            <\/select>\n                                            <\/div>\n                <\/div>\n                    <\/div>\n    <\/div>\n","protected":false},"excerpt":{"rendered":"<p>Ressourcen<\/p>\n","protected":false},"author":8,"featured_media":0,"parent":0,"menu_order":0,"comment_status":"closed","ping_status":"closed","template":"","meta":{"_acf_changed":false,"footnotes":""},"class_list":["post-8041","page","type-page","status-publish","hentry"],"acf":[],"aioseo_notices":[],"_links":{"self":[{"href":"https:\/\/www.kidstoo.ch\/de\/wp-json\/wp\/v2\/pages\/8041","targetHints":{"allow":["GET"]}}],"collection":[{"href":"https:\/\/www.kidstoo.ch\/de\/wp-json\/wp\/v2\/pages"}],"about":[{"href":"https:\/\/www.kidstoo.ch\/de\/wp-json\/wp\/v2\/types\/page"}],"author":[{"embeddable":true,"href":"https:\/\/www.kidstoo.ch\/de\/wp-json\/wp\/v2\/users\/8"}],"replies":[{"embeddable":true,"href":"https:\/\/www.kidstoo.ch\/de\/wp-json\/wp\/v2\/comments?post=8041"}],"version-history":[{"count":1,"href":"https:\/\/www.kidstoo.ch\/de\/wp-json\/wp\/v2\/pages\/8041\/revisions"}],"predecessor-version":[{"id":8043,"href":"https:\/\/www.kidstoo.ch\/de\/wp-json\/wp\/v2\/pages\/8041\/revisions\/8043"}],"wp:attachment":[{"href":"https:\/\/www.kidstoo.ch\/de\/wp-json\/wp\/v2\/media?parent=8041"}],"curies":[{"name":"wp","href":"https:\/\/api.w.org\/{rel}","templated":true}]}}