{"id":6287,"date":"2025-11-25T22:53:23","date_gmt":"2025-11-25T21:53:23","guid":{"rendered":"https:\/\/www.kidstoo.ch\/nos-publications\/"},"modified":"2026-03-11T14:38:18","modified_gmt":"2026-03-11T13:38:18","slug":"nos-publications","status":"publish","type":"page","link":"https:\/\/www.kidstoo.ch\/de\/nos-publications\/","title":{"rendered":"Nos Publications"},"content":{"rendered":"\n<h1 class=\"wp-block-heading\">Unsere Publikationen<\/h1>\n\n\n\n<div class=\"wp-block-group is-style-box-color has-black-color has-white-background-color has-text-color has-background is-layout-flow wp-block-group-is-layout-flow\">\n<h2 class=\"wp-block-heading\">Berichte der Stiftung<\/h2>\n\n\n\n<p>KidsToo ver\u00f6ffentlicht eine Reihe von Berichten, die auf \u00f6ffentlich zug\u00e4nglichen Daten basieren und verschiedene Aspekte der h\u00e4uslichen Gewalt aus einer ganz eigenen Perspektive beleuchten.<\/p>\n\n\n\n<div class=\"wp-block-buttons is-layout-flex wp-block-buttons-is-layout-flex\">\n<div class=\"wp-block-button\"><a class=\"wp-block-button__link has-white-color has-main-color-background-color has-text-color has-background has-link-color wp-element-button\" href=\"\/de\/?page_id=6171\">KidsToo BERICHTE<\/a><\/div>\n<\/div>\n\n\n\n    <div class=\"accordions \">\n                        <div class=\"accordion-item\">\n                    <div class=\"accordion-header\">\n                        <h3>Aktuelle Versionen der verschiedenen Berichte<\/h3>\n                    <\/div>\n                    <div class=\"accordion-content\">\n                        <p>H\u00e4usliche Gewalt in der Schweiz, eine andere Perspektive:<\/p>\n<ul>\n<li>\u00fcber die polizeiliche Kriminalstatistik, Teil 1 (<a href=\"https:\/\/www.kidstoo.ch\/app\/uploads\/Dernier-ViolDom_K2_1_FR-1.pdf\"><span style=\"text-decoration: underline;\">FR<\/span><\/a>, <a href=\"https:\/\/www.kidstoo.ch\/app\/uploads\/Dernier-ViolDom_K2_1_DE-1.pdf\"><span style=\"text-decoration: underline;\">DE)<\/span><\/a><\/li>\n<li>\u00fcber die Opferhilfestatistik, Teil 2 (<span style=\"text-decoration: underline;\"><a href=\"https:\/\/www.kidstoo.ch\/app\/uploads\/Dernier-ViolDom_K2_2_FR.pdf\">FR<\/a><\/span>, <span style=\"text-decoration: underline;\"><a href=\"https:\/\/www.kidstoo.ch\/app\/uploads\/Dernier-ViolDom_K2_2_DE.pdf\">DE<\/a><\/span>)<\/li>\n<li>\u00fcber die Statistik der Opferhilfe und die Schwierigkeit, eine Anzeige zu erstatten, Teil 2 Detail (<span style=\"text-decoration: underline;\"><a href=\"https:\/\/www.kidstoo.ch\/app\/uploads\/Dernier-ViolDom_K2_Detail_FR.pdf\">FR<\/a><\/span>, <span style=\"text-decoration: underline;\"><a href=\"https:\/\/www.kidstoo.ch\/app\/uploads\/Dernier-ViolDom_K2_2_Detail_DE.pdf\">DE<\/a><\/span>)<\/li>\n<li>\u00fcber normierte Zahlen zu verschiedenen Bev\u00f6lkerungsgruppen, Teil 3 (<span style=\"text-decoration: underline;\"><a href=\"https:\/\/www.kidstoo.ch\/app\/uploads\/Dernier-ViolDom_K2_3_FR.pdf\">FR<\/a><\/span>, <span style=\"text-decoration: underline;\"><a href=\"https:\/\/www.kidstoo.ch\/app\/uploads\/Dernier-ViolDom_K2_3_DE.pdf\">DE<\/a><\/span>)<\/li>\n<li>Das Wichtigste in K\u00fcrze, Zusammenfassung (<span style=\"text-decoration: underline;\"><a href=\"https:\/\/www.kidstoo.ch\/app\/uploads\/Dernier-ViolDom_K2_Resume_FR-1.pdf\">FR<\/a>, <a href=\"https:\/\/www.kidstoo.ch\/app\/uploads\/Dernier-ViolDom_K2_Resume_DE.pdf\">DE<\/a><\/span>)<\/li>\n<\/ul>\n<p>Kantonale h\u00e4usliche Gewalt, eine andere Perspektive (<a href=\"https:\/\/www.kidstoo.ch\/app\/uploads\/Dernier-SPC_Canton_K2_FR-1.pdf\">FR<\/a>, <a href=\"https:\/\/www.kidstoo.ch\/app\/uploads\/Dernier-SPC_Canton_K2_DE.pdf\">DE<\/a>)<\/p>\n<p>Kinderschutz, eine andere Perspektive (<a href=\"https:\/\/www.kidstoo.ch\/app\/uploads\/Dernier_GPE_FR.pdf\">FR<\/a>, <a href=\"https:\/\/www.kidstoo.ch\/app\/uploads\/Dernier_GPE_DE-1.pdf\">DE<\/a>)<\/p>\n<p>Indikatoren f\u00fcr Gewalt &#8220;K2&#8221; (<a href=\"https:\/\/www.kidstoo.ch\/app\/uploads\/Dernier-Indicateurs_K2_FR.pdf\">FR<\/a>, <a href=\"https:\/\/www.kidstoo.ch\/app\/uploads\/Dernier-Indicateurs_K2_DE.pdf\">DE<\/a>)<\/p>\n<p>H\u00e4usliche Gewalt in der Schweiz und Artikel des Strafgesetzbuches (<a href=\"https:\/\/www.kidstoo.ch\/app\/uploads\/Dernier-Art_CP_Violence_ViolDom_FR.pdf\">FR<\/a>, <a href=\"https:\/\/www.kidstoo.ch\/app\/uploads\/Dernier-Art_CP_Violence_ViolDom_DE.pdf\">DE<\/a>)<\/p>\n<p>H\u00e4usliche Gewalt in der Schweiz.\u00a0Schwere der Straftaten nach Ansicht des Gesetzgebers (<a href=\"https:\/\/www.kidstoo.ch\/app\/uploads\/Dernier-Art_CP_Gravite_ViolDom_FR.pdf\">FR<\/a>, <a href=\"https:\/\/www.kidstoo.ch\/app\/uploads\/Dernier-Art_CP_Gravite_ViolDom_DE.pdf\">DE<\/a>)<\/p>\n                    <\/div>\n                <\/div>\n            <\/div>\n\n<\/div>\n\n\n\n<div class=\"wp-block-group is-style-box-color has-black-color has-white-background-color has-text-color has-background is-layout-flow wp-block-group-is-layout-flow\">\n<h2 class=\"wp-block-heading\">Newsletters<\/h2>\n\n\n\n<p>Um \u00fcber die Aktivit\u00e4ten von KidsToo auf dem Laufenden zu bleiben und unsere neuesten Analysen und Initiativen zu entdecken, bietet Ihnen unser Newsletter, der etwa alle drei Monate erscheint, einen \u00dcberblick \u00fcber unsere neuesten Analysen und Initiativen. Dort finden Sie auch Leseempfehlungen und andere Medienressourcen.<\/p>\n\n\n\n<div class=\"wp-block-buttons is-layout-flex wp-block-buttons-is-layout-flex\">\n<div class=\"wp-block-button\"><a class=\"wp-block-button__link has-white-color has-main-color-background-color has-text-color has-background has-link-color wp-element-button\" href=\"https:\/\/www.kidstoo.ch\/de\/newsletter\/\">NEWSLETTER ABONNIEREN<\/a><\/div>\n<\/div>\n\n\n\n    <div class=\"accordions \">\n                        <div class=\"accordion-item\">\n                    <div class=\"accordion-header\">\n                        <h3>Newsletters &#8211; Archiv<\/h3>\n                    <\/div>\n                    <div class=\"accordion-content\">\n                        <p><a href=\"https:\/\/www.kidstoo.ch\/app\/uploads\/K2NL_202602_DE.pdf\">Februar 2026<\/a><\/p>\n<p><a href=\"https:\/\/www.kidstoo.ch\/app\/uploads\/K2NL_202601_DE.pdf\">Januar 2026<\/a><\/p>\n<p><a href=\"https:\/\/www.kidstoo.ch\/app\/uploads\/K2NL_202511_DE.pdf\">November 2025<\/a><\/p>\n<p><a href=\"https:\/\/www.kidstoo.ch\/app\/uploads\/K2NL_202510_DE.pdf\">Oktober 2025<\/a><\/p>\n<p><a href=\"https:\/\/www.kidstoo.ch\/app\/uploads\/K2NL_202508_DE.pdf\">August 2025<\/a><\/p>\n<p><a href=\"https:\/\/www.kidstoo.ch\/app\/uploads\/K2NL_202507_DE.pdf\">Juillet 2025<\/a><\/p>\n<p><a href=\"https:\/\/www.kidstoo.ch\/app\/uploads\/K2NL_202505_DE.pdf\">Mai 2025<\/a><\/p>\n<p><a href=\"https:\/\/www.kidstoo.ch\/app\/uploads\/K2NL_202502_DE.pdf\">Februar 2025<\/a><\/p>\n<p><a href=\"https:\/\/www.kidstoo.ch\/app\/uploads\/K2NL_202411_DE.pdf\">November 2024<\/a><\/p>\n<p><a href=\"https:\/\/www.kidstoo.ch\/app\/uploads\/K2NL_202407_DE.pdf\">Juli 2024<\/a><\/p>\n<p><a href=\"https:\/\/www.kidstoo.ch\/app\/uploads\/K2NL_202404_DE.pdf\">April 2024<\/a><\/p>\n<p><a href=\"https:\/\/www.kidstoo.ch\/app\/uploads\/K2NL_202402_DE.pdf\">Februar 2024<\/a><\/p>\n<p><a href=\"https:\/\/www.kidstoo.ch\/app\/uploads\/K2NL_202312_DE.pdf\">Dezember 2023<\/a><\/p>\n<p>&nbsp;<\/p>\n                    <\/div>\n                <\/div>\n            <\/div>\n\n<\/div>\n\n\n\n<div class=\"wp-block-group is-style-box-color has-black-color has-white-background-color has-text-color has-background is-layout-flow wp-block-group-is-layout-flow\">\n<h2 class=\"wp-block-heading\">Jahresberichte<\/h2>\n\n\n\n<p>Das Rechnungsjahr der Stiftung KidsToo endet am 30. September. Der T\u00e4tigkeitsbericht f\u00fcr das laufende Jahr ist sp\u00e4testens am 31. M\u00e4rz des folgenden Jahres verf\u00fcgbar.<\/p>\n\n\n\n<p>Den letzten T\u00e4tigkeitsbericht der Stiftung finden Sie <a href=\"https:\/\/www.kidstoo.ch\/app\/uploads\/KidsToo-Rapport-dactivite-Annuel-2025-DE.pdf\" title=\"\">hier<\/a>.<\/p>\n\n\n\n    <div class=\"accordions \">\n                        <div class=\"accordion-item\">\n                    <div class=\"accordion-header\">\n                        <h3>Jahresberichte &#8211; Archiv<\/h3>\n                    <\/div>\n                    <div class=\"accordion-content\">\n                        <p><a href=\"https:\/\/www.kidstoo.ch\/app\/uploads\/Rapport-annuel-2025_FR.pdf\">2025_FR<\/a>\u00a0&#8211; <a href=\"https:\/\/www.kidstoo.ch\/app\/uploads\/KidsToo-Rapport-dactivite-Annuel-2025-DE.pdf\">illustrierte Ausgabe<\/a><\/p>\n<p><a href=\"https:\/\/www.kidstoo.ch\/app\/uploads\/Rapport-annuel-2024_FR.pdf\">2024_FR<\/a><\/p>\n<p><a href=\"https:\/\/www.kidstoo.ch\/app\/uploads\/Rapport-annuel-2023_FR.pdf\">2023_FR<\/a><\/p>\n<p><a title=\"Rapport Annuel 2022\" href=\"https:\/\/www.kidstoo.ch\/app\/uploads\/Rapport-annuel-2022_FR.pdf\">2022_FR<\/a><\/p>\n<p><a title=\"Rapport annuel 2021\" href=\"https:\/\/www.kidstoo.ch\/app\/uploads\/Rapport-dactivite-2021.pdf\">2021_FR<\/a><\/p>\n                    <\/div>\n                <\/div>\n            <\/div>\n\n<\/div>\n","protected":false},"excerpt":{"rendered":"<p>Unsere Publikationen Berichte der Stiftung KidsToo ver\u00f6ffentlicht eine Reihe von Berichten, die auf \u00f6ffentlich zug\u00e4nglichen Daten basieren und verschiedene Aspekte der h\u00e4uslichen Gewalt aus einer ganz eigenen Perspektive beleuchten. Newsletters Um \u00fcber die Aktivit\u00e4ten von KidsToo auf dem Laufenden zu bleiben und unsere neuesten Analysen und Initiativen zu entdecken, bietet Ihnen unser Newsletter, der etwa [&hellip;]<\/p>\n","protected":false},"author":8,"featured_media":0,"parent":0,"menu_order":0,"comment_status":"closed","ping_status":"closed","template":"","meta":{"_acf_changed":false,"footnotes":""},"class_list":["post-6287","page","type-page","status-publish","hentry"],"acf":[],"aioseo_notices":[],"_links":{"self":[{"href":"https:\/\/www.kidstoo.ch\/de\/wp-json\/wp\/v2\/pages\/6287","targetHints":{"allow":["GET"]}}],"collection":[{"href":"https:\/\/www.kidstoo.ch\/de\/wp-json\/wp\/v2\/pages"}],"about":[{"href":"https:\/\/www.kidstoo.ch\/de\/wp-json\/wp\/v2\/types\/page"}],"author":[{"embeddable":true,"href":"https:\/\/www.kidstoo.ch\/de\/wp-json\/wp\/v2\/users\/8"}],"replies":[{"embeddable":true,"href":"https:\/\/www.kidstoo.ch\/de\/wp-json\/wp\/v2\/comments?post=6287"}],"version-history":[{"count":28,"href":"https:\/\/www.kidstoo.ch\/de\/wp-json\/wp\/v2\/pages\/6287\/revisions"}],"predecessor-version":[{"id":11631,"href":"https:\/\/www.kidstoo.ch\/de\/wp-json\/wp\/v2\/pages\/6287\/revisions\/11631"}],"wp:attachment":[{"href":"https:\/\/www.kidstoo.ch\/de\/wp-json\/wp\/v2\/media?parent=6287"}],"curies":[{"name":"wp","href":"https:\/\/api.w.org\/{rel}","templated":true}]}}