{"id":6171,"date":"2024-11-10T10:58:40","date_gmt":"2024-11-10T09:58:40","guid":{"rendered":"https:\/\/www.kidstoo.ch\/?page_id=6171"},"modified":"2025-06-18T11:34:43","modified_gmt":"2025-06-18T09:34:43","slug":"publications-internes","status":"publish","type":"page","link":"https:\/\/www.kidstoo.ch\/de\/nos-publications\/publications-internes\/","title":{"rendered":"Publications internes"},"content":{"rendered":"\n<h2 class=\"wp-block-heading\">KidsToo Berichte<\/h2>\n\n\n\n<p>Die Stiftung KidsToo ver\u00f6ffentlicht eine Reihe von Berichten, die auf \u00f6ffentlich zug\u00e4nglichen Daten basieren und verschiedene Aspekte der h\u00e4uslichen Gewalt aus einer ganz eigenen Perspektive beleuchten.<\/p>\n\n\n\n<div class=\"wp-block-group is-style-box-color has-black-color has-white-background-color has-text-color has-background is-layout-flow wp-block-group-is-layout-flow\">\n<h3 class=\"wp-block-heading has-white-color has-light-red-color-background-color has-text-color has-background has-link-color wp-elements-f2101b64636f43c3555f79a6e1e75eff\">Basierend auf Daten des BFS<\/h3>\n\n\n\n<p>Die erste Kategorie von Berichten ist auf nationaler Ebene angesiedelt. Sie basieren auf der polizeilichen Kriminalstatistik, verschiedenen Tabellen, die das BFS seit 2010 zu dieser Thematik ver\u00f6ffentlicht, sowie auf den Bev\u00f6lkerungsdaten ab 2011 und den detaillierten Opferhilfestatistiken ab 2019.<\/p>\n\n\n\n<p>Die vom BFS ver\u00f6ffentlichten Statistiken sind eine Zusammenfassung der kantonalen Daten. Der Zugang zu den kantonalen Daten ist nicht \u00f6ffentlich und erfordert Ressourcen, \u00fcber die die Stiftung KidsToo nicht verf\u00fcgt. Bevor die Stiftung KidsToo daf\u00fcr m\u00f6glicherweise externe Ressourcen einsetzt, wird sie sich auf die durch die Kantone &#8211; meist unvollst\u00e4ndig &#8211; ver\u00f6ffentlichen Daten st\u00fctzen, um m\u00f6gliche <strong>Unterschiede zwischen den Kantonen<\/strong> zu evaluieren.<\/p>\n\n\n\n<div class=\"wp-block-buttons is-layout-flex wp-block-buttons-is-layout-flex\">\n<div class=\"wp-block-button\"><a class=\"wp-block-button__link has-white-color has-main-color-background-color has-text-color has-background has-link-color wp-element-button\" href=\"https:\/\/www.kidstoo.ch\/de\/nos-publications\/publications-internes\/ofs-spc\/\">Ein anderer Einblick in die ver\u00f6ffentlichten polizeilichen Kriminalit\u00e4tsstatistiken des BFS<\/a><\/div>\n<\/div>\n<\/div>\n\n\n\n<div class=\"wp-block-group is-style-box-color has-black-color has-white-background-color has-text-color has-background is-layout-flow wp-block-group-is-layout-flow\">\n<h3 class=\"wp-block-heading has-white-color has-light-red-color-background-color has-text-color has-background has-link-color wp-elements-629d93d4ffe7e4cfd5964152b548a351\">Gewaltindikatoren &#8220;K2&#8221;<\/h3>\n\n\n\n<p>KidsToo hat seine &#8220;<a href=\"https:\/\/www.kidstoo.ch\/de\/nos-publications\/publications-internes\/indicateurs-k2\/\">K2<\/a>&#8220;-Indikatoren definiert, um verschiedene Aspekte h\u00e4uslicher Gewalt zu messen und Vergleiche mit den offiziellen Indikatoren anzustellen, die sich mit Gewalt im Allgemeinen und h\u00e4uslicher Gewalt im Besonderen befassen.<\/p>\n\n\n\n<p>Dazu hat die Stiftung verschiedenen <a href=\"https:\/\/www.kidstoo.ch\/app\/uploads\/Dernier-Art_CP_Violence_ViolDom_DE.pdf\">Artikel des Strafgesetzbuches<\/a>, die im Rahmen der offiziellen Gewaltindikatoren ber\u00fccksichtigt wurden, einbezogen sowie ihre eigenen \u201cK2\u201d-Indikatoren definiert.<\/p>\n\n\n\n<div class=\"wp-block-buttons is-layout-flex wp-block-buttons-is-layout-flex\">\n<div class=\"wp-block-button\"><a class=\"wp-block-button__link has-white-color has-main-color-background-color has-text-color has-background has-link-color wp-element-button\" href=\"https:\/\/www.kidstoo.ch\/de\/nos-publications\/publications-internes\/indicateurs-k2\/\">K2 Indikatoren zur Messung von h\u00e4uslicher Gewalt<\/a><\/div>\n\n\n\n<div class=\"wp-block-button\"><a class=\"wp-block-button__link has-white-color has-main-color-background-color has-text-color has-background has-link-color wp-element-button\" href=\"https:\/\/www.kidstoo.ch\/de\/nos-publications\/publications-internes\/indicateurs-k2-graphes\/\">K2-Indikatoren, grafische Ergebnisse<\/a><\/div>\n<\/div>\n<\/div>\n\n\n\n<div class=\"wp-block-group is-style-box-color has-black-color has-white-background-color has-text-color has-background is-layout-flow wp-block-group-is-layout-flow\">\n<h3 class=\"wp-block-heading has-white-color has-light-red-color-background-color has-text-color has-background has-link-color wp-elements-05d006311590702a56c81c387b7bc62e\">Aus Datens\u00e4tzen, die von der Schweizerischen Gesellschaft f\u00fcr P\u00e4diatrie ver\u00f6ffentlicht wurden.<\/h3>\n\n\n\n<p>Seit 2009 erfasst die Fachgruppe Kinderschutz [<a href=\"https:\/\/www.paediatrieschweiz.ch\/fachzeitschrift\/?wp_searchable_posts%5BrefinementList%5D%5Btaxonomies.post_tag%5D%5B0%5D=Kinderschutz\">FGK<\/a>] systematisch jedes Jahr Kinder und Jugendliche, die wegen vermuteter oder tats\u00e4chlicher Mi\u00dfbrauchshandlungen ambulant oder station\u00e4r in einer Schweizer Kinderklinik behandelt wurden.<\/p>\n\n\n\n<p>Die Stiftung KidsToo ist der Meinung, dass eine grafische Darstellung der Entwicklung dieser Jahresstatistiken m\u00f6glicherweise bestimmte Trends aufzeigen und zu Fragen anregen k\u00f6nnte.<\/p>\n\n\n\n<div class=\"wp-block-buttons is-layout-flex wp-block-buttons-is-layout-flex\">\n<div class=\"wp-block-button\"><a class=\"wp-block-button__link has-white-color has-main-color-background-color has-text-color has-background has-link-color wp-element-button\" href=\"https:\/\/www.kidstoo.ch\/de\/nos-publications\/publications-internes\/gpe-ssp\/\">Ein anderer Blick auf die Statistiken der Arbeitsgruppe \u201eKinderschutz\u201c der Schweizerischen Gesellschaft f\u00fcr P\u00e4diatrie<\/a><\/div>\n<\/div>\n<\/div>\n\n\n\n    <div class=\"accordions \">\n                        <div class=\"accordion-item\">\n                    <div class=\"accordion-header\">\n                        <h3>Aktuelle Versionen der verschiedenen Publikationen<\/h3>\n                    <\/div>\n                    <div class=\"accordion-content\">\n                        <p>H\u00e4usliche Gewalt in der Schweiz, eine andere Perspektive:<\/p>\n<ul>\n<li>\u00fcber die polizeiliche Kriminalstatistik, Teil 1 (<a href=\"https:\/\/www.kidstoo.ch\/app\/uploads\/Dernier-ViolDom_K2_1_FR-1.pdf\"><span style=\"text-decoration: underline;\">FR<\/span><\/a>, <a href=\"https:\/\/www.kidstoo.ch\/app\/uploads\/Dernier-ViolDom_K2_1_DE-1.pdf\"><span style=\"text-decoration: underline;\">DE)<\/span><\/a><\/li>\n<li>\u00fcber die Opferhilfestatistik, Teil 2 (<span style=\"text-decoration: underline;\"><a href=\"https:\/\/www.kidstoo.ch\/app\/uploads\/Dernier-ViolDom_K2_2_FR.pdf\">FR<\/a><\/span>, <span style=\"text-decoration: underline;\"><a href=\"https:\/\/www.kidstoo.ch\/app\/uploads\/Dernier-ViolDom_K2_2_DE.pdf\">DE<\/a><\/span>)<\/li>\n<li>\u00fcber die Statistik der Opferhilfe und die Schwierigkeit, eine Anzeige zu erstatten, Teil 2 Detail (<span style=\"text-decoration: underline;\"><a href=\"https:\/\/www.kidstoo.ch\/app\/uploads\/Dernier-ViolDom_K2_Detail_FR.pdf\">FR<\/a><\/span>, <span style=\"text-decoration: underline;\"><a href=\"https:\/\/www.kidstoo.ch\/app\/uploads\/Dernier-ViolDom_K2_2_Detail_DE.pdf\">DE<\/a><\/span>)<\/li>\n<li>\u00fcber normierte Zahlen zu verschiedenen Bev\u00f6lkerungsgruppen, Teil 3 (<span style=\"text-decoration: underline;\"><a href=\"https:\/\/www.kidstoo.ch\/app\/uploads\/Dernier-ViolDom_K2_3_FR.pdf\">FR<\/a><\/span>, <span style=\"text-decoration: underline;\"><a href=\"https:\/\/www.kidstoo.ch\/app\/uploads\/Dernier-ViolDom_K2_3_DE.pdf\">DE<\/a><\/span>)<\/li>\n<li>Das Wichtigste in K\u00fcrze, Zusammenfassung (<span style=\"text-decoration: underline;\"><a href=\"https:\/\/www.kidstoo.ch\/app\/uploads\/Dernier-ViolDom_K2_Resume_FR-1.pdf\">FR<\/a>, <a href=\"https:\/\/www.kidstoo.ch\/app\/uploads\/Dernier-ViolDom_K2_Resume_DE.pdf\">DE<\/a><\/span>)<\/li>\n<\/ul>\n<p>Kantonale h\u00e4usliche Gewalt, eine andere Perspektive (<a href=\"https:\/\/www.kidstoo.ch\/app\/uploads\/Dernier-SPC_Canton_K2_FR-1.pdf\">FR<\/a>, <a href=\"https:\/\/www.kidstoo.ch\/app\/uploads\/Dernier-SPC_Canton_K2_DE.pdf\">DE<\/a>)<\/p>\n<p>Kinderschutz, eine andere Perspektive (<a href=\"https:\/\/www.kidstoo.ch\/app\/uploads\/Dernier_GPE_FR.pdf\">FR<\/a>, <a href=\"https:\/\/www.kidstoo.ch\/app\/uploads\/Dernier_GPE_DE.pdf\">DE<\/a>)<\/p>\n<p>Indikatoren f\u00fcr Gewalt &#8220;K2&#8221; (<a href=\"https:\/\/www.kidstoo.ch\/app\/uploads\/Dernier-Indicateurs_K2_FR.pdf\">FR<\/a>, <a href=\"https:\/\/www.kidstoo.ch\/app\/uploads\/Dernier-Indicateurs_K2_DE.pdf\">DE<\/a>)<\/p>\n<p>H\u00e4usliche Gewalt in der Schweiz und Artikel des Strafgesetzbuches (<a href=\"https:\/\/www.kidstoo.ch\/app\/uploads\/Dernier-Art_CP_Violence_ViolDom_FR.pdf\">FR<\/a>, <a href=\"https:\/\/www.kidstoo.ch\/app\/uploads\/Dernier-Art_CP_Violence_ViolDom_DE.pdf\">DE<\/a>)<\/p>\n<p>&nbsp;<\/p>\n                    <\/div>\n                <\/div>\n            <\/div>\n\n","protected":false},"excerpt":{"rendered":"<p>KidsToo Berichte Die Stiftung KidsToo ver\u00f6ffentlicht eine Reihe von Berichten, die auf \u00f6ffentlich zug\u00e4nglichen Daten basieren und verschiedene Aspekte der h\u00e4uslichen Gewalt aus einer ganz eigenen Perspektive beleuchten. Basierend auf Daten des BFS Die erste Kategorie von Berichten ist auf nationaler Ebene angesiedelt. Sie basieren auf der polizeilichen Kriminalstatistik, verschiedenen Tabellen, die das BFS seit [&hellip;]<\/p>\n","protected":false},"author":8,"featured_media":0,"parent":6287,"menu_order":0,"comment_status":"closed","ping_status":"closed","template":"","meta":{"_acf_changed":false,"footnotes":""},"class_list":["post-6171","page","type-page","status-publish","hentry"],"acf":[],"aioseo_notices":[],"_links":{"self":[{"href":"https:\/\/www.kidstoo.ch\/de\/wp-json\/wp\/v2\/pages\/6171","targetHints":{"allow":["GET"]}}],"collection":[{"href":"https:\/\/www.kidstoo.ch\/de\/wp-json\/wp\/v2\/pages"}],"about":[{"href":"https:\/\/www.kidstoo.ch\/de\/wp-json\/wp\/v2\/types\/page"}],"author":[{"embeddable":true,"href":"https:\/\/www.kidstoo.ch\/de\/wp-json\/wp\/v2\/users\/8"}],"replies":[{"embeddable":true,"href":"https:\/\/www.kidstoo.ch\/de\/wp-json\/wp\/v2\/comments?post=6171"}],"version-history":[{"count":5,"href":"https:\/\/www.kidstoo.ch\/de\/wp-json\/wp\/v2\/pages\/6171\/revisions"}],"predecessor-version":[{"id":9378,"href":"https:\/\/www.kidstoo.ch\/de\/wp-json\/wp\/v2\/pages\/6171\/revisions\/9378"}],"up":[{"embeddable":true,"href":"https:\/\/www.kidstoo.ch\/de\/wp-json\/wp\/v2\/pages\/6287"}],"wp:attachment":[{"href":"https:\/\/www.kidstoo.ch\/de\/wp-json\/wp\/v2\/media?parent=6171"}],"curies":[{"name":"wp","href":"https:\/\/api.w.org\/{rel}","templated":true}]}}