{"id":5233,"date":"2025-04-08T20:38:25","date_gmt":"2025-04-08T18:38:25","guid":{"rendered":"https:\/\/www.kidstoo.ch\/?page_id=5233"},"modified":"2025-04-08T21:55:47","modified_gmt":"2025-04-08T19:55:47","slug":"appariement-db-ofs","status":"publish","type":"page","link":"https:\/\/www.kidstoo.ch\/de\/projets-2\/appariement-db-ofs\/","title":{"rendered":"Appariement DB-OFS"},"content":{"rendered":"\n<h2 class=\"wp-block-heading\">Kosten von Paargewalt<\/h2>\n\n\n\n<h3 class=\"wp-block-heading\">Verkn\u00fcpfung und Analyse von Daten der Polizeilichen Kriminalstatistik<\/h3>\n\n\n\n<p>Die Machbarkeitsstudie f\u00fcr dieses Projekt ergab, dass die eigentliche Studie in Angriff genommen werden kann.<br>Am 2. April 2025 unterzeichnete KidsToo eine Vereinbarung mit dem Fachbereich Soziale Arbeit der Berner Fachhochschule \u00fcber die Durchf\u00fchrung der Studie unter der Leitung von Prof. Dorian Kessler.<\/p>\n\n\n\n<p>Die zentrale Datenbasis des Projekts ist die polizeiliche Kriminalstatistik.<br>Die anderen geplanten Datenbanken befassen sich mit Personen und Haushalten, Gesundheit, Produktivit\u00e4t, Bildung, Kriminalit\u00e4t und Sozialleistungen.<\/p>\n\n\n\n<h4 class=\"wp-block-heading\">Die angestrebten Ziele<\/h4>\n\n\n\n<div class=\"wp-block-group is-layout-constrained wp-block-group-is-layout-constrained\">\n<p>Die Ziele der Studie sind :<\/p>\n\n\n\n<ul class=\"wp-block-list\">\n<li>Erstellung Typologie Paargewalt unter der Ber\u00fccksichtigung der T\u00e4terOpfer-Konstellationen, der H\u00e4ufigkeit von Anzeigen bei gleichen Paaren <br>und der Art von Tatbest\u00e4nden<\/li>\n<\/ul>\n\n\n\n<ul class=\"wp-block-list\">\n<li>Berechnung und Darstellung der H\u00e4ufigkeiten bestimmter Typen von Paargewaltereignissen mit dem Ziel die H\u00e4ufigkeit von punktueller versus andauernden prozessualen Gewaltformen (z.B. Kontrollzwang) und <strong>DARVO*<\/strong> Strategien sowie deren Entwicklung \u00fcber die Zeit darzustellen<\/li>\n<\/ul>\n\n\n\n<ul class=\"wp-block-list\">\n<li>Vornehmen der Querschnitts- und L\u00e4ngsschnittvergleiche der Betroffenen und der Vergleichsgruppe f\u00fcr alle Untersuchungsbereiche unter der Ber\u00fccksichtigung der Kosten verschiedener Formen von Paargewalt<\/li>\n<\/ul>\n\n\n\n<ul class=\"wp-block-list\">\n<li>Die Aggregation der Ergebnisse zu einer Gesamtsch\u00e4tzung der Kosten von Paargewalt in den Bereichen Gesundheit, Produktivit\u00e4t, Verhalten von Kindern und Jugendlichen sowie Sozialleistungsbezug<\/li>\n<\/ul>\n<\/div>\n\n\n\n<p>Die Ver\u00f6ffentlichung der Ergebnisse ist f\u00fcr Mitte 2028 geplant.<\/p>\n\n\n\n<p><strong>*DARVO<\/strong>: englischsprachiges Akronym f\u00fcr <strong>D<\/strong>eny, <strong>A<\/strong>ttack, <strong>R<\/strong>everse <strong>V<\/strong>ictim and <strong>O<\/strong>ffender<\/p>\n","protected":false},"excerpt":{"rendered":"<p>Kosten von Paargewalt Verkn\u00fcpfung und Analyse von Daten der Polizeilichen Kriminalstatistik Die Machbarkeitsstudie f\u00fcr dieses Projekt ergab, dass die eigentliche Studie in Angriff genommen werden kann.Am 2. April 2025 unterzeichnete KidsToo eine Vereinbarung mit dem Fachbereich Soziale Arbeit der Berner Fachhochschule \u00fcber die Durchf\u00fchrung der Studie unter der Leitung von Prof. Dorian Kessler. Die zentrale [&hellip;]<\/p>\n","protected":false},"author":8,"featured_media":0,"parent":6313,"menu_order":0,"comment_status":"closed","ping_status":"closed","template":"","meta":{"_acf_changed":false,"footnotes":""},"class_list":["post-5233","page","type-page","status-publish","hentry"],"acf":[],"aioseo_notices":[],"_links":{"self":[{"href":"https:\/\/www.kidstoo.ch\/de\/wp-json\/wp\/v2\/pages\/5233","targetHints":{"allow":["GET"]}}],"collection":[{"href":"https:\/\/www.kidstoo.ch\/de\/wp-json\/wp\/v2\/pages"}],"about":[{"href":"https:\/\/www.kidstoo.ch\/de\/wp-json\/wp\/v2\/types\/page"}],"author":[{"embeddable":true,"href":"https:\/\/www.kidstoo.ch\/de\/wp-json\/wp\/v2\/users\/8"}],"replies":[{"embeddable":true,"href":"https:\/\/www.kidstoo.ch\/de\/wp-json\/wp\/v2\/comments?post=5233"}],"version-history":[{"count":6,"href":"https:\/\/www.kidstoo.ch\/de\/wp-json\/wp\/v2\/pages\/5233\/revisions"}],"predecessor-version":[{"id":8893,"href":"https:\/\/www.kidstoo.ch\/de\/wp-json\/wp\/v2\/pages\/5233\/revisions\/8893"}],"up":[{"embeddable":true,"href":"https:\/\/www.kidstoo.ch\/de\/wp-json\/wp\/v2\/pages\/6313"}],"wp:attachment":[{"href":"https:\/\/www.kidstoo.ch\/de\/wp-json\/wp\/v2\/media?parent=5233"}],"curies":[{"name":"wp","href":"https:\/\/api.w.org\/{rel}","templated":true}]}}