{"id":4530,"date":"2025-07-30T14:14:23","date_gmt":"2025-07-30T12:14:23","guid":{"rendered":"https:\/\/www.kidstoo.ch\/?page_id=4530"},"modified":"2026-03-10T13:03:19","modified_gmt":"2026-03-10T12:03:19","slug":"les-enfants-de-la-violence-domestique","status":"publish","type":"page","link":"https:\/\/www.kidstoo.ch\/de\/projets-2\/les-enfants-de-la-violence-domestique\/","title":{"rendered":"Les enfants de la violence domestique"},"content":{"rendered":"\n<h3 class=\"wp-block-heading\">Kinder als Mitbetroffene von Paargewalt:<br>Eine Analyse von Prozessen und Kosten im Kontext des Besuchs- und Sorgerechts<\/h3>\n\n\n\n<p>Die Stiftung beauftragte das Centro competenze lavoro, welfare e societ\u00e0 der Scuola universitaria professionale della Svizzera italiana (SUPSI), zusammen mit der Z\u00fcrcher Hochschule f\u00fcr Angewandte Wissenschaften (ZHAW) eine Studie zum Thema &#8220;<strong><a href=\"https:\/\/www.kidstoo.ch\/app\/uploads\/SUPSI_Projektbeschrieb_DE.pdf\" title=\"\">Kinder als Mitbetroffene von Paargewalt: Eine Analyse von Prozessen und Kosten im Kontext des Besuchs- und Sorgerechts<\/a><\/strong>&#8221; durchzuf\u00fchren. Projektleiterin ist Frau Ornella Larenza, PhD und Ricercatrice (SUPSI) in Zusammenarbeit mit Prof. Andreas Jud (ZHAW).<\/p>\n\n\n\n<p>Diese Studie basiert auf den Realit\u00e4ten vor Ort in den Kantonen St. Gallen, Tessin, Waadt und Z\u00fcrich.<\/p>\n\n\n\n<p>Der Bericht wurde am 9. Dezember 2025 ver\u00f6ffentlicht.<\/p>\n\n\n\n<p>Diese Studie best\u00e4tigt, was wir seit Jahren beobachten: H\u00e4usliche Gewalt wird in familienrechtlichen Verfahren weiterhin verharmlost \u2013 selbst dann, wenn Kinder konkret gef\u00e4hrdet sind. Die Schweiz muss endlich den Schutz der Minderj\u00e4hrigen ins Zentrum stellen.<\/p>\n\n\n\n<p><strong>Zum Herunterladen der vollst\u00e4ndige Studie:<\/strong> <a href=\"https:\/\/www.kidstoo.ch\/app\/uploads\/SUPSI_Etude_202511_DE.pdf\" title=\"\">https:\/\/www.kidstoo.ch\/app\/uploads\/SUPSI_Etude_202511_DE.pdf<\/a> <\/p>\n\n\n\n<p><strong>Zum Herunterladen der Zusammenfassung:<\/strong> <a href=\"https:\/\/www.kidstoo.ch\/app\/uploads\/SUPSI_Etude_202511_DE_Executive.pdf\">https:\/\/www.kidstoo.ch\/app\/uploads\/SUPSI_Etude_202511_DE_Executive.pdf<\/a><\/p>\n\n\n\n<p><strong>Zum Herunterladen der Pressemitteilung:<\/strong> <a href=\"https:\/\/www.kidstoo.ch\/app\/uploads\/SUPSI_Etude_202511_DE_CP.pdf\">https:\/\/www.kidstoo.ch\/app\/uploads\/SUPSI_Etude_202511_DE_CP.pdf<\/a><\/p>\n\n\n\n<p>Die vollst\u00e4ndige Fassung sowie eine Kurzfassung der Studie werden Anfang 2026 ver\u00f6ffentlicht.<\/p>\n\n\n\n    <div class=\"accordions \">\n                        <div class=\"accordion-item\">\n                    <div class=\"accordion-header\">\n                        <h3>Projektgeschichte<\/h3>\n                    <\/div>\n                    <div class=\"accordion-content\">\n                        <p>Die vom EBG in Auftrag gegebene INFRAS-Studie &#8220;Kosten von Gewalt in Paarbeziehungen&#8221; aus dem Jahr 2013 hielt fest: &#8220;Es fehlen insbesondere die Datengrundlagen, um die Kosten von Gerichtsverfahren, die Kosten von Unterst\u00fctzungsangeboten f\u00fcr Kinder, die h\u00e4uslicher Gewalt ausgesetzt sind, einschliesslich der durch die Gewalt verursachten Gesundheitsprobleme zu ermitteln. Hierbei k\u00f6nnte es sich um erhebliche Betr\u00e4ge handeln, da die Auswirkungen von Gewalt weitreichend sind und ein Leben lang anhalten k\u00f6nnen. Au\u00dferdem haben Kinder, die Gewalt ausgesetzt sind, ein sehr hohes Risiko, als Erwachsene selbst Opfer oder T\u00e4ter von Gewalt zu werden.<\/p>\n<p>Im Jahr 2022 hatte KidsToo in Erw\u00e4gung gezogen, die Kostensch\u00e4tzung zu aktualisieren und die Kosten f\u00fcr Kinder einzubeziehen. Die bei dem B\u00fcro Social Insight in Auftrag gegebene <a title=\"\" href=\"https:\/\/www.kidstoo.ch\/app\/uploads\/Couts_Enfants_SI2022_FR.pdf\">Machbarkeitsstudie<\/a> ergab, dass seit 2013 kaum Fortschritte bei der Datenerhebung gemacht worden waren und die geplante Studie nicht durchf\u00fchrbar war.<br \/>\nDie kontaktierten Expertinnen und Experten \u00e4u\u00dferten Ans\u00e4tze f\u00fcr kinderspezifische Teilstudien.<\/p>\n<p>KidsToo hat den Vorschlag zur Problematik des Umgangsrechts gew\u00e4hlt, da die Lehre zwar regelm\u00e4\u00dfig vor einer \u00dcberbetonung der elterlichen Beziehung gewarnt und auf die Gefahr f\u00fcr das Kind als Zeuge von Gewalt hingewiesen hat, wenn anschlie\u00dfend ein Umgangsrecht gew\u00e4hrt wird, weil es selbst nicht Opfer direkter Gewalt war, und da dann oft eine vor\u00fcbergehende Aussetzung des Umgangsrechts oder Begleitma\u00dfnahmen erforderlich sein k\u00f6nnen, dies in der Praxis jedoch nicht immer, nicht wirklich, nicht oft ber\u00fccksichtigt wird. Siehe auch die vom EBG und der SKHG in Auftrag gegebene Studie &#8220;<a title=\"\" href=\"https:\/\/www.kidstoo.ch\/app\/uploads\/BFEG_20240122_Long_DE.pdf\">Unterst\u00fctzungsangebote und Schutzmassnahmen f\u00fcr Kinder, die der Gewalt in der elterlichen Partnerschaft ausgesetzt sind<\/a>&#8220;, die im Januar 2024 ver\u00f6ffentlicht wurde.<\/p>\n<p>Zusammen mit dem B\u00fcro Social Insight hat KidsToo die <a title=\"\" href=\"https:\/\/www.kidstoo.ch\/app\/uploads\/CahierCharges_GardeVisites_DE.pdf\">Ausschreibung<\/a> f\u00fcr die Studie festgelegt. Die Angebote wurden von einer Expertengruppe bewertet.<\/p>\n<p>&nbsp;<\/p>\n                    <\/div>\n                <\/div>\n            <\/div>\n\n\n\n\n<p><\/p>\n","protected":false},"excerpt":{"rendered":"<p>Kinder als Mitbetroffene von Paargewalt:Eine Analyse von Prozessen und Kosten im Kontext des Besuchs- und Sorgerechts Die Stiftung beauftragte das Centro competenze lavoro, welfare e societ\u00e0 der Scuola universitaria professionale della Svizzera italiana (SUPSI), zusammen mit der Z\u00fcrcher Hochschule f\u00fcr Angewandte Wissenschaften (ZHAW) eine Studie zum Thema &#8220;Kinder als Mitbetroffene von Paargewalt: Eine Analyse von [&hellip;]<\/p>\n","protected":false},"author":8,"featured_media":0,"parent":6313,"menu_order":0,"comment_status":"closed","ping_status":"closed","template":"","meta":{"_acf_changed":false,"footnotes":""},"class_list":["post-4530","page","type-page","status-publish","hentry"],"acf":[],"aioseo_notices":[],"_links":{"self":[{"href":"https:\/\/www.kidstoo.ch\/de\/wp-json\/wp\/v2\/pages\/4530","targetHints":{"allow":["GET"]}}],"collection":[{"href":"https:\/\/www.kidstoo.ch\/de\/wp-json\/wp\/v2\/pages"}],"about":[{"href":"https:\/\/www.kidstoo.ch\/de\/wp-json\/wp\/v2\/types\/page"}],"author":[{"embeddable":true,"href":"https:\/\/www.kidstoo.ch\/de\/wp-json\/wp\/v2\/users\/8"}],"replies":[{"embeddable":true,"href":"https:\/\/www.kidstoo.ch\/de\/wp-json\/wp\/v2\/comments?post=4530"}],"version-history":[{"count":11,"href":"https:\/\/www.kidstoo.ch\/de\/wp-json\/wp\/v2\/pages\/4530\/revisions"}],"predecessor-version":[{"id":11602,"href":"https:\/\/www.kidstoo.ch\/de\/wp-json\/wp\/v2\/pages\/4530\/revisions\/11602"}],"up":[{"embeddable":true,"href":"https:\/\/www.kidstoo.ch\/de\/wp-json\/wp\/v2\/pages\/6313"}],"wp:attachment":[{"href":"https:\/\/www.kidstoo.ch\/de\/wp-json\/wp\/v2\/media?parent=4530"}],"curies":[{"name":"wp","href":"https:\/\/api.w.org\/{rel}","templated":true}]}}