{"id":4433,"date":"2024-02-24T17:54:02","date_gmt":"2024-02-24T16:54:02","guid":{"rendered":"https:\/\/www.kidstoo.ch\/?page_id=4433"},"modified":"2025-06-01T14:26:15","modified_gmt":"2025-06-01T12:26:15","slug":"couts-lies-aux-enfants-2","status":"publish","type":"page","link":"https:\/\/www.kidstoo.ch\/de\/projets-2\/couts-lies-aux-enfants-2\/","title":{"rendered":"Co\u00fbts li\u00e9s aux enfants"},"content":{"rendered":"\n<h2 class=\"wp-block-heading\">Kosten f\u00fcr Kinder<\/h2>\n\n\n\n    <div class=\"accordions \">\n                        <div class=\"accordion-item\">\n                    <div class=\"accordion-header\">\n                        <h3>Ausz\u00fcge aus den Empfehlungen der EBG-Studie von 2013<\/h3>\n                    <\/div>\n                    <div class=\"accordion-content\">\n                        <p>In ihrem Vorwort erw\u00e4hnte die Pr\u00e4sidentin des EBG (die fettgedruckte Passage stammt von der Stiftung):<\/p>\n<blockquote><p>Zu beachten ist, dass nicht alle Kosten, die durch Gewalt in Paarbeziehungen verursacht werden, in der vorliegenden Studie berechnet werden konnten. So fehlen beispielsweise die notwendigen Datengrundlagen f\u00fcr die Kostenberechnung von Gerichtsverfahren oder von Unterst\u00fctzungsangeboten f\u00fcr mitbetroffene Kinder sowie deren gesundheitlichen Folgekosten. Gerade bei diesen Kosten d\u00fcrfte es sich um eine nicht zu untersch\u00e4tzende Gr\u00f6ssenordnung handeln, denn die Folgen f\u00fcr Kinder, die von Gewalt in Paarbeziehungen mitbetroffen sind, sind weitreichend und wirken oft ein Leben lang nach. <strong>Zudem stellt als Kind miterlebte Paargewalt einer der signifikantesten Risikofaktoren dar, im Erwachsenenalter selber Opfer oder Tatperson h\u00e4uslicher Gewalt zu werden<\/strong>I<\/p><\/blockquote>\n<p>In den Schlussfolgerungen und Empfehlungen dieser Studie wird Folgendes festgestellt:<\/p>\n<blockquote><p>F\u00fcr einzelne sehr relevante Bereiche \u2013 insbesondere der Aufwand der Kindes- und Erwachsenenschutzbeh\u00f6rden sowie f\u00fcr die Unterst\u00fctzung und gesundheitliche Behandlung von mitbetroffenen Kindern \u2013 aufgrund von fehlenden Daten keine Kosten berechnet werden konnten.<\/p>\n<p><em>Kindes- und Erwachsenenschutz<\/em>: In diesem Bereich werden relativ hohe Kosten aufgrund von Gewalt in Paarbeziehungen vermutet, es existieren jedoch so gut wie keine Daten dazu.<br \/>\n\u203a In der Statistik zum Kindes- und Erwachsenenschutz (neue Statistik ab 2013)<span style=\"color: #ff0000;\">*<\/span> sollen k\u00fcnftig auch Daten zu den Kindesschutzmassnahmen in Zusammenhang mit Gewalt in Paarbeziehungen erfasst werden. \u201eH\u00e4usliche Gewalt\u201c oder \u201ePaargewalt\u201c sollte als Hauptindikation angegeben werden k\u00f6nnen. Bisher stehen als m\u00f6gliche Indikationen<br \/>\n\u201eMisshandlung\u201c, \u201eAutonomiekonflikte\u201c, \u201eBesuchsrechtsprobleme\u201c, \u201eErziehungsprobleme\u201c, \u201eVerhaltensauff\u00e4lligkeit\u201c oder \u201eUnterhalt nicht gekl\u00e4rt\u201c zur Auswahl.<\/p>\n<p><em>Unterst\u00fctzungsangebote und medizinische Behandlung von Kindern<\/em>: In Bezug auf die von Paargewalt mitbetroffenen Kindern ist die Datenlage unzureichend.<br \/>\n\u203a Es sollte eine vertiefende Studie zum Ausmass der Betroffenheit sowie zu den von diesen Kindern beanspruchten medizinischen Behandlungen und weiteren Unterst\u00fctzungsleistungen durchgef\u00fchrt werden. Daraus k\u00f6nnten Empfehlungen zur k\u00fcnftigen Datenerfassung abgeleitet werden.<\/p><\/blockquote>\n<p><span style=\"color: #ff0000;\">*<\/span>KidsToo hat die Daten f\u00fcr diese neue Statistik nicht gefunden.<\/p>\n                    <\/div>\n                <\/div>\n            <\/div>\n\n\n\n\n<div class=\"wp-block-group is-style-box-color has-black-color has-white-background-color has-text-color has-background is-layout-flow wp-block-group-is-layout-flow\">\n<h3 class=\"wp-block-heading has-light-red-color-background-color has-background\">Machbarkeits\u00adstudie<\/h3>\n\n\n\n<p>KidsToo beauftragte das B\u00fcro Social Insight mit der Durchf\u00fchrung einer Machbarkeitsstudie.<\/p>\n\n\n\n<h4 class=\"wp-block-heading\">Die angestrebten Ziele<\/h4>\n\n\n\n<p>Die Studie ist hier verf\u00fcgbar (<a href=\"https:\/\/www.kidstoo.ch\/app\/uploads\/Couts_Enfants_SI2022_FR.pdf\">FR<\/a>, <a href=\"https:\/\/www.kidstoo.ch\/app\/uploads\/Machbarkeitsstudie-Social-Insight_DE.pdf\">DE<\/a>).<\/p>\n<p><strong>Internationaler Desk Research:<br \/><\/strong>&#8211; Welche Studien, international und national, liegen vor zum Themenbereich? Welche Aussagen<br \/>gehen aus den Studien hervor?<br \/>&#8211; Wo, in welchen Bereichen fallen kinderspezifische Kosten an?<\/p>\n<p><strong>Untersuchung der Situation in der Schweiz:<br \/><\/strong>&#8211; Wie ist die Situation in der Schweiz im Hinblick auf eine Kostenstudie zu elterlicher Paargewalt mit Fokus auf Kinder? Wie gestalten sich M\u00f6glichkeiten und Schwierigkeiten? Wie ist die Interessenslage, welches sind Stakeholder und strategische \u00dcberlegungen?<br \/>&#8211; Wie sehen in den verschiedenen Bereichen die Erhebungsformen von Daten puncto Kinder aus? Wie sind Qualit\u00e4t und aktuelle Zug\u00e4nglichkeit von Daten, welche Statistiken liegen vor? Gibt es exemplarische Studien\/Datenbest\u00e4nde, die Grundlagen und Erkenntnisse f\u00fcr eine Kostenstudie liefern?<\/p>\n\n\n\n<h4 class=\"wp-block-heading\">Der Abschluss in K\u00fcrze<\/h4>\n\n\n\n<p>Die Machbarkeitsstudie kommt zum Schluss, dass<strong> eine Kostenstudie zu kinderbezogenen, gesellschaftlichen Folgekosten von Partnergewalt nicht ohne Weiteres<\/strong> \u2013 d. h. auf der Basis von Standarddaten und vorhandenen Statistiken der in diesem Themenfeld zust\u00e4ndigen Akteur*innen \u2013 realisiert werden kann. M\u00f6chte man dennoch eine erste Kostenstudie durchf\u00fchren, kommt man zumindest teilweise nicht umhin, f\u00fcr die notwendigen Berechnungen zus\u00e4tzliche, spezifische Forschungen zu unternehmen und Grundlagendaten zu erarbeiten; das heisst, gewisse Daten \u00fcber eigene Prim\u00e4rerhebungen und\/oder \u00fcber gezielte Sekund\u00e4ranalysen zu gewinnen. Sei dies in puncto der Anzahl von F\u00e4llen sowie auch in puncto der Kosten pro Fall. In der Konsequenz bedeutet dies f\u00fcr die Machbarkeit einer Kostenstudie zum einen, dass der zeitliche und finanzielle Aufwand f\u00fcr die Umsetzung h\u00f6her zu bemessen sind, als wenn mit bestehenden Daten\/-s\u00e4tzen gearbeitet werden k\u00f6nnte. Zum andern ist eine gezielte Auswahl und eine sinnvolle Eingrenzung der Fragestellung und der zu untersuchenden Kostbereiche notwendig, um die Untersuchung in einem bew\u00e4ltigbaren Rahmen zu halten.<\/p>\n<\/div>\n\n\n\n<div class=\"wp-block-group is-style-box-color has-black-color has-white-background-color has-text-color has-background is-layout-flow wp-block-group-is-layout-flow\">\n<h4 class=\"wp-block-heading\" id=\"Co\u00fbtsSocial_Insight_Variantes\">M\u00f6gliche Vorgehensvarianten<\/h4>\n\n\n\n<div class=\"wp-block-group is-style-box-color has-black-color has-white-background-color has-text-color has-background is-layout-flow wp-block-group-is-layout-flow\">\n<p><strong>1) Retrospektive Kostenstudie zu zeitnahen Interventionen spezialisierter Stellen<\/strong>.<br>Mengen- und Kostenger\u00fcst verh\u00e4ltnism\u00e4ssig einfach greifbar bei diesen Stellen;<br>h\u00e4ufig Kooperationsbereitschaft erwartbar; Hochrechnungen f\u00fcr Gesamtschweiz in gewissem<br>Umfang m\u00f6glich; berechenbar sind Kostenposten f\u00fcr zeitnahen Aufwand.<\/p>\n\n\n\n<p><strong>2) Exemplarische Kostenberechnungen anhand von Einzelf\u00e4llen<\/strong><br>Zentral ist f\u00fcr diese Arbeit, die auch mit qualitativer Methodik arbeitet, das Absichern<br>guter Kooperationen zu den Stellen f\u00fcr die Datengewinnung; z. Bsp. je zwei bis vier (oder auch<br>mehr) F\u00e4lle pro Altersgruppe (Kleinkinder, mittlere und \u00e4ltere Kinder; &#8216;einfachere&#8217; und schwere<br>F\u00e4lle).<\/p>\n\n\n\n<p><strong>3) Prospektive Forschung: Vorkommen und Kosten in verschiedenen Interventionsfeldern.<\/strong><br>Aufwendige Studie, da viele Grundlagen (in verschiedenen Feldern) f\u00fcr die Erhebung<br>erarbeitet werden m\u00fcssen; Studie k\u00f6nnte f\u00fcr den kinderbezogenen Kostenbereich viel neues<br>Wissen zu Tage f\u00f6rdern; es gilt abzuw\u00e4gen, ob sich der Aufwand lohnt oder ob der politische Weg<br>Vorrang haben sollte, dass zust\u00e4ndige Stellen zuk\u00fcnftig via Politik zur Datenerhebung verpflichtet<br>werden.<br>In Interviews wurde weiters vorgeschlagen, das Thema auf alle Formen der Kindswohlgef\u00e4hrdung<br>auszuweiten (nebst Mitbetroffenheit durch elterliche Paargewalt also auch<br>psychische Gewalt, k\u00f6rperliche Gewalt, Vernachl\u00e4ssigung und sexuelle Gewalt einzubeziehen).<\/p>\n\n\n\n<p><strong>4) Kostensch\u00e4tzungen anhand von Gesundheits-Pr\u00e4valenzstudien (Top-down-Vorgehen).<\/strong><br>Befragte Expert*innen erachten den Top-down-Ansatz z. T. als sinnvoller im Vergleich<br>zu Bottom-up-Vorschl\u00e4gen, die auch als &#8216;Erbsenz\u00e4hlerei&#8217; benannt wurden. Wichtig sei, im Top-down-<br>Ansatz getroffene Annahmen (zu Umfang Betroffene, Art der Belastungen, Behandlungskosten) in<br>Gespr\u00e4chen mit Fachleuten gut abzust\u00fctzen, dass valide Berechnungen vorgenommen werden<br>k\u00f6nnen.<\/p>\n\n\n\n<p><strong>5) Mikrostudie: Kosten im Bereich Besuchsrecht\/Obhut, Regelungen und Durchsetzung.<\/strong>Das Thema bietet sich gem\u00e4ss befragten Expert*innen an, da im Bereich \u00abBesuchsrecht\u00bb h\u00e4ufig grosse Probleme beobachtet werden und erhebliche Kosten entstehen; dies nochmals verst\u00e4rkt, wenn die Gewalt in der Beziehung der Eltern nach der Trennung trotzdem an dauert.<\/p>\n\n\n\n<p><strong>6) Budgeting-Studie.<\/strong><br>Gem\u00e4ss unseren Recherchen w\u00e4re eine Studie mit dem Budgetingansatz ein Novum in der Schweiz; wir wurden von einer Expertin auf diesen Ansatz aufmerksam gemacht. Gem\u00e4ss Information gibt es bis anhin in Europa keine solchen Studien, das Thema wird eher im Globalen S\u00fcden aufgegriffen. Eine solche Studie w\u00fcrde somit einen innovativen Ansatz verfolgen.<\/p>\n<\/div>\n\n\n\n<p class=\"has-light-red-color-background-color has-background\">Der Rat von KidsToo hat beschlossen, eine Studie im Sinne des Vorschlags zum Sorge- und Umgangsrecht durchzuf\u00fchren. Dieses Projekt wird <a href=\"https:\/\/www.kidstoo.ch\/de\/projets-2\/les-enfants-de-la-violence-domestique\/\" title=\"\">hier<\/a> vorgestellt.<\/p>\n<\/div>\n\n\n\n<p><\/p>\n","protected":false},"excerpt":{"rendered":"<p>Kosten f\u00fcr Kinder Machbarkeits\u00adstudie KidsToo beauftragte das B\u00fcro Social Insight mit der Durchf\u00fchrung einer Machbarkeitsstudie. Die angestrebten Ziele Die Studie ist hier verf\u00fcgbar (FR, DE). Internationaler Desk Research:&#8211; Welche Studien, international und national, liegen vor zum Themenbereich? Welche Aussagengehen aus den Studien hervor?&#8211; Wo, in welchen Bereichen fallen kinderspezifische Kosten an? Untersuchung der Situation in [&hellip;]<\/p>\n","protected":false},"author":8,"featured_media":0,"parent":6313,"menu_order":0,"comment_status":"closed","ping_status":"closed","template":"","meta":{"_acf_changed":false,"footnotes":""},"class_list":["post-4433","page","type-page","status-publish","hentry"],"acf":[],"aioseo_notices":[],"_links":{"self":[{"href":"https:\/\/www.kidstoo.ch\/de\/wp-json\/wp\/v2\/pages\/4433","targetHints":{"allow":["GET"]}}],"collection":[{"href":"https:\/\/www.kidstoo.ch\/de\/wp-json\/wp\/v2\/pages"}],"about":[{"href":"https:\/\/www.kidstoo.ch\/de\/wp-json\/wp\/v2\/types\/page"}],"author":[{"embeddable":true,"href":"https:\/\/www.kidstoo.ch\/de\/wp-json\/wp\/v2\/users\/8"}],"replies":[{"embeddable":true,"href":"https:\/\/www.kidstoo.ch\/de\/wp-json\/wp\/v2\/comments?post=4433"}],"version-history":[{"count":5,"href":"https:\/\/www.kidstoo.ch\/de\/wp-json\/wp\/v2\/pages\/4433\/revisions"}],"predecessor-version":[{"id":9375,"href":"https:\/\/www.kidstoo.ch\/de\/wp-json\/wp\/v2\/pages\/4433\/revisions\/9375"}],"up":[{"embeddable":true,"href":"https:\/\/www.kidstoo.ch\/de\/wp-json\/wp\/v2\/pages\/6313"}],"wp:attachment":[{"href":"https:\/\/www.kidstoo.ch\/de\/wp-json\/wp\/v2\/media?parent=4433"}],"curies":[{"name":"wp","href":"https:\/\/api.w.org\/{rel}","templated":true}]}}