{"id":3042,"date":"2025-11-04T15:28:39","date_gmt":"2025-11-04T14:28:39","guid":{"rendered":"https:\/\/www.kidstoo.ch\/?page_id=3042"},"modified":"2025-11-04T15:29:23","modified_gmt":"2025-11-04T14:29:23","slug":"gpe-ssp","status":"publish","type":"page","link":"https:\/\/www.kidstoo.ch\/de\/nos-publications\/publications-internes\/gpe-ssp\/","title":{"rendered":"GPE-SSP"},"content":{"rendered":"\n<h2 class=\"wp-block-heading\">Arbeitsgruppe Kinderschutz der Schweizerischen Gesellschaft f\u00fcr P\u00e4diatrie<\/h2>\n\n\n\n<div class=\"wp-block-group is-style-box-color has-black-color has-text-color is-layout-flow wp-block-group-is-layout-flow\">\n<h4 class=\"wp-block-heading has-white-color has-light-red-color-background-color has-text-color has-background has-link-color wp-elements-0598cfd3af6823d0258fdc46dbc28bfb\">Pr\u00e4ambel<\/h4>\n\n\n\n<p>Die Arbeitsgruppe Kinderschutz (AGK) der Schweizerischen Gesellschaft f\u00fcr P\u00e4diatrie (SGP) ver\u00f6ffentlicht seit 2009 j\u00e4hrlich Statistiken \u00fcber Kinder, die wegen vermuteter oder tats\u00e4chlicher Mi\u00dfbrauchshandlungen in einer Schweizer Kinderklinik ambulant oder station\u00e4r behandelt werden.<\/p>\n\n\n\n<p>Fast alle grossen und mittelgrossen Kinderkliniken haben \u00fcber die Zeit an der Umfrage teilgenommen. Daher geht die GPE-SSP davon aus, dass die Statistiken mit gro\u00dfer Sicherheit einen hohen Anteil der in einer Schweizer Kinderklinik behandelten F\u00e4lle von Kindesmisshandlung enthalten.<\/p>\n\n\n\n<p>Zum ersten Mal wird 2014 in einer der Schlussfolgerungen der Zusammenhang zwischen h\u00e4uslicher Gewalt und der steigenden Zahl von F\u00e4llen psychischen Mi\u00dfbrauchs von Kindern erw\u00e4hnt, die sehr h\u00e4ufig zumindest indirekt betroffen sind. Im Jahr 2021 werden die F\u00e4lle von psychischer Gewalt durch h\u00e4usliche Gewalt erstmals beziffert. Es erschien der Stiftung KidsToo sinnvoll, diese Daten in einer zeitlichen Perspektive zu pr\u00e4sentieren, die die Entwicklung der verschiedenen Daten besser erkennen l\u00e4sst und m\u00f6glicherweise Fragen generiert.<\/p>\n<\/div>\n\n\n\n<div class=\"wp-block-group is-style-box-color has-black-color has-text-color is-layout-flow wp-block-group-is-layout-flow\">\n<h4 class=\"wp-block-heading has-white-color has-light-red-color-background-color has-text-color has-background has-link-color wp-elements-091bd95bfe198741543ad6445492df32\">Das Wichtigste in K\u00fcrze<\/h4>\n\n\n\n<p>Die neueste Version der Studie finden Sie hier (<a href=\"https:\/\/www.kidstoo.ch\/app\/uploads\/Dernier-GPE_FR.pdf\" title=\"FR\">F<\/a><a href=\"https:\/\/www.kidstoo.ch\/app\/uploads\/Dernier_GPE_FR.pdf\" title=\"FR\">R<\/a>, <a href=\"https:\/\/www.kidstoo.ch\/app\/uploads\/Dernier_GPE_DE.pdf\">DE<\/a>)<\/p>\n\n\n\n<p>Die Anzahl der Opfer hat sich zwischen 2009 und 2024 fast verdreifacht (*2,7). Der Anteil der sehr jungen Kinder (&lt; 1 Jahr) ist viermal so hoch wie in der minderj\u00e4hrigen Bev\u00f6lkerung. M\u00e4dchen machen etwa 50% der Opfer, aber etwa 80% der Opfer sexueller Gewalt aus.<\/p>\n\n\n\n<p><br>Die kumulierten Anteile der F\u00e4lle von physischer und psychischer Gewalt sind seit 2017 auf 55% gesunken. Der Anteil der sexuellen Misshandlung ist seit 2009 allm\u00e4hlich auf 14,2% im Jahr 2024 gesunken. Der Anteil der F\u00e4lle von Vernachl\u00e4ssigung steigt seit 2016 und erreicht 2024 30.4%.<\/p>\n\n\n\n<p><br>Kinder sind zu 70% Opfer von Personen in der Familie. Sexuelle Gewalt innerhalb der Familie tritt jedoch im Verh\u00e4ltnis nur dreimal seltener auf als Gewalt durch Dritte.<\/p>\n\n\n\n<p><br>Im Jahr 2024 machen minderj\u00e4hrige T\u00e4ter zwar nur 15,9% der T\u00e4ter aus, aber 27,3% der T\u00e4ter von sexueller Gewalt und 25,9% der T\u00e4ter von k\u00f6rperlicher Misshandlung.<br><\/p>\n<\/div>\n","protected":false},"excerpt":{"rendered":"<p>Arbeitsgruppe Kinderschutz der Schweizerischen Gesellschaft f\u00fcr P\u00e4diatrie Pr\u00e4ambel Die Arbeitsgruppe Kinderschutz (AGK) der Schweizerischen Gesellschaft f\u00fcr P\u00e4diatrie (SGP) ver\u00f6ffentlicht seit 2009 j\u00e4hrlich Statistiken \u00fcber Kinder, die wegen vermuteter oder tats\u00e4chlicher Mi\u00dfbrauchshandlungen in einer Schweizer Kinderklinik ambulant oder station\u00e4r behandelt werden. Fast alle grossen und mittelgrossen Kinderkliniken haben \u00fcber die Zeit an der Umfrage teilgenommen. Daher [&hellip;]<\/p>\n","protected":false},"author":8,"featured_media":0,"parent":6171,"menu_order":5,"comment_status":"closed","ping_status":"closed","template":"","meta":{"_acf_changed":false,"footnotes":""},"class_list":["post-3042","page","type-page","status-publish","hentry"],"acf":[],"aioseo_notices":[],"_links":{"self":[{"href":"https:\/\/www.kidstoo.ch\/de\/wp-json\/wp\/v2\/pages\/3042","targetHints":{"allow":["GET"]}}],"collection":[{"href":"https:\/\/www.kidstoo.ch\/de\/wp-json\/wp\/v2\/pages"}],"about":[{"href":"https:\/\/www.kidstoo.ch\/de\/wp-json\/wp\/v2\/types\/page"}],"author":[{"embeddable":true,"href":"https:\/\/www.kidstoo.ch\/de\/wp-json\/wp\/v2\/users\/8"}],"replies":[{"embeddable":true,"href":"https:\/\/www.kidstoo.ch\/de\/wp-json\/wp\/v2\/comments?post=3042"}],"version-history":[{"count":10,"href":"https:\/\/www.kidstoo.ch\/de\/wp-json\/wp\/v2\/pages\/3042\/revisions"}],"predecessor-version":[{"id":10540,"href":"https:\/\/www.kidstoo.ch\/de\/wp-json\/wp\/v2\/pages\/3042\/revisions\/10540"}],"up":[{"embeddable":true,"href":"https:\/\/www.kidstoo.ch\/de\/wp-json\/wp\/v2\/pages\/6171"}],"wp:attachment":[{"href":"https:\/\/www.kidstoo.ch\/de\/wp-json\/wp\/v2\/media?parent=3042"}],"curies":[{"name":"wp","href":"https:\/\/api.w.org\/{rel}","templated":true}]}}