{"id":3025,"date":"2025-11-25T23:33:51","date_gmt":"2025-11-25T22:33:51","guid":{"rendered":"https:\/\/www.kidstoo.ch\/?page_id=3025"},"modified":"2025-11-25T23:38:34","modified_gmt":"2025-11-25T22:38:34","slug":"indicateurs-k2-graphes","status":"publish","type":"page","link":"https:\/\/www.kidstoo.ch\/de\/nos-publications\/publications-internes\/indicateurs-k2-graphes\/","title":{"rendered":"Indicateurs &#8220;K2&#8221;-Graphes"},"content":{"rendered":"\n<h2 class=\"wp-block-heading\">Entwicklung der Indikatoren im Laufe der Zeit<\/h2>\n\n\n\n<div class=\"wp-block-group is-style-box-color has-black-color has-white-background-color has-text-color has-background is-layout-flow wp-block-group-is-layout-flow\">\n<h3 class=\"wp-block-heading\">Indikatoren SDG 5.2 zur Messung von schwerer h\u00e4uslicher Gewalt<\/h3>\n\n\n\n<p>Der offizielle Indikator f\u00fcr schwere h\u00e4usliche Gewalt zeigt eine so niedrige Zahl von Opfern, dass er die Politiker nicht dazu bewegen kann, etwas zu unternehmen, und vor allem nicht dazu, vern\u00fcnftigerweise angemessene Mittel einzusetzen.<br>Dar\u00fcber hinaus wird der Anteil der gesch\u00e4digten Frauen heruntergespielt.<\/p>\n\n\n\n<div class=\"wp-block-columns is-layout-flex wp-container-core-columns-is-layout-9d6595d7 wp-block-columns-is-layout-flex\">\n<div class=\"wp-block-column is-layout-flow wp-block-column-is-layout-flow\">\n<figure class=\"wp-block-image size-full\"><img loading=\"lazy\" decoding=\"async\" width=\"2146\" height=\"1316\" src=\"https:\/\/www.kidstoo.ch\/app\/uploads\/Indicateurs-ODD-5-2-Comparaison_nbre_DE.png\" alt=\"\" class=\"wp-image-10741\" srcset=\"https:\/\/www.kidstoo.ch\/app\/uploads\/Indicateurs-ODD-5-2-Comparaison_nbre_DE.png 2146w, https:\/\/www.kidstoo.ch\/app\/uploads\/Indicateurs-ODD-5-2-Comparaison_nbre_DE-300x184.png 300w, https:\/\/www.kidstoo.ch\/app\/uploads\/Indicateurs-ODD-5-2-Comparaison_nbre_DE-1024x628.png 1024w, https:\/\/www.kidstoo.ch\/app\/uploads\/Indicateurs-ODD-5-2-Comparaison_nbre_DE-768x471.png 768w, https:\/\/www.kidstoo.ch\/app\/uploads\/Indicateurs-ODD-5-2-Comparaison_nbre_DE-1536x942.png 1536w, https:\/\/www.kidstoo.ch\/app\/uploads\/Indicateurs-ODD-5-2-Comparaison_nbre_DE-2048x1256.png 2048w, https:\/\/www.kidstoo.ch\/app\/uploads\/Indicateurs-ODD-5-2-Comparaison_nbre_DE-489x300.png 489w\" sizes=\"auto, (max-width: 2146px) 100vw, 2146px\" \/><\/figure>\n<\/div>\n\n\n\n<div class=\"wp-block-column is-layout-flow wp-block-column-is-layout-flow\">\n<figure class=\"wp-block-image size-full\"><a href=\"https:\/\/www.kidstoo.ch\/app\/uploads\/Indicateurs-ODD-5-2-Comparaison_pct_DE-2.png\"><img loading=\"lazy\" decoding=\"async\" width=\"2146\" height=\"1315\" src=\"https:\/\/www.kidstoo.ch\/app\/uploads\/Indicateurs-ODD-5-2-Comparaison_pct_DE-2.png\" alt=\"\" class=\"wp-image-10745\" srcset=\"https:\/\/www.kidstoo.ch\/app\/uploads\/Indicateurs-ODD-5-2-Comparaison_pct_DE-2.png 2146w, https:\/\/www.kidstoo.ch\/app\/uploads\/Indicateurs-ODD-5-2-Comparaison_pct_DE-2-300x184.png 300w, https:\/\/www.kidstoo.ch\/app\/uploads\/Indicateurs-ODD-5-2-Comparaison_pct_DE-2-1024x627.png 1024w, https:\/\/www.kidstoo.ch\/app\/uploads\/Indicateurs-ODD-5-2-Comparaison_pct_DE-2-768x471.png 768w, https:\/\/www.kidstoo.ch\/app\/uploads\/Indicateurs-ODD-5-2-Comparaison_pct_DE-2-1536x941.png 1536w, https:\/\/www.kidstoo.ch\/app\/uploads\/Indicateurs-ODD-5-2-Comparaison_pct_DE-2-2048x1255.png 2048w, https:\/\/www.kidstoo.ch\/app\/uploads\/Indicateurs-ODD-5-2-Comparaison_pct_DE-2-490x300.png 490w\" sizes=\"auto, (max-width: 2146px) 100vw, 2146px\" \/><\/a><\/figure>\n<\/div>\n<\/div>\n<\/div>\n\n\n\n<p><\/p>\n\n\n\n<div class=\"wp-block-group is-style-box-color has-black-color has-white-background-color has-text-color has-background is-layout-flow wp-block-group-is-layout-flow\">\n<h3 class=\"wp-block-heading\">Indikatoren SDG 16.1 zur Messung von schwerer h\u00e4uslicher Gewalt<\/h3>\n\n\n\n<p>Der offizielle Indikator ber\u00fccksichtigt alle Gewaltdelikte, die als schwerwiegend eingestuft werden. Er zeigt die Summe von h\u00e4uslicher Gewalt und Gewalt &#8220;au\u00dferhalb der eigenen vier W\u00e4nde&#8221; oder &#8220;nicht h\u00e4uslicher Gewalt&#8221;. Die &#8220;K2&#8221;-Versionen dieses Indikators, die die Zahlen f\u00fcr h\u00e4usliche Gewalt extrahieren, betrachten mehr Arten von Gewalttaten als schwerwiegend.<\/p>\n\n\n\n<div class=\"wp-block-columns is-layout-flex wp-container-core-columns-is-layout-9d6595d7 wp-block-columns-is-layout-flex\">\n<div class=\"wp-block-column is-layout-flow wp-block-column-is-layout-flow\">\n<figure class=\"wp-block-image size-full\"><img loading=\"lazy\" decoding=\"async\" width=\"2146\" height=\"1315\" src=\"https:\/\/www.kidstoo.ch\/app\/uploads\/Indicateurs-ODD-16-1-Comparaison_nbre_DE.png\" alt=\"\" class=\"wp-image-10758\" srcset=\"https:\/\/www.kidstoo.ch\/app\/uploads\/Indicateurs-ODD-16-1-Comparaison_nbre_DE.png 2146w, https:\/\/www.kidstoo.ch\/app\/uploads\/Indicateurs-ODD-16-1-Comparaison_nbre_DE-300x184.png 300w, https:\/\/www.kidstoo.ch\/app\/uploads\/Indicateurs-ODD-16-1-Comparaison_nbre_DE-1024x627.png 1024w, https:\/\/www.kidstoo.ch\/app\/uploads\/Indicateurs-ODD-16-1-Comparaison_nbre_DE-768x471.png 768w, https:\/\/www.kidstoo.ch\/app\/uploads\/Indicateurs-ODD-16-1-Comparaison_nbre_DE-1536x941.png 1536w, https:\/\/www.kidstoo.ch\/app\/uploads\/Indicateurs-ODD-16-1-Comparaison_nbre_DE-2048x1255.png 2048w, https:\/\/www.kidstoo.ch\/app\/uploads\/Indicateurs-ODD-16-1-Comparaison_nbre_DE-490x300.png 490w\" sizes=\"auto, (max-width: 2146px) 100vw, 2146px\" \/><\/figure>\n<\/div>\n\n\n\n<div class=\"wp-block-column is-layout-flow wp-block-column-is-layout-flow\">\n<figure class=\"wp-block-image size-full\"><img loading=\"lazy\" decoding=\"async\" width=\"2146\" height=\"1315\" src=\"https:\/\/www.kidstoo.ch\/app\/uploads\/Indicateurs-ODD-16-1-Comparaison_pct_DE.png\" alt=\"\" class=\"wp-image-10754\" srcset=\"https:\/\/www.kidstoo.ch\/app\/uploads\/Indicateurs-ODD-16-1-Comparaison_pct_DE.png 2146w, https:\/\/www.kidstoo.ch\/app\/uploads\/Indicateurs-ODD-16-1-Comparaison_pct_DE-300x184.png 300w, https:\/\/www.kidstoo.ch\/app\/uploads\/Indicateurs-ODD-16-1-Comparaison_pct_DE-1024x627.png 1024w, https:\/\/www.kidstoo.ch\/app\/uploads\/Indicateurs-ODD-16-1-Comparaison_pct_DE-768x471.png 768w, https:\/\/www.kidstoo.ch\/app\/uploads\/Indicateurs-ODD-16-1-Comparaison_pct_DE-1536x941.png 1536w, https:\/\/www.kidstoo.ch\/app\/uploads\/Indicateurs-ODD-16-1-Comparaison_pct_DE-2048x1255.png 2048w, https:\/\/www.kidstoo.ch\/app\/uploads\/Indicateurs-ODD-16-1-Comparaison_pct_DE-490x300.png 490w\" sizes=\"auto, (max-width: 2146px) 100vw, 2146px\" \/><\/figure>\n<\/div>\n<\/div>\n\n\n\n<p>Die Zahl der Personen, die schwere Straftaten erleiden, ist &#8220;au\u00dferhalb der Mauern&#8221; zwei- bis dreimal so hoch wie &#8220;zu Hause&#8221;. Der Anteil der Frauen, die &#8220;au\u00dferhalb der Mauern&#8221; gesch\u00e4digt werden, ist zwar niedriger als &#8220;zu Hause&#8221;, betr\u00e4gt aber immerhin zwei Drittel bei der Version K2.1 des Indikators.<\/p>\n<\/div>\n\n\n\n<div class=\"wp-block-group is-style-box-color has-black-color has-white-background-color has-text-color has-background is-layout-flow wp-block-group-is-layout-flow\">\n<h3 class=\"wp-block-heading\">Indikator SDG 5.6 zur Messung von psychischer Gewalt<\/h3>\n\n\n\n<p>Die Zahl der Opfer h\u00e4uslicher Gewalt weist leider einen steigenden Trend auf.<br>Der Anteil der Frauen, die Opfer h\u00e4uslicher Gewalt sind, liegt bei 75-80% und ist im Analysezeitraum leicht, aber stetig gesunken.<br>Der Anteil der Frauen, die Opfer von &#8220;nicht-haushaltsbezogener&#8221; Gewalt wurden, ist mit 43-38% ebenfalls leicht r\u00fcckl\u00e4ufig.<\/p>\n\n\n\n<p>Derzeit ist es nicht m\u00f6glich, die Ursache f\u00fcr diese R\u00fcckg\u00e4nge zu nennen. Unter den Hypothesen, die in Betracht gezogen werden k\u00f6nnten, sind die wichtigsten zu nennen:<br>&#8211; Auf der Ebene der Dateneingabe in die PKS: Wenn schwerere Straftaten registriert werden, &#8220;verdienen&#8221; dann auch Straftaten psychischer Gewalt eine Erw\u00e4hnung?<br>&#8211; Kann auf der Ebene der systematischen Gewaltt\u00e4ter durch eine Anzeige oder Gegenanzeige ein Teil der Last auf das prim\u00e4re Opfer verlagert werden? Dies k\u00f6nnte den st\u00e4rkeren R\u00fcckgang bei der h\u00e4uslichen Gewalt erkl\u00e4ren.<\/p>\n\n\n\n<div class=\"wp-block-columns is-layout-flex wp-container-core-columns-is-layout-9d6595d7 wp-block-columns-is-layout-flex\">\n<div class=\"wp-block-column is-layout-flow wp-block-column-is-layout-flow\">\n<figure class=\"wp-block-image size-full\"><img loading=\"lazy\" decoding=\"async\" width=\"2147\" height=\"1315\" src=\"https:\/\/www.kidstoo.ch\/app\/uploads\/Indicateurs-ODD5-6-K20_DE-1.png\" alt=\"\" class=\"wp-image-8723\" srcset=\"https:\/\/www.kidstoo.ch\/app\/uploads\/Indicateurs-ODD5-6-K20_DE-1.png 2147w, https:\/\/www.kidstoo.ch\/app\/uploads\/Indicateurs-ODD5-6-K20_DE-1-300x184.png 300w, https:\/\/www.kidstoo.ch\/app\/uploads\/Indicateurs-ODD5-6-K20_DE-1-1024x627.png 1024w, https:\/\/www.kidstoo.ch\/app\/uploads\/Indicateurs-ODD5-6-K20_DE-1-768x470.png 768w, https:\/\/www.kidstoo.ch\/app\/uploads\/Indicateurs-ODD5-6-K20_DE-1-1536x941.png 1536w, https:\/\/www.kidstoo.ch\/app\/uploads\/Indicateurs-ODD5-6-K20_DE-1-2048x1254.png 2048w, https:\/\/www.kidstoo.ch\/app\/uploads\/Indicateurs-ODD5-6-K20_DE-1-490x300.png 490w\" sizes=\"auto, (max-width: 2147px) 100vw, 2147px\" \/><\/figure>\n<\/div>\n\n\n\n<div class=\"wp-block-column is-layout-flow wp-block-column-is-layout-flow\">\n<figure class=\"wp-block-image size-full\"><img loading=\"lazy\" decoding=\"async\" width=\"2147\" height=\"1315\" src=\"https:\/\/www.kidstoo.ch\/app\/uploads\/Indicateurs-ODD5-6-K20_pct_DE-1.png\" alt=\"\" class=\"wp-image-8727\" srcset=\"https:\/\/www.kidstoo.ch\/app\/uploads\/Indicateurs-ODD5-6-K20_pct_DE-1.png 2147w, https:\/\/www.kidstoo.ch\/app\/uploads\/Indicateurs-ODD5-6-K20_pct_DE-1-300x184.png 300w, https:\/\/www.kidstoo.ch\/app\/uploads\/Indicateurs-ODD5-6-K20_pct_DE-1-1024x627.png 1024w, https:\/\/www.kidstoo.ch\/app\/uploads\/Indicateurs-ODD5-6-K20_pct_DE-1-768x470.png 768w, https:\/\/www.kidstoo.ch\/app\/uploads\/Indicateurs-ODD5-6-K20_pct_DE-1-1536x941.png 1536w, https:\/\/www.kidstoo.ch\/app\/uploads\/Indicateurs-ODD5-6-K20_pct_DE-1-2048x1254.png 2048w, https:\/\/www.kidstoo.ch\/app\/uploads\/Indicateurs-ODD5-6-K20_pct_DE-1-490x300.png 490w\" sizes=\"auto, (max-width: 2147px) 100vw, 2147px\" \/><\/figure>\n<\/div>\n<\/div>\n<\/div>\n\n\n\n<p><\/p>\n\n\n\n<div class=\"wp-block-group is-style-box-color has-black-color has-white-background-color has-text-color has-background is-layout-flow wp-block-group-is-layout-flow\">\n<h3 class=\"wp-block-heading\">Indikatoren f\u00fcr Viktimisierung und Einflussnahme<\/h3>\n\n\n\n<p>Bei beiden Indikatoren w\u00fcrde ein R\u00fcckgang gleichbedeutend mit einer Verbesserung der Situation der Opfer sein. Dies ist jedoch nicht wirklich der Fall. Man k\u00f6nnte sogar sagen, dass dies WIRKLICH NICHT der Fall ist.<\/p>\n\n\n\n<div class=\"wp-block-columns is-layout-flex wp-container-core-columns-is-layout-9d6595d7 wp-block-columns-is-layout-flex\">\n<div class=\"wp-block-column is-layout-flow wp-block-column-is-layout-flow\">\n<figure class=\"wp-block-image size-full\"><img loading=\"lazy\" decoding=\"async\" width=\"2146\" height=\"1315\" src=\"https:\/\/www.kidstoo.ch\/app\/uploads\/indicateur-victimisation_DE-1.png\" alt=\"\" class=\"wp-image-8731\" srcset=\"https:\/\/www.kidstoo.ch\/app\/uploads\/indicateur-victimisation_DE-1.png 2146w, https:\/\/www.kidstoo.ch\/app\/uploads\/indicateur-victimisation_DE-1-300x184.png 300w, https:\/\/www.kidstoo.ch\/app\/uploads\/indicateur-victimisation_DE-1-1024x627.png 1024w, https:\/\/www.kidstoo.ch\/app\/uploads\/indicateur-victimisation_DE-1-768x471.png 768w, https:\/\/www.kidstoo.ch\/app\/uploads\/indicateur-victimisation_DE-1-1536x941.png 1536w, https:\/\/www.kidstoo.ch\/app\/uploads\/indicateur-victimisation_DE-1-2048x1255.png 2048w, https:\/\/www.kidstoo.ch\/app\/uploads\/indicateur-victimisation_DE-1-490x300.png 490w\" sizes=\"auto, (max-width: 2146px) 100vw, 2146px\" \/><\/figure>\n<\/div>\n\n\n\n<div class=\"wp-block-column is-layout-flow wp-block-column-is-layout-flow\">\n<figure class=\"wp-block-image size-full\"><img loading=\"lazy\" decoding=\"async\" width=\"2147\" height=\"1315\" src=\"https:\/\/www.kidstoo.ch\/app\/uploads\/indicateur-Emprise_DE-2.png\" alt=\"\" class=\"wp-image-8735\" srcset=\"https:\/\/www.kidstoo.ch\/app\/uploads\/indicateur-Emprise_DE-2.png 2147w, https:\/\/www.kidstoo.ch\/app\/uploads\/indicateur-Emprise_DE-2-300x184.png 300w, https:\/\/www.kidstoo.ch\/app\/uploads\/indicateur-Emprise_DE-2-1024x627.png 1024w, https:\/\/www.kidstoo.ch\/app\/uploads\/indicateur-Emprise_DE-2-768x470.png 768w, https:\/\/www.kidstoo.ch\/app\/uploads\/indicateur-Emprise_DE-2-1536x941.png 1536w, https:\/\/www.kidstoo.ch\/app\/uploads\/indicateur-Emprise_DE-2-2048x1254.png 2048w, https:\/\/www.kidstoo.ch\/app\/uploads\/indicateur-Emprise_DE-2-490x300.png 490w\" sizes=\"auto, (max-width: 2147px) 100vw, 2147px\" \/><\/figure>\n<\/div>\n<\/div>\n<\/div>\n","protected":false},"excerpt":{"rendered":"<p>Entwicklung der Indikatoren im Laufe der Zeit Indikatoren SDG 5.2 zur Messung von schwerer h\u00e4uslicher Gewalt Der offizielle Indikator f\u00fcr schwere h\u00e4usliche Gewalt zeigt eine so niedrige Zahl von Opfern, dass er die Politiker nicht dazu bewegen kann, etwas zu unternehmen, und vor allem nicht dazu, vern\u00fcnftigerweise angemessene Mittel einzusetzen.Dar\u00fcber hinaus wird der Anteil der [&hellip;]<\/p>\n","protected":false},"author":8,"featured_media":0,"parent":6171,"menu_order":2,"comment_status":"closed","ping_status":"closed","template":"","meta":{"_acf_changed":false,"footnotes":""},"class_list":["post-3025","page","type-page","status-publish","hentry"],"acf":[],"aioseo_notices":[],"_links":{"self":[{"href":"https:\/\/www.kidstoo.ch\/de\/wp-json\/wp\/v2\/pages\/3025","targetHints":{"allow":["GET"]}}],"collection":[{"href":"https:\/\/www.kidstoo.ch\/de\/wp-json\/wp\/v2\/pages"}],"about":[{"href":"https:\/\/www.kidstoo.ch\/de\/wp-json\/wp\/v2\/types\/page"}],"author":[{"embeddable":true,"href":"https:\/\/www.kidstoo.ch\/de\/wp-json\/wp\/v2\/users\/8"}],"replies":[{"embeddable":true,"href":"https:\/\/www.kidstoo.ch\/de\/wp-json\/wp\/v2\/comments?post=3025"}],"version-history":[{"count":14,"href":"https:\/\/www.kidstoo.ch\/de\/wp-json\/wp\/v2\/pages\/3025\/revisions"}],"predecessor-version":[{"id":10762,"href":"https:\/\/www.kidstoo.ch\/de\/wp-json\/wp\/v2\/pages\/3025\/revisions\/10762"}],"up":[{"embeddable":true,"href":"https:\/\/www.kidstoo.ch\/de\/wp-json\/wp\/v2\/pages\/6171"}],"wp:attachment":[{"href":"https:\/\/www.kidstoo.ch\/de\/wp-json\/wp\/v2\/media?parent=3025"}],"curies":[{"name":"wp","href":"https:\/\/api.w.org\/{rel}","templated":true}]}}