{"id":3019,"date":"2022-10-25T16:25:14","date_gmt":"2022-10-25T14:25:14","guid":{"rendered":"https:\/\/www.kidstoo.ch\/?page_id=3019"},"modified":"2024-11-10T10:40:27","modified_gmt":"2024-11-10T09:40:27","slug":"indicateurs-k2","status":"publish","type":"page","link":"https:\/\/www.kidstoo.ch\/de\/nos-publications\/publications-internes\/indicateurs-k2\/","title":{"rendered":"Indicateurs &#8220;K2&#8221;"},"content":{"rendered":"\n<h2 class=\"wp-block-heading\">Definitionen der &#8220;K2&#8221;-Indikatoren f\u00fcr das Monitoring von h\u00e4uslicher Gewalt in der Schweiz<\/h2>\n\n\n\n<div class=\"wp-block-group is-style-box-color has-black-color has-text-color is-layout-flow wp-block-group-is-layout-flow\">\n<div class=\"wp-block-group is-style-box-color has-black-color has-white-background-color has-text-color has-background is-layout-flow wp-block-group-is-layout-flow\">\n<h3 class=\"wp-block-heading\">Gewaltindikatoren &#8220;K2&#8221;<\/h3>\n\n\n\n<p>KidsToo hat seine &#8220;K2&#8221;-Indikatoren definiert, um verschiedene Aspekte h\u00e4uslicher Gewalt zu messen und Vergleiche mit den offiziellen Indikatoren anzustellen, die sich mit Gewalt im Allgemeinen und h\u00e4uslicher Gewalt im Besonderen befassen.<\/p>\n\n\n\n<p>Die Agenda 2030 der Vereinten Nationen bildet seit 2015 den globalen Referenzrahmen, der die Ma\u00dfnahmen der L\u00e4nder im Bereich der nachhaltigen Entwicklung leitet. Sie umfasst 17 Ziele f\u00fcr nachhaltige Entwicklung (SDGs), die in 169 Zielvorgaben unterteilt sind. Diese Ziele werden auf den Schweizer Kontext \u00fcbertragen und mithilfe von 85 Indikatoren gemessen.<\/p>\n\n\n\n<p>F\u00fcr die Schweiz ist das Bundesamt f\u00fcr Statistik (BFS) f\u00fcr das Indikatorensystem MONET 2030 verantwortlich. Das System bietet einen \u00dcberblick \u00fcber die nachhaltige Entwicklung in der Schweiz und veranschaulicht die Fortschritte bei der Erreichung der 17 Ziele f\u00fcr nachhaltige Entwicklung (SDGs) der Agenda 2030 der Vereinten Nationen sowie in Bezug auf bestimmte, f\u00fcr die Schweiz spezifische Themen. Das System besteht aus \u00fcber 100 Indikatoren, die die drei Dimensionen Umwelt, Gesellschaft und Wirtschaft betreffen, und ist nach den 17 SDGs gegliedert.<\/p>\n\n\n\n<p>Unter diesen Indikatoren gibt es zwei, die Gewalt messen:<\/p>\n\n\n\n<ul class=\"wp-block-list\">\n<li>SDG 5.2 f\u00fcr h\u00e4usliche Gewalt.<\/li>\n\n\n\n<li>SDG 16.1 f\u00fcr Gewaltdelikte.<\/li>\n<\/ul>\n\n\n\n<p>Beide Indikatoren geben auch die Verteilung nach Geschlecht an.<\/p>\n\n\n\n<p>Aus der Perspektive der h\u00e4uslichen Gewalt weisen diese Indikatoren Konstruktionsfehler auf.<\/p>\n\n\n\n<p>Das BFS erkl\u00e4rt, dass der Indikator SDG 5.2 international nicht vergleichbar ist. Zu 16.1 f\u00fchrt das BFS aus: &#8220;Kriminalit\u00e4tsindikatoren sind im internationalen Vergleich nur von begrenztem Wert, da die Bandbreite der ber\u00fccksichtigten strafbaren Handlungen, ihre Definition (gem\u00e4ss den nationalen Strafgesetzb\u00fcchern), die Erhebungsmethoden und die Qualit\u00e4t der Daten von Land zu Land unterschiedlich sind, ebenso wie die Bereitschaft der Bev\u00f6lkerung, Straftaten anzuzeigen&#8221;.<\/p>\n<\/div>\n\n\n\n<div class=\"wp-block-group is-style-box-color has-black-color has-white-background-color has-text-color has-background is-layout-flow wp-block-group-is-layout-flow\">\n<h4 class=\"wp-block-heading has-white-color has-red-color-background-color has-text-color has-background has-link-color wp-elements-7e47c1ab9f252c266a48897be221c5d8\">Indikatoren SDG 5.2-K2.0 und SDG 5.2-K2.1<\/h4>\n\n\n\n<p>Die offiziellen Indikatoren &#8220;H\u00e4usliche Gewalt&#8221; ber\u00fccksichtigen Vergewaltigung nicht. Diese Entscheidung wirkt sich negativ auf den Indikator selbst aus, da er aufgrund der geringen Anzahl von F\u00e4llen nach Ansicht des BFS selbst nicht interpretiert werden kann. Da es sich bei den Opfern von Vergewaltigungen haupts\u00e4chlich um Frauen handelt, verringert sich durch die Nichtber\u00fccksichtigung der Anteil der Frauen, die Opfer schwerer h\u00e4uslicher Gewalt geworden sind, und es kann nicht \u00fcberpr\u00fcft werden, ob das Ziel, alle Formen von Gewalt gegen Frauen zu verringern, erreicht wurde.<\/p>\n\n\n\n<p>F\u00fcr den Indikator SDG 5.2-K2.0 die Anzahl der Opfer von durchgef\u00fchrten oder versuchten Straftaten der ber\u00fccksichtigten Artikel des Strafgesetzbuches sowie Vergewaltigung.<\/p>\n\n\n\n<p>F\u00fcr den Indikator SDG 5.2-K2.1 wird die Anzahl der Opfer aller Straftaten, die vom BFS als schwere h\u00e4usliche Gewalt eingestuft werden, PLUS sexuelle Handlungen an Kindern ber\u00fccksichtigt.<\/p>\n<\/div>\n\n\n\n<div class=\"wp-block-group is-style-box-color has-black-color has-white-background-color has-text-color has-background is-layout-flow wp-block-group-is-layout-flow\">\n<h4 class=\"wp-block-heading has-white-color has-red-color-background-color has-text-color has-background has-link-color wp-elements-214240bef6da5be0e19b7285840c0d44\">Indikator SDG 5.6-K2.0<\/h4>\n\n\n\n<p>Psychische Gewaltdelikte sind Straftaten, die vom BFS als weniger schwerwiegend eingestuft werden (z. B. Beleidigungen, Drohungen). Dennoch verursachen sie gro\u00dfes Leid. Da die Entscheidung, solche Straftaten anzuzeigen, von Fall zu Fall sehr unterschiedlich ausf\u00e4llt, erreicht die verdeckte Kriminalit\u00e4t ein hohes Niveau. Das Verhalten der Opfer &#8211; ihre Bereitschaft, Anzeige zu erstatten &#8211; spielt bei psychischer Gewalt eine gr\u00f6\u00dfere Rolle als bei schwerer Gewalt.<\/p>\n\n\n\n<p>Es gibt keinen offiziellen Indikator, um die Entwicklung der psychischen Gewalt zu messen, weder insgesamt noch im Zusammenhang mit h\u00e4uslicher Gewalt.<\/p>\n\n\n\n<p>Der Indikator SDG 5.6-K2.0 gibt die Anzahl der polizeilich registrierten Opfer von psychischer Gewalt im h\u00e4uslichen Umfeld an. Ein R\u00fcckgang des Indikators geht also in Richtung einer nachhaltigen Entwicklung.<\/p>\n<\/div>\n\n\n\n<div class=\"wp-block-group is-style-box-color has-black-color has-white-background-color has-text-color has-background is-layout-flow wp-block-group-is-layout-flow\">\n<h4 class=\"wp-block-heading has-white-color has-red-color-background-color has-text-color has-background has-link-color wp-elements-00205e02a215ebd1ae6968cadc59a2c1\">Indikatoren SDG 16.1-K2.0 und SDG 16.1-K2.1<\/h4>\n\n\n\n<p>Der offizielle Indikator SDG 16.1 ber\u00fccksichtigt alle Opfer von vollzogener Gewalt f\u00fcr eine Reihe von Artikeln des Strafgesetzbuches. Er bezieht sowohl Opfer von h\u00e4uslicher Gewalt als auch andere Opfer mit ein. Mit den Indikatoren ODD 16.1-K2.0 und ODD 16.1-K2.1 wird das Ziel verfolgt, einen Indikator zu haben, der nur schwere &#8220;nicht h\u00e4usliche&#8221; Gewalt, sozusagen \u00f6ffentlich\/sichtbar\/auf der Stra\u00dfe, zeigt. Dies erm\u00f6glicht es, die relative Bedeutung dieser schweren Gewalt im Vergleich zur \u00e4quivalenten h\u00e4uslichen Gewalt sowohl in Bezug auf die Anzahl der gesch\u00e4digten Personen als auch in Bezug auf den Anteil der Frauen aufzuzeigen.<\/p>\n<\/div>\n\n\n\n<div class=\"wp-block-group is-style-box-color has-black-color has-white-background-color has-text-color has-background is-layout-flow wp-block-group-is-layout-flow\">\n<h4 class=\"wp-block-heading has-white-color has-red-color-background-color has-text-color has-background has-link-color wp-elements-3298be06e71a69d5d4647200ee5ef18a\">Viktimisierungsindikator K2.0<\/h4>\n\n\n\n<p>Bei h\u00e4uslicher Gewalt erleidet ein Opfer verschiedene Arten von Straftaten, und einige Straftaten werden vom mutma\u00dflichen T\u00e4ter wiederholt. Diese verschiedenen Straftaten und ihre Wiederholung erh\u00f6hen den Grad des Leidens des Opfers. Der Viktimisierungsindikator kann nur global berechnet werden. F\u00fcr eine Berechnung nach Geschlecht oder Art der Beziehung zwischen Opfer und T\u00e4ter fehlen die notwendigen Informationen.<\/p>\n\n\n\n<h4 class=\"wp-block-heading has-white-color has-red-color-background-color has-text-color has-background has-link-color wp-elements-4424b6afa20cb55244caec36b206a206\">Umgriffsindikator K2.0<\/h4>\n\n\n\n<p>Die Wiederholung von Straftaten ist ein Merkmal systematischer Gewalt, w\u00e4hrend &#8220;reine&#8221; punktuelle Gewalt einmalig ist (sein sollte). Die Bedeutung systematischer Gewalt bei Straftaten im Zusammenhang mit h\u00e4uslicher Gewalt kann willk\u00fcrlich angen\u00e4hert werden, indem man die Anzahl der mehrfachen Straftaten mit der Gesamtzahl der einmaligen Straftaten vergleicht. Der Indikator der Einflussnahme kann nur global berechnet werden. F\u00fcr eine Berechnung nach Geschlecht oder Art der Beziehung zwischen Opfer und T\u00e4ter fehlen die notwendigen Informationen.<\/p>\n<\/div>\n\n\n\n    <div class=\"accordions \">\n                        <div class=\"accordion-item\">\n                    <div class=\"accordion-header\">\n                        <h3>K2-Indikatoren, Definitionen<\/h3>\n                    <\/div>\n                    <div class=\"accordion-content\">\n                        <p>Die Definition der Gewaltindikatoren &#8220;K2&#8221;.<\/p>\n<p>Ausgabe 2022 (<a href=\"https:\/\/www.kidstoo.ch\/app\/uploads\/Dernier-Indicateurs_K2_FR.pdf\">FR<\/a>, <a href=\"https:\/\/www.kidstoo.ch\/app\/uploads\/Dernier-Indicateurs_K2_DE.pdf\">DE<\/a>)<\/p>\n<p>Ausgabe 2021 (<a href=\"https:\/\/www.kidstoo.ch\/app\/uploads\/Indicateurs_K2_2021_FR.pdf\">FR<\/a>)<\/p>\n<p>&nbsp;<\/p>\n                    <\/div>\n                <\/div>\n            <\/div>\n\n\n\n\n<div class=\"wp-block-group is-style-box-color has-black-color has-white-background-color has-text-color has-background is-layout-flow wp-block-group-is-layout-flow\">\n<h4 class=\"wp-block-heading has-white-color has-red-color-background-color has-text-color has-background has-link-color wp-elements-326a52b38a467a57df641ab24b74d578\">Ber\u00fccksichtigung von Artikeln des Strafgesetzbuches<\/h4>\n\n\n\n<p>H\u00e4usliche Gewalt umfasst alle Akte k\u00f6rperlicher, sexueller, psychologischer oder wirtschaftlicher Gewalt innerhalb der Familie und betrifft alle Menschen unabh\u00e4ngig von Geschlecht und Alter.<\/p>\n\n\n\n<p>F\u00fcr jede dieser verschiedenen Formen von Gewalt werden bestimmte Artikel des Strafgesetzbuches (StGB) herangezogen, um zu definieren, ob eine Straftat in eine Statistik oder einen Indikator aufgenommen wird oder nicht.<\/p>\n\n\n\n<p>Das Bundesamt f\u00fcr Statistik (BFS) unterscheidet auch zwischen schwerer und mittelschwerer Gewalt. Innerhalb des BFS existieren gleichzeitig verschiedene Definitionen von schwerer Gewalt, die auf unterschiedliche Indikatoren oder Statistiken angewendet werden. Ob eine Straftat, die einem Artikel des StGB entspricht, ber\u00fccksichtigt oder nicht ber\u00fccksichtigt wird, hat einen direkten Einfluss auf die ver\u00f6ffentlichte Statistik oder den Indikator.<\/p>\n\n\n\n<p>Die Stiftung hat die verschiedenen Artikel des Strafgesetzbuches, die im Rahmen der offiziellen Gewaltindikatoren ber\u00fccksichtigt wurden, sowie ihre eigenen &#8220;K2&#8221;-Indikatoren erfasst.<\/p>\n\n\n\n<p>Eine Zusammenfassung ist hier zu finden (<a href=\"https:\/\/www.kidstoo.ch\/app\/uploads\/Dernier-Art_CP_Violence_ViolDom_FR.pdf\">FR<\/a>, <a href=\"https:\/\/www.kidstoo.ch\/app\/uploads\/Dernier-Art_CP_Violence_ViolDom_DE.pdf\">DE<\/a>).<\/p>\n<\/div>\n<\/div>\n","protected":false},"excerpt":{"rendered":"<p>Definitionen der &#8220;K2&#8221;-Indikatoren f\u00fcr das Monitoring von h\u00e4uslicher Gewalt in der Schweiz Gewaltindikatoren &#8220;K2&#8221; KidsToo hat seine &#8220;K2&#8221;-Indikatoren definiert, um verschiedene Aspekte h\u00e4uslicher Gewalt zu messen und Vergleiche mit den offiziellen Indikatoren anzustellen, die sich mit Gewalt im Allgemeinen und h\u00e4uslicher Gewalt im Besonderen befassen. Die Agenda 2030 der Vereinten Nationen bildet seit 2015 den [&hellip;]<\/p>\n","protected":false},"author":8,"featured_media":0,"parent":6171,"menu_order":1,"comment_status":"closed","ping_status":"closed","template":"","meta":{"_acf_changed":false,"footnotes":""},"class_list":["post-3019","page","type-page","status-publish","hentry"],"acf":[],"aioseo_notices":[],"_links":{"self":[{"href":"https:\/\/www.kidstoo.ch\/de\/wp-json\/wp\/v2\/pages\/3019","targetHints":{"allow":["GET"]}}],"collection":[{"href":"https:\/\/www.kidstoo.ch\/de\/wp-json\/wp\/v2\/pages"}],"about":[{"href":"https:\/\/www.kidstoo.ch\/de\/wp-json\/wp\/v2\/types\/page"}],"author":[{"embeddable":true,"href":"https:\/\/www.kidstoo.ch\/de\/wp-json\/wp\/v2\/users\/8"}],"replies":[{"embeddable":true,"href":"https:\/\/www.kidstoo.ch\/de\/wp-json\/wp\/v2\/comments?post=3019"}],"version-history":[{"count":8,"href":"https:\/\/www.kidstoo.ch\/de\/wp-json\/wp\/v2\/pages\/3019\/revisions"}],"predecessor-version":[{"id":6200,"href":"https:\/\/www.kidstoo.ch\/de\/wp-json\/wp\/v2\/pages\/3019\/revisions\/6200"}],"up":[{"embeddable":true,"href":"https:\/\/www.kidstoo.ch\/de\/wp-json\/wp\/v2\/pages\/6171"}],"wp:attachment":[{"href":"https:\/\/www.kidstoo.ch\/de\/wp-json\/wp\/v2\/media?parent=3019"}],"curies":[{"name":"wp","href":"https:\/\/api.w.org\/{rel}","templated":true}]}}