{"id":2699,"date":"2022-10-18T09:37:24","date_gmt":"2022-10-18T07:37:24","guid":{"rendered":"https:\/\/www.kidstoo.ch\/?page_id=2699"},"modified":"2022-12-30T11:55:57","modified_gmt":"2022-12-30T10:55:57","slug":"navigation-privee_edge_pc","status":"publish","type":"page","link":"https:\/\/www.kidstoo.ch\/de\/navigation-privee\/navigation-privee_edge_pc\/","title":{"rendered":"Navigation priv\u00e9e_Edge_PC"},"content":{"rendered":"\n<p>Privates Surfen und L\u00f6schen des Verlaufs<br>f\u00fcr Edge auf PC<\/p>\n\n\n\n<div class=\"wp-block-group has-red-color-background-color has-background is-layout-flow wp-block-group-is-layout-flow\">\n<h4 class=\"wp-block-heading\">Microsoft Edge<\/h4>\n\n\n\n<figure class=\"wp-block-image size-full\"><img loading=\"lazy\" decoding=\"async\" width=\"449\" height=\"367\" src=\"https:\/\/www.kidstoo.ch\/app\/uploads\/2022\/10\/Nav_Pri_Edge_PC_1.png\" alt=\"\" class=\"wp-image-1098\" srcset=\"https:\/\/www.kidstoo.ch\/app\/uploads\/2022\/10\/Nav_Pri_Edge_PC_1.png 449w, https:\/\/www.kidstoo.ch\/app\/uploads\/2022\/10\/Nav_Pri_Edge_PC_1-300x245.png 300w, https:\/\/www.kidstoo.ch\/app\/uploads\/2022\/10\/Nav_Pri_Edge_PC_1-367x300.png 367w\" sizes=\"auto, (max-width: 449px) 100vw, 449px\" \/><\/figure>\n\n\n\n<p>F\u00fcr ein <strong>privates Browserfenster<\/strong> klicken Sie entweder auf die \u2026 horizontal und dann auf Neues Fenster InPrivate oder verwenden Sie den Shortcut Strg+Shift+N<\/p>\n\n\n\n<p>Um den <strong>Browserverlauf<\/strong> zu l\u00f6schen, verwenden Sie den Shortcut Strg+H, der das folgende Fenster \u00f6ffnet:<\/p>\n\n\n\n<figure class=\"wp-block-image size-full\"><img loading=\"lazy\" decoding=\"async\" width=\"446\" height=\"104\" src=\"https:\/\/www.kidstoo.ch\/app\/uploads\/2022\/10\/Nav_Pri_Edge_PC_2.png\" alt=\"\" class=\"wp-image-1102\" srcset=\"https:\/\/www.kidstoo.ch\/app\/uploads\/2022\/10\/Nav_Pri_Edge_PC_2.png 446w, https:\/\/www.kidstoo.ch\/app\/uploads\/2022\/10\/Nav_Pri_Edge_PC_2-300x70.png 300w\" sizes=\"auto, (max-width: 446px) 100vw, 446px\" \/><\/figure>\n\n\n\n<p>Klicken Sie erneut auf die \u2026 horizontal, wodurch das folgende Popup-Fenster ge\u00f6ffnet wird:<\/p>\n\n\n\n<figure class=\"wp-block-image size-full\"><img loading=\"lazy\" decoding=\"async\" width=\"642\" height=\"217\" src=\"https:\/\/www.kidstoo.ch\/app\/uploads\/2022\/10\/Nav_Pri_Edge_PC_3.png\" alt=\"\" class=\"wp-image-1106\" srcset=\"https:\/\/www.kidstoo.ch\/app\/uploads\/2022\/10\/Nav_Pri_Edge_PC_3.png 642w, https:\/\/www.kidstoo.ch\/app\/uploads\/2022\/10\/Nav_Pri_Edge_PC_3-300x101.png 300w, https:\/\/www.kidstoo.ch\/app\/uploads\/2022\/10\/Nav_Pri_Edge_PC_3-500x169.png 500w\" sizes=\"auto, (max-width: 642px) 100vw, 642px\" \/><\/figure>\n\n\n\n<p>W\u00e4hlen Sie &#8220;Navigationsdaten l\u00f6schen&#8221;.<\/p>\n\n\n\n<figure class=\"wp-block-image size-full\"><img loading=\"lazy\" decoding=\"async\" width=\"500\" height=\"677\" src=\"https:\/\/www.kidstoo.ch\/app\/uploads\/2022\/10\/Nav_Pri_Edge_PC_4.png\" alt=\"\" class=\"wp-image-1110\" srcset=\"https:\/\/www.kidstoo.ch\/app\/uploads\/2022\/10\/Nav_Pri_Edge_PC_4.png 500w, https:\/\/www.kidstoo.ch\/app\/uploads\/2022\/10\/Nav_Pri_Edge_PC_4-222x300.png 222w\" sizes=\"auto, (max-width: 500px) 100vw, 500px\" \/><\/figure>\n\n\n\n<p>L\u00f6schen Sie die gew\u00fcnschte Dauer des Verlaufs. Wenn Ihr Partner Ihre Internetaktivit\u00e4ten \u00fcberwacht, w\u00e4hlen Sie eine kurze Dauer (z. B. 1 Stunde), um keine Fragen \u00fcber einen Verlust des Verlaufs zu provozieren.<\/p>\n\n\n\n<p>Zum selben Punkt gelangt man, indem man \u00fcber &#8220;Einstellungen&#8221; und dann &#8220;Datenschutz, Suche und Dienste&#8221; geht.<\/p>\n\n\n\n<figure class=\"wp-block-image size-full\"><img loading=\"lazy\" decoding=\"async\" width=\"1494\" height=\"273\" src=\"https:\/\/www.kidstoo.ch\/app\/uploads\/2022\/10\/Nav_Pri_Edge_PC_5.png\" alt=\"\" class=\"wp-image-1114\" srcset=\"https:\/\/www.kidstoo.ch\/app\/uploads\/2022\/10\/Nav_Pri_Edge_PC_5.png 1494w, https:\/\/www.kidstoo.ch\/app\/uploads\/2022\/10\/Nav_Pri_Edge_PC_5-300x55.png 300w, https:\/\/www.kidstoo.ch\/app\/uploads\/2022\/10\/Nav_Pri_Edge_PC_5-1024x187.png 1024w, https:\/\/www.kidstoo.ch\/app\/uploads\/2022\/10\/Nav_Pri_Edge_PC_5-768x140.png 768w, https:\/\/www.kidstoo.ch\/app\/uploads\/2022\/10\/Nav_Pri_Edge_PC_5-500x91.png 500w\" sizes=\"auto, (max-width: 1494px) 100vw, 1494px\" \/><\/figure>\n<\/div>\n","protected":false},"excerpt":{"rendered":"<p>Privates Surfen und L\u00f6schen des Verlaufsf\u00fcr Edge auf PC Microsoft Edge F\u00fcr ein privates Browserfenster klicken Sie entweder auf die \u2026 horizontal und dann auf Neues Fenster InPrivate oder verwenden Sie den Shortcut Strg+Shift+N Um den Browserverlauf zu l\u00f6schen, verwenden Sie den Shortcut Strg+H, der das folgende Fenster \u00f6ffnet: Klicken Sie erneut auf die \u2026 [&hellip;]<\/p>\n","protected":false},"author":8,"featured_media":0,"parent":2695,"menu_order":0,"comment_status":"closed","ping_status":"closed","template":"","meta":{"_acf_changed":false,"footnotes":""},"class_list":["post-2699","page","type-page","status-publish","hentry"],"acf":[],"aioseo_notices":[],"_links":{"self":[{"href":"https:\/\/www.kidstoo.ch\/de\/wp-json\/wp\/v2\/pages\/2699","targetHints":{"allow":["GET"]}}],"collection":[{"href":"https:\/\/www.kidstoo.ch\/de\/wp-json\/wp\/v2\/pages"}],"about":[{"href":"https:\/\/www.kidstoo.ch\/de\/wp-json\/wp\/v2\/types\/page"}],"author":[{"embeddable":true,"href":"https:\/\/www.kidstoo.ch\/de\/wp-json\/wp\/v2\/users\/8"}],"replies":[{"embeddable":true,"href":"https:\/\/www.kidstoo.ch\/de\/wp-json\/wp\/v2\/comments?post=2699"}],"version-history":[{"count":1,"href":"https:\/\/www.kidstoo.ch\/de\/wp-json\/wp\/v2\/pages\/2699\/revisions"}],"predecessor-version":[{"id":2700,"href":"https:\/\/www.kidstoo.ch\/de\/wp-json\/wp\/v2\/pages\/2699\/revisions\/2700"}],"up":[{"embeddable":true,"href":"https:\/\/www.kidstoo.ch\/de\/wp-json\/wp\/v2\/pages\/2695"}],"wp:attachment":[{"href":"https:\/\/www.kidstoo.ch\/de\/wp-json\/wp\/v2\/media?parent=2699"}],"curies":[{"name":"wp","href":"https:\/\/api.w.org\/{rel}","templated":true}]}}