{"id":2695,"date":"2022-10-11T09:39:14","date_gmt":"2022-10-11T07:39:14","guid":{"rendered":"https:\/\/www.kidstoo.ch\/?page_id=2695"},"modified":"2022-12-30T11:48:16","modified_gmt":"2022-12-30T10:48:16","slug":"navigation-privee","status":"publish","type":"page","link":"https:\/\/www.kidstoo.ch\/de\/navigation-privee\/","title":{"rendered":"Navigation priv\u00e9e"},"content":{"rendered":"\n<h3 class=\"wp-block-heading\">Privates Surfen und L\u00f6schen des Verlaufs<\/h3>\n\n\n\n<p>Das private Surfen erm\u00f6glicht es Ihnen, im Internet zu surfen, ohne Spuren zu hinterlassen. Der Browser speichert keine Daten wie Verlauf, Cookies und Informationen, die in Formulare eingegeben werden.<\/p>\n\n\n\n<p>Der Verlauf Ihres Surfens im Internet kann teilweise selektiv gel\u00f6scht werden.<br>Dies ist besonders interessant, wenn jemand Ihre Aktivit\u00e4ten \u00fcberwacht.<\/p>\n\n\n\n<div class=\"wp-block-group has-red-color-background-color has-background is-layout-flow wp-block-group-is-layout-flow\">\n<h5 class=\"wp-block-heading\">Auf dem PC<\/h5>\n\n\n\n<p>Informationen f\u00fcr den Browser Google <a href=\"https:\/\/www.kidstoo.ch\/navigation-privee_chrome_pc\/\">Chrome<\/a> <br>Informationen f\u00fcr den Browser <a href=\"https:\/\/www.kidstoo.ch\/navigation-privee_firefox_pc\/\">Firefox<\/a><br>Informationen f\u00fcr den Browser Microsoft <a href=\"https:\/\/www.kidstoo.ch\/navigation-privee_edge_pc\/\">Edge<\/a><\/p>\n<\/div>\n\n\n\n<div class=\"wp-block-group has-red-color-background-color has-background is-layout-flow wp-block-group-is-layout-flow\">\n<h5 class=\"wp-block-heading\">Auf Android-Smartphones<\/h5>\n\n\n\n<p>Informationen f\u00fcr Android-Smartphone &#8211; zu erledigen.<\/p>\n<\/div>\n","protected":false},"excerpt":{"rendered":"<p>Privates Surfen und L\u00f6schen des Verlaufs Das private Surfen erm\u00f6glicht es Ihnen, im Internet zu surfen, ohne Spuren zu hinterlassen. Der Browser speichert keine Daten wie Verlauf, Cookies und Informationen, die in Formulare eingegeben werden. Der Verlauf Ihres Surfens im Internet kann teilweise selektiv gel\u00f6scht werden.Dies ist besonders interessant, wenn jemand Ihre Aktivit\u00e4ten \u00fcberwacht. Auf [&hellip;]<\/p>\n","protected":false},"author":8,"featured_media":0,"parent":0,"menu_order":0,"comment_status":"closed","ping_status":"closed","template":"","meta":{"_acf_changed":false,"footnotes":""},"class_list":["post-2695","page","type-page","status-publish","hentry"],"acf":[],"aioseo_notices":[],"_links":{"self":[{"href":"https:\/\/www.kidstoo.ch\/de\/wp-json\/wp\/v2\/pages\/2695","targetHints":{"allow":["GET"]}}],"collection":[{"href":"https:\/\/www.kidstoo.ch\/de\/wp-json\/wp\/v2\/pages"}],"about":[{"href":"https:\/\/www.kidstoo.ch\/de\/wp-json\/wp\/v2\/types\/page"}],"author":[{"embeddable":true,"href":"https:\/\/www.kidstoo.ch\/de\/wp-json\/wp\/v2\/users\/8"}],"replies":[{"embeddable":true,"href":"https:\/\/www.kidstoo.ch\/de\/wp-json\/wp\/v2\/comments?post=2695"}],"version-history":[{"count":1,"href":"https:\/\/www.kidstoo.ch\/de\/wp-json\/wp\/v2\/pages\/2695\/revisions"}],"predecessor-version":[{"id":2696,"href":"https:\/\/www.kidstoo.ch\/de\/wp-json\/wp\/v2\/pages\/2695\/revisions\/2696"}],"wp:attachment":[{"href":"https:\/\/www.kidstoo.ch\/de\/wp-json\/wp\/v2\/media?parent=2695"}],"curies":[{"name":"wp","href":"https:\/\/api.w.org\/{rel}","templated":true}]}}