{"id":2559,"date":"2022-12-06T11:01:23","date_gmt":"2022-12-06T10:01:23","guid":{"rendered":"https:\/\/www.kidstoo.ch\/?page_id=2559"},"modified":"2023-03-22T17:51:40","modified_gmt":"2023-03-22T16:51:40","slug":"kinderschutz-ch-soutien","status":"publish","type":"page","link":"https:\/\/www.kidstoo.ch\/de\/publications-externes\/kinderschutz-ch-soutien\/","title":{"rendered":"Kinderschutz CH Soutien"},"content":{"rendered":"\n<h2 class=\"wp-block-heading\">Kinderschutz Schweiz<\/h2>\n\n\n\n<p>Diese Filme geh\u00f6ren ruz Themenmappe &#8220;Es soll aufh\u00f6ren!&#8221;<br><a href=\"https:\/\/www.kinderschutz.ch\/angebote\/praventionsangebote\/es-soll-aufhoren\">www.kinderschutz.ch\/angebote\/praventionsangebote\/es-soll-aufhoren<\/a><br>von der Stiftung <a href=\"https:\/\/www.kinderschutz.ch\/fr\">Kinderschutz Schweiz<\/a><br>Die Filme wurden von Michele Andina gedreht.<\/p>\n\n\n\n<p>Die zust\u00e4ndigen Fachpersonen berichten \u00fcber die Entstehung der Angebote, \u00fcber die Prozesse und die Vorgehensweise bei der Unterst\u00fctzung betroffener Kinder, \u00fcber Highlights, Knackpunkte und Visionen. Es wird ersichtlich, wie die Angebote in vorhandene Strukturen eingebettet sind, von welchen Stellen die Kinder an das Angebot verwiesen werden und wie die Finanzierung gesichert wird.<\/p>\n\n\n\n<div class=\"wp-block-group is-style-box-color has-black-color has-text-color is-layout-flow wp-block-group-is-layout-flow\">\n<h3 class=\"has-light-red-color-background-color has-background wp-block-heading\"><strong>Beratungsstelle kokon f\u00fcr Kinder und Jugendliche, Z\u00fcrich<\/strong><\/h3>\n\n\n\n<p class=\"is-style-heading-p\"><a href=\"https:\/\/youtu.be\/SPOX4yziOns\">Film<\/a> von 2017, 8 Minuten.<br>Die Beratungsstelle kokon bietet Hilfe f\u00fcr Kinder, Jugendliche und junge Erwachsene (von 0 bis 25 Jahren) in Not an \u2013 niederschwellig, schnell und unkompliziert.<\/p>\n<\/div>\n\n\n\n<div class=\"wp-block-group is-style-box-color has-black-color has-text-color is-layout-flow wp-block-group-is-layout-flow\">\n<h3 class=\"has-light-red-color-background-color has-background wp-block-heading\"><strong>Gespr\u00e4chsgruppe CAMELEON f\u00fcr Kinder und Jugendliche, Region Biel\/Bienne<\/strong><\/h3>\n\n\n\n<p><a href=\"https:\/\/youtu.be\/DTUJ2QHc5hA\">Film<\/a> von 2017, 8 Minuten.<br>Die Gespr\u00e4chsgruppe CAMELEON ist ein kostenloses Angebot von Solidarit\u00e9 femmes Region Biel. Es richtet sich an Kinder und Jugendliche zwischen 5 und 14 Jahren, die von h\u00e4uslicher Gewalt betroffen sind.<\/p>\n<\/div>\n\n\n\n<div class=\"wp-block-group is-style-box-color has-black-color has-text-color is-layout-flow wp-block-group-is-layout-flow\">\n<h3 class=\"has-light-red-color-background-color has-background wp-block-heading\"><strong>Beratungsangebot KidsPunkt von OKey &amp; KidsPunkt, Winterthur<\/strong><\/h3>\n\n\n\n<p><a href=\"https:\/\/youtu.be\/zkmwUa4pFwQ\">Film<\/a> von 2018, 9 Minuten.<br>KidsPunkt ist ein Opferhilfeberatungsangebot f\u00fcr Kleinkinder, Kinder und Jugendliche, die von Gewalt von einem Elternteil gegen\u00fcber dem anderen betroffen sind. Im Zentrum stehen die Bed\u00fcrfnisse der Kinder.<\/p>\n<\/div>\n\n\n\n<div class=\"wp-block-group is-style-box-color has-black-color has-text-color is-layout-flow wp-block-group-is-layout-flow\">\n<h3 class=\"has-light-red-color-background-color has-background wp-block-heading\"><strong>Fachteam gegen h\u00e4usliche Gewalt Schulpsychologischer Dienst Aargau<\/strong><\/h3>\n\n\n\n<p><a href=\"https:\/\/youtu.be\/P4vQSqWZ9J8\">Film<\/a> von 2018, 10 Minuten.<br>Kinder und Jugendliche brauchen Hilfe, wenn sie Gewalt erfahren, miterleben oder aus\u00fcben. Das Fachteam gegen h\u00e4usliche Gewalt ist ein unentgeltliches Angebot des Schulpsychologischen Dienstes des Kantons Aargau.<\/p>\n<\/div>\n\n\n\n<div class=\"wp-block-group is-style-box-color has-black-color has-text-color is-layout-flow wp-block-group-is-layout-flow\">\n<h3 class=\"has-light-red-color-background-color has-background wp-block-heading\">Centre d&#8217;accueil MalleyPrairie, Lausanne<\/h3>\n\n\n\n<p><a href=\"https:\/\/youtu.be\/q2StinPckDs\">Film<\/a> von 2018, 10 Minuten.<br>Das Centre d\u2019accueil MalleyPrairie in Lausanne nimmt Frauen mit\/ohne Kinder auf, die Opfer partnerschaftlicher Gewalt wurden. Es bietet Schutz und Sicherheit in Notfall- und Krisensituationen an 7 Tagen, w\u00e4hrend 24 Stunden.<\/p>\n<\/div>\n","protected":false},"excerpt":{"rendered":"<p>Kinderschutz Schweiz Diese Filme geh\u00f6ren ruz Themenmappe &#8220;Es soll aufh\u00f6ren!&#8221;www.kinderschutz.ch\/angebote\/praventionsangebote\/es-soll-aufhorenvon der Stiftung Kinderschutz SchweizDie Filme wurden von Michele Andina gedreht. Die zust\u00e4ndigen Fachpersonen berichten \u00fcber die Entstehung der Angebote, \u00fcber die Prozesse und die Vorgehensweise bei der Unterst\u00fctzung betroffener Kinder, \u00fcber Highlights, Knackpunkte und Visionen. Es wird ersichtlich, wie die Angebote in vorhandene Strukturen eingebettet [&hellip;]<\/p>\n","protected":false},"author":8,"featured_media":0,"parent":2612,"menu_order":0,"comment_status":"closed","ping_status":"closed","template":"","meta":{"_acf_changed":false,"footnotes":""},"class_list":["post-2559","page","type-page","status-publish","hentry"],"acf":[],"aioseo_notices":[],"_links":{"self":[{"href":"https:\/\/www.kidstoo.ch\/de\/wp-json\/wp\/v2\/pages\/2559","targetHints":{"allow":["GET"]}}],"collection":[{"href":"https:\/\/www.kidstoo.ch\/de\/wp-json\/wp\/v2\/pages"}],"about":[{"href":"https:\/\/www.kidstoo.ch\/de\/wp-json\/wp\/v2\/types\/page"}],"author":[{"embeddable":true,"href":"https:\/\/www.kidstoo.ch\/de\/wp-json\/wp\/v2\/users\/8"}],"replies":[{"embeddable":true,"href":"https:\/\/www.kidstoo.ch\/de\/wp-json\/wp\/v2\/comments?post=2559"}],"version-history":[{"count":3,"href":"https:\/\/www.kidstoo.ch\/de\/wp-json\/wp\/v2\/pages\/2559\/revisions"}],"predecessor-version":[{"id":3913,"href":"https:\/\/www.kidstoo.ch\/de\/wp-json\/wp\/v2\/pages\/2559\/revisions\/3913"}],"up":[{"embeddable":true,"href":"https:\/\/www.kidstoo.ch\/de\/wp-json\/wp\/v2\/pages\/2612"}],"wp:attachment":[{"href":"https:\/\/www.kidstoo.ch\/de\/wp-json\/wp\/v2\/media?parent=2559"}],"curies":[{"name":"wp","href":"https:\/\/api.w.org\/{rel}","templated":true}]}}