{"id":2557,"date":"2022-12-06T09:28:32","date_gmt":"2022-12-06T08:28:32","guid":{"rendered":"https:\/\/www.kidstoo.ch\/?page_id=2557"},"modified":"2023-03-22T17:54:34","modified_gmt":"2023-03-22T16:54:34","slug":"kinderschutz-schweiz","status":"publish","type":"page","link":"https:\/\/www.kidstoo.ch\/de\/publications-externes\/kinderschutz-schweiz\/","title":{"rendered":"Kinderschutz Schweiz"},"content":{"rendered":"\n<h2 class=\"wp-block-heading\">Kinderschutz Schweiz<\/h2>\n\n\n\n<p>Diese Filme geh\u00f6ren ruz Themenmappe &#8220;Es soll aufh\u00f6ren!&#8221;<br><a href=\"https:\/\/www.kinderschutz.ch\/angebote\/praventionsangebote\/es-soll-aufhoren\">www.kinderschutz.ch\/angebote\/praventionsangebote\/es-soll-aufhoren<\/a><br>von der Stiftung <a href=\"https:\/\/www.kinderschutz.ch\/fr\">Kinderschutz Schweiz<\/a><br><\/p>\n\n\n\n<div class=\"wp-block-group is-style-box-color has-black-color has-text-color is-layout-flow wp-block-group-is-layout-flow\">\n<h3 class=\"has-light-red-color-background-color has-background wp-block-heading\">Simona: \u00abMeine T\u00f6chter haben viel zu viel miterlebt\u00bb<\/h3>\n\n\n\n<p class=\"is-style-heading-p\"><a href=\"https:\/\/vimeo.com\/488480959?embedded=true&amp;source=vimeo_logo&amp;owner=97003591\">Film<\/a> von 2017, 27 Minuten.<br>In diesem Film geht es um die massive Gewalt, die Simona, Mutter einer 10-j\u00e4hrigen und einer 5-j\u00e4hrigen Tochter, durch den Vater ihrer zweiten Tochter erlebt hat. Neben den Schilderungen der Mutter Simona und der Grossmutter kommen auch die beiden Kinder ausf\u00fchrlich zu Wort. Im Spiel mit der Grossmutter und im Gespr\u00e4ch mit einer Kinderphilosophin zeigen sie ihre Sicht auf das Gewaltgeschehen. Die Kinder beschreiben die erlebten Gewaltsituationen und diskutieren \u00fcber Begriffe wie Vertrauen, Schutz, Angst, Mut, Familie, Zusammenhalt und Traurigkeit. Sie schildern, was ihnen guttut und welche Schwierigkeiten sie heute haben.<\/p>\n<\/div>\n\n\n\n<div class=\"wp-block-group is-style-box-color has-black-color has-text-color is-layout-flow wp-block-group-is-layout-flow\">\n<h3 class=\"has-light-red-color-background-color has-background wp-block-heading\">C\u00e9cile: \u00abDas Herz ist eine Tonne schwer\u00bb<\/h3>\n\n\n\n<p><a href=\"https:\/\/youtu.be\/DjRdHG7bpXg\">Film<\/a> von 2017, 21 Minuten.<br>Die 22-j\u00e4hrige C\u00e9cile hat in ihrer Kindheit und Jugend immer wieder Gewalt zwischen ihren Eltern miterlebt. Sie beschreibt im Film, wie sich die Drohungen und die Gewalt des Vaters gegen\u00fcber der Mutter auf sie als Kind ausgewirkt haben, und sie beschreibt ihre \u00c4ngste, Gedanken und Reaktionen. Sie schildert, wie die Trennung der Eltern die Gewalt in gewisser Hinsicht noch versch\u00e4rft hat. Offen l\u00e4sst sie den\/die Betrachter\/in an Momenten der Selbstgef\u00e4hrdung teilhaben. In verschiedenen Facetten beschreibt C\u00e9cile, wie sie das Erlebte heute einordnet und was ihr bei der Bew\u00e4ltigung geholfen hat.<\/p>\n<\/div>\n\n\n\n<div class=\"wp-block-group is-style-box-color has-black-color has-text-color is-layout-flow wp-block-group-is-layout-flow\">\n<h3 class=\"has-light-red-color-background-color has-background wp-block-heading\">Nicola: \u00abAls h\u00e4tte ich einen toten Punkt in mir\u00bb<\/h3>\n\n\n\n<p><a href=\"https:\/\/youtu.be\/LSgLFCtxTBY\">Film<\/a> von 2017, 18 Minuten.<br>Nicola, 18-j\u00e4hrig, erz\u00e4hlt von seinen Erfahrungen als Junge mit dunkler Hautfarbe in der Schweiz und von seinem gewaltt\u00e4tigen Vater. Wie er sich anf\u00e4nglich nach ihm gesehnt und ihn sp\u00e4ter gef\u00fcrchtet und gehasst hat. Als Ausgangspunkt nimmt Nicola einen gef\u00fchlten \u00abtoten Punkt\u00bb. Er erz\u00e4hlt, wie schwierig es war, sich wertvoll zu f\u00fchlen, und was ihm dabei geholfen hat. Insbesondere schildert er, wie er daran gearbeitet hat, den \u00abtoten Punkt\u00bb zu \u00fcberwinden, sich nicht mehr nur als Beobachter seines Lebens, sondern selbst lebendig zu f\u00fchlen.<\/p>\n<\/div>\n\n\n\n<div class=\"wp-block-group is-style-box-color has-black-color has-text-color is-layout-flow wp-block-group-is-layout-flow\">\n<h3 class=\"has-light-red-color-background-color has-background wp-block-heading\">Lisa: \u00abSie zerrt mich an der einen Hand, er reisst mich an der andern\u00bb<\/h3>\n\n\n\n<p><a href=\"https:\/\/youtu.be\/iHA1M4fNsJw\">Film<\/a> von 2017, 17 Minuten.<br>Heute ist Lisa 26 Jahre alt. Als sie etwa sieben Jahre alt war, erwachte sie eines Morgens wegen eines Streits ihrer Eltern. Zuvor hatte es an Abenden regelm\u00e4ssig laut ausgetragene Konflikte zwischen den Eltern gegeben, was Lisa ohnm\u00e4chtig weinend mith\u00f6rte. An diesem Morgen packte ihre Mutter sie bei der Hand, um mit ihr von Zuhause wegzu- gehen, zur Oma. Der Vater riss von der anderen Seite her an ihr. F\u00fcr Lisa eine schreckliche Erinnerung. Danach sah sie den Vater lange nicht mehr, bis Wochenendbesuche bei ihm eingerichtet wurden. Diese Wochenenden erschienen Lisa damals wie verloren. Seither hat sich Lisa viel mit dem Erleben der elterlichen Streitigkeiten auseinandergesetzt. Im Film erz\u00e4hlt sie \u00fcber ihre Gef\u00fchle von damals und in eigenen Paarbeziehungen heute. Wie es ihr immer noch schwerf\u00e4llt, sich wertgesch\u00e4tzt zu f\u00fchlen, und wie schnell sie sich alleingelassen f\u00fchlt.<\/p>\n<\/div>\n\n\n\n<div class=\"wp-block-group is-style-box-color has-black-color has-text-color is-layout-flow wp-block-group-is-layout-flow\">\n<h3 class=\"has-light-red-color-background-color has-background wp-block-heading\">Martin: \u00abAm meisten schmerzt mich, was ich den Kindern angetan habe\u00bb<\/h3>\n\n\n\n<p><a href=\"https:\/\/youtu.be\/gX4QkDYq3lU\">Film<\/a> von 2017, 15 Minuten.<br>Martin hat seine Frau geschlagen, mehrfach. Er ist Vater von f\u00fcnf Kindern, die jetzt in einem Heim leben. Seine Frau und er sind getrennt. Martin hat das Lernprogramm gegen Gewalt in Ehe, Familie und Partnerschaft absolviert und k\u00e4mpft heute darum, die Kinder wieder nach Hause nehmen zu k\u00f6nnen. Was hat dazu gef\u00fchrt, dass er gewaltt\u00e4tig geworden ist? Und wie \u00e4ndert man solches Verhalten? Was ben\u00f6tigen Kinder von ihren Eltern und wie kann ein ehemals gewaltt\u00e4tiger Mann von den Beh\u00f6rden und Institutionen als f\u00fcrsorglicher Vater wahrgenommen werden? Mit diesen Fragen besch\u00e4ftigt Martin sich im Film und sucht nach Antworten.<\/p>\n<\/div>\n","protected":false},"excerpt":{"rendered":"<p>Kinderschutz Schweiz Diese Filme geh\u00f6ren ruz Themenmappe &#8220;Es soll aufh\u00f6ren!&#8221;www.kinderschutz.ch\/angebote\/praventionsangebote\/es-soll-aufhorenvon der Stiftung Kinderschutz Schweiz Simona: \u00abMeine T\u00f6chter haben viel zu viel miterlebt\u00bb Film von 2017, 27 Minuten.In diesem Film geht es um die massive Gewalt, die Simona, Mutter einer 10-j\u00e4hrigen und einer 5-j\u00e4hrigen Tochter, durch den Vater ihrer zweiten Tochter erlebt hat. Neben den Schilderungen [&hellip;]<\/p>\n","protected":false},"author":8,"featured_media":0,"parent":2612,"menu_order":0,"comment_status":"closed","ping_status":"closed","template":"","meta":{"_acf_changed":false,"footnotes":""},"class_list":["post-2557","page","type-page","status-publish","hentry"],"acf":[],"aioseo_notices":[],"_links":{"self":[{"href":"https:\/\/www.kidstoo.ch\/de\/wp-json\/wp\/v2\/pages\/2557","targetHints":{"allow":["GET"]}}],"collection":[{"href":"https:\/\/www.kidstoo.ch\/de\/wp-json\/wp\/v2\/pages"}],"about":[{"href":"https:\/\/www.kidstoo.ch\/de\/wp-json\/wp\/v2\/types\/page"}],"author":[{"embeddable":true,"href":"https:\/\/www.kidstoo.ch\/de\/wp-json\/wp\/v2\/users\/8"}],"replies":[{"embeddable":true,"href":"https:\/\/www.kidstoo.ch\/de\/wp-json\/wp\/v2\/comments?post=2557"}],"version-history":[{"count":2,"href":"https:\/\/www.kidstoo.ch\/de\/wp-json\/wp\/v2\/pages\/2557\/revisions"}],"predecessor-version":[{"id":3915,"href":"https:\/\/www.kidstoo.ch\/de\/wp-json\/wp\/v2\/pages\/2557\/revisions\/3915"}],"up":[{"embeddable":true,"href":"https:\/\/www.kidstoo.ch\/de\/wp-json\/wp\/v2\/pages\/2612"}],"wp:attachment":[{"href":"https:\/\/www.kidstoo.ch\/de\/wp-json\/wp\/v2\/media?parent=2557"}],"curies":[{"name":"wp","href":"https:\/\/api.w.org\/{rel}","templated":true}]}}