{"id":2465,"date":"2024-02-23T13:40:21","date_gmt":"2024-02-23T12:40:21","guid":{"rendered":"https:\/\/www.kidstoo.ch\/projets_0\/brisons-le-silence\/"},"modified":"2026-03-10T11:29:52","modified_gmt":"2026-03-10T10:29:52","slug":"brisons-le-silence","status":"publish","type":"page","link":"https:\/\/www.kidstoo.ch\/de\/projets-2\/brisons-le-silence\/","title":{"rendered":"Brisons le Silence"},"content":{"rendered":"\n<h2 class=\"wp-block-heading\">Brechen wir das Schweigen (&#8220;Brisons le silence!&#8221;)<\/h2>\n\n\n\n<div class=\"wp-block-group is-style-box-color has-black-color has-white-background-color has-text-color has-background is-layout-flow wp-block-group-is-layout-flow\">\n<p class=\"is-style-heading-p\">Brisons le silence! ist ein Projekt zur Sensibilisierung f\u00fcr Gewalt in der Partnerschaft. Anhand von 7 animierten Videos, die von Schweizer K\u00fcnstlern geschaffen wurden, stellt das Projekt die oft unsichtbaren Formen der Gewalt dar und ermutigt dazu, den Opfern zuzuh\u00f6ren und sie zu unterst\u00fctzen.<\/p>\n\n\n\n<p>Unter der Leitung von <a href=\"https:\/\/decadree.com\/\">D\u00e9cadr\u00e9E <\/a>und produziert von <a href=\"https:\/\/nousprod.ch\/\">Nous Prod<\/a>, st\u00fctzt sich das Projekt auf Aussagen von Personen unterschiedlichen Alters, Geschlechts und Herkunft, die verschiedene Arten von h\u00e4uslicher Gewalt (sexuell, physisch, psychologisch, wirtschaftlich) illustrieren. Zus\u00e4tzlich zu den Videos wurde ein Sensibilisierungstraining f\u00fcr das Team organisiert, und es werden p\u00e4dagogische Ressourcen zur Begleitung der Diskussionen bereitgestellt.<\/p>\n\n\n\n<div class=\"wp-block-columns is-layout-flex wp-container-core-columns-is-layout-9d6595d7 wp-block-columns-is-layout-flex\">\n<div class=\"wp-block-column is-layout-flow wp-block-column-is-layout-flow\" style=\"flex-basis:65%\">\n<figure class=\"wp-block-image size-full\"><img loading=\"lazy\" decoding=\"async\" width=\"2560\" height=\"1709\" src=\"https:\/\/www.kidstoo.ch\/app\/uploads\/BrisonsLeSilence_Lancement-scaled.jpg\" alt=\"\" class=\"wp-image-1288\" srcset=\"https:\/\/www.kidstoo.ch\/app\/uploads\/BrisonsLeSilence_Lancement-scaled.jpg 2560w, https:\/\/www.kidstoo.ch\/app\/uploads\/BrisonsLeSilence_Lancement-300x200.jpg 300w, https:\/\/www.kidstoo.ch\/app\/uploads\/BrisonsLeSilence_Lancement-1024x684.jpg 1024w, https:\/\/www.kidstoo.ch\/app\/uploads\/BrisonsLeSilence_Lancement-768x513.jpg 768w, https:\/\/www.kidstoo.ch\/app\/uploads\/BrisonsLeSilence_Lancement-1536x1025.jpg 1536w, https:\/\/www.kidstoo.ch\/app\/uploads\/BrisonsLeSilence_Lancement-2048x1367.jpg 2048w, https:\/\/www.kidstoo.ch\/app\/uploads\/BrisonsLeSilence_Lancement-449x300.jpg 449w\" sizes=\"auto, (max-width: 2560px) 100vw, 2560px\" \/><\/figure>\n<\/div>\n\n\n\n<div class=\"wp-block-column is-layout-flow wp-block-column-is-layout-flow\" style=\"flex-basis:35%\">\n<p>Das Projekt wird von der Stiftung KidsToo finanziell unterst\u00fctzt, was unter anderem die Erstellung von Versionen mit deutschen Untertiteln erm\u00f6glichte. Eine zus\u00e4tzliche Unterst\u00fctzung im Jahr 2023 erm\u00f6glichte die Erstellung einer deutschsprachigen Audioversion.<\/p>\n<\/div>\n<\/div>\n\n\n\n<p>Das Endergebnis (<a href=\"https:\/\/decadree.com\/brisonslesilence\/brisonslesilence\/videos\/\">FR<\/a>) ist auf der daf\u00fcr vorgesehenen Website zu sehen.<\/p>\n\n\n\n<p>Die Videos sind auch auf der Play <a href=\"https:\/\/www.rts.ch\/play\/recherche?query=brisons+le+silence&amp;shows=urn%3Arts%3Ashow%3Atv%3A10844101\">RTS<\/a>-Website zu sehen.<\/p>\n\n\n\n<p>Die franz\u00f6sischen Videos wurden mit deutschen Untertiteln versehen. Die &#8220;vimeo&#8221;-Links zu ihnen sind im <a href=\"https:\/\/www.kidstoo.ch\/app\/uploads\/Brisons-le-silence_FR.pdf\">beigef\u00fcgten<\/a> Dokument aufgelistet.<\/p>\n\n\n\n<div class=\"wp-block-buttons is-layout-flex wp-block-buttons-is-layout-flex\">\n<div class=\"wp-block-button\"><a class=\"wp-block-button__link has-white-color has-main-color-background-color has-text-color has-background has-link-color wp-element-button\" href=\"https:\/\/brisonslesilence.ch\/fr\/videos\">Videos (FR)<\/a><\/div>\n\n\n\n<div class=\"wp-block-button\"><a class=\"wp-block-button__link has-white-color has-main-color-background-color has-text-color has-background has-link-color wp-element-button\" href=\"https:\/\/www.rts.ch\/play\/recherche?query=brisons+le+silence&amp;shows=urn%3Arts%3Ashow%3Atv%3A10844101\">Videos (Play RTS) (FR)<\/a><\/div>\n\n\n\n<div class=\"wp-block-button\"><a class=\"wp-block-button__link has-white-color has-main-color-background-color has-text-color has-background has-link-color wp-element-button\" href=\"https:\/\/decadree.com\/brisonslesilence\/brisonslesilence\/agir\/social-sante-enseignement\/\">P\u00e4dagogische Ressourcen (FR)<\/a><\/div>\n<\/div>\n<\/div>\n\n\n\n<div class=\"wp-block-group is-style-box-color has-black-color has-white-background-color has-text-color has-background is-layout-flow wp-block-group-is-layout-flow\">\n<h3 class=\"wp-block-heading\">Die deutsche und die italienische Version<\/h3>\n\n\n\n<p>Eine Version mit dem <strong>deutschen <\/strong>Tonteil wurde mit Unterst\u00fctzung der KidsToo-Stiftung erstellt (<a href=\"https:\/\/brisonslesilence.ch\/de\/videos-de\" title=\"\">hier<\/a>).<br><br>Es gibt auch eine Version auf <strong>Italienisch <\/strong>(<a href=\"https:\/\/brisonslesilence.ch\/it\/video\" title=\"\">hier<\/a>).<br><br><\/p>\n<\/div>\n","protected":false},"excerpt":{"rendered":"<p>Brechen wir das Schweigen (&#8220;Brisons le silence!&#8221;) Brisons le silence! ist ein Projekt zur Sensibilisierung f\u00fcr Gewalt in der Partnerschaft. Anhand von 7 animierten Videos, die von Schweizer K\u00fcnstlern geschaffen wurden, stellt das Projekt die oft unsichtbaren Formen der Gewalt dar und ermutigt dazu, den Opfern zuzuh\u00f6ren und sie zu unterst\u00fctzen. Unter der Leitung von [&hellip;]<\/p>\n","protected":false},"author":8,"featured_media":0,"parent":6313,"menu_order":2,"comment_status":"closed","ping_status":"closed","template":"","meta":{"_acf_changed":false,"footnotes":""},"class_list":["post-2465","page","type-page","status-publish","hentry"],"acf":[],"aioseo_notices":[],"_links":{"self":[{"href":"https:\/\/www.kidstoo.ch\/de\/wp-json\/wp\/v2\/pages\/2465","targetHints":{"allow":["GET"]}}],"collection":[{"href":"https:\/\/www.kidstoo.ch\/de\/wp-json\/wp\/v2\/pages"}],"about":[{"href":"https:\/\/www.kidstoo.ch\/de\/wp-json\/wp\/v2\/types\/page"}],"author":[{"embeddable":true,"href":"https:\/\/www.kidstoo.ch\/de\/wp-json\/wp\/v2\/users\/8"}],"replies":[{"embeddable":true,"href":"https:\/\/www.kidstoo.ch\/de\/wp-json\/wp\/v2\/comments?post=2465"}],"version-history":[{"count":15,"href":"https:\/\/www.kidstoo.ch\/de\/wp-json\/wp\/v2\/pages\/2465\/revisions"}],"predecessor-version":[{"id":11594,"href":"https:\/\/www.kidstoo.ch\/de\/wp-json\/wp\/v2\/pages\/2465\/revisions\/11594"}],"up":[{"embeddable":true,"href":"https:\/\/www.kidstoo.ch\/de\/wp-json\/wp\/v2\/pages\/6313"}],"wp:attachment":[{"href":"https:\/\/www.kidstoo.ch\/de\/wp-json\/wp\/v2\/media?parent=2465"}],"curies":[{"name":"wp","href":"https:\/\/api.w.org\/{rel}","templated":true}]}}