{"id":10121,"date":"2025-08-28T08:28:19","date_gmt":"2025-08-28T06:28:19","guid":{"rendered":"https:\/\/www.kidstoo.ch\/projets-2\/arg-contre-projet-ga\/"},"modified":"2025-10-16T08:19:27","modified_gmt":"2025-10-16T06:19:27","slug":"arg-contre-projet-ga","status":"publish","type":"page","link":"https:\/\/www.kidstoo.ch\/de\/projets-2\/arg-contre-projet-ga\/","title":{"rendered":"Argumentaire contre le projet de loi 21.449 favorisant la garde altern\u00e9e"},"content":{"rendered":"\n<h2 class=\"wp-block-heading\"><strong>Pas de garde altern\u00e9e en cas de violence domestique !<\/strong><\/h2>\n\n\n\n<p>Imposer la garde altern\u00e9e comme mod\u00e8le par d\u00e9faut met les enfants et les victimes en danger.<br>Les juges, d\u00e9j\u00e0 surcharg\u00e9s, n\u2019ont ni le temps ni les moyens d\u2019investiguer correctement les violences. Trop souvent, m\u00eame lorsque les violences sont av\u00e9r\u00e9es, le lien parental est maintenu avec le parent violent.<\/p>\n\n\n\n<p>En 2025, <strong>23 f\u00e9minicides<\/strong> ont d\u00e9j\u00e0 eu lieu alors que nous ne sommes qu\u2019en septembre. On le sait, la s\u00e9paration est un facteur d\u00e9terminant des f\u00e9minicides. La violence ne s\u2019arr\u00eate pas \u00e0 la s\u00e9paration, elle change de forme. Les institutions, parfois malgr\u00e9 elles, peuvent devenir complices de ces violences, et les enfants sont trop souvent instrumentalis\u00e9s pour nuire.<\/p>\n\n\n\n<p>La fondation <strong>KidsToo<\/strong> a r\u00e9dig\u00e9 un <strong>argumentaire contre le projet de loi 21.449 favorisant la garde altern\u00e9e<\/strong>. Il est t\u00e9l\u00e9chargeable plus bas.<\/p>\n\n\n\n<p>Les institutions concern\u00e9es sont invit\u00e9es \u00e0 le <strong>co-signer d\u2019ici le 1er octobre<\/strong> <strong>2025<\/strong>.<br><br><br><strong><em>&#8211; update 15 octobre &#8211;<\/em><\/strong><br><br>KidsToo a remis \u00e0 la Commission des affaires juridiques son argumentaire contre le projet de loi sur la garde altern\u00e9e afin d\u2019attirer l\u2019attention sur les risques majeurs que ce dispositif comporte dans les situations de violence domestique.<br>Nous tenons \u00e0 <strong>remercier chaleureusement toutes les institutions<\/strong> qui ont choisi de <strong>co-signer cet argumentaire<\/strong>\ud83d\ude4f<br>Nous souhaitons \u00e9galement exprimer notre profonde reconnaissance aux personnes qui ont partag\u00e9 leur exp\u00e9rience avec courage. Parce que chaque institution apporte son expertise et sa sensibilit\u00e9, ensemble nous formons une force collective au service des enfants expos\u00e9s \u00e0 la violence<\/p>\n\n\n\n<p>\ud83d\udce9 Contact : <a href=\"mailto:kidstoo@protonmail.ch\" title=\"\">kidstoo@protonmail.ch<\/a><br><br><\/p>\n\n\n\n    <div class=\"accordions \">\n                        <div class=\"accordion-item\">\n                    <div class=\"accordion-header\">\n                        <h3>Documents \u00e0 t\u00e9l\u00e9charger<\/h3>\n                    <\/div>\n                    <div class=\"accordion-content\">\n                        <ul>\n<li><a href=\"https:\/\/www.kidstoo.ch\/app\/uploads\/KidsToo_21-449_Garde_alternee_argumentaireFinal.pdf\">ARGUMENTAIRE KIDSTOO, co-sign\u00e9 par 10 institutions<\/a><\/li>\n<li><a href=\"https:\/\/www.kidstoo.ch\/app\/uploads\/Projet_fedlex-data-admin-ch-eli-dl-proj-2025-56-cons_1-doc_1-fr-pdf-a.pdf\">PROJET MIS EN CONSULTATION<\/a><\/li>\n<li><a href=\"https:\/\/www.kidstoo.ch\/app\/uploads\/Rapport_fedlex-data-admin-ch-eli-dl-proj-2025-56-cons_1-doc_2-fr-pdf-a.pdf\">RAPPORT EXPLICATIF<\/a><\/li>\n<li><a href=\"https:\/\/www.kidstoo.ch\/app\/uploads\/Synopsis_fedlex-data-admin-ch-eli-dl-proj-2025-56-cons_1-doc_5-fr-pdf-a.pdf\">TABLEAU SYNOPTIQUE<\/a><\/li>\n<li><a href=\"https:\/\/www.kidstoo.ch\/app\/uploads\/24heures_Garde_Kamerzin_20250731.pdf\">ARTICLE 24H,\u00a0 interview Kamerzin<\/a><\/li>\n<li><a href=\"https:\/\/www.24heures.ch\/violences-domestiques-la-catastrophe-de-la-garde-alternee-713602703401\">ARTICLE 24H, interview KidsToo<\/a><\/li>\n<\/ul>\n                    <\/div>\n                <\/div>\n            <\/div>\n\n\n\n\n<figure class=\"wp-block-image size-full\"><img loading=\"lazy\" decoding=\"async\" width=\"1080\" height=\"1350\" src=\"https:\/\/www.kidstoo.ch\/app\/uploads\/20250903-visuel-contre-GA.png\" alt=\"\" class=\"wp-image-10058\" srcset=\"https:\/\/www.kidstoo.ch\/app\/uploads\/20250903-visuel-contre-GA.png 1080w, https:\/\/www.kidstoo.ch\/app\/uploads\/20250903-visuel-contre-GA-240x300.png 240w, https:\/\/www.kidstoo.ch\/app\/uploads\/20250903-visuel-contre-GA-819x1024.png 819w, https:\/\/www.kidstoo.ch\/app\/uploads\/20250903-visuel-contre-GA-768x960.png 768w\" sizes=\"auto, (max-width: 1080px) 100vw, 1080px\" \/><\/figure>\n","protected":false},"excerpt":{"rendered":"<p>Pas de garde altern\u00e9e en cas de violence domestique ! Imposer la garde altern\u00e9e comme mod\u00e8le par d\u00e9faut met les enfants et les victimes en danger.Les juges, d\u00e9j\u00e0 surcharg\u00e9s, n\u2019ont ni le temps ni les moyens d\u2019investiguer correctement les violences. Trop souvent, m\u00eame lorsque les violences sont av\u00e9r\u00e9es, le lien parental est maintenu avec le [&hellip;]<\/p>\n","protected":false},"author":9,"featured_media":0,"parent":6313,"menu_order":0,"comment_status":"closed","ping_status":"closed","template":"","meta":{"_acf_changed":false,"footnotes":""},"class_list":["post-10121","page","type-page","status-publish","hentry"],"acf":[],"aioseo_notices":[],"_links":{"self":[{"href":"https:\/\/www.kidstoo.ch\/de\/wp-json\/wp\/v2\/pages\/10121","targetHints":{"allow":["GET"]}}],"collection":[{"href":"https:\/\/www.kidstoo.ch\/de\/wp-json\/wp\/v2\/pages"}],"about":[{"href":"https:\/\/www.kidstoo.ch\/de\/wp-json\/wp\/v2\/types\/page"}],"author":[{"embeddable":true,"href":"https:\/\/www.kidstoo.ch\/de\/wp-json\/wp\/v2\/users\/9"}],"replies":[{"embeddable":true,"href":"https:\/\/www.kidstoo.ch\/de\/wp-json\/wp\/v2\/comments?post=10121"}],"version-history":[{"count":3,"href":"https:\/\/www.kidstoo.ch\/de\/wp-json\/wp\/v2\/pages\/10121\/revisions"}],"predecessor-version":[{"id":10366,"href":"https:\/\/www.kidstoo.ch\/de\/wp-json\/wp\/v2\/pages\/10121\/revisions\/10366"}],"up":[{"embeddable":true,"href":"https:\/\/www.kidstoo.ch\/de\/wp-json\/wp\/v2\/pages\/6313"}],"wp:attachment":[{"href":"https:\/\/www.kidstoo.ch\/de\/wp-json\/wp\/v2\/media?parent=10121"}],"curies":[{"name":"wp","href":"https:\/\/api.w.org\/{rel}","templated":true}]}}